{"id":21058,"date":"2021-03-30T21:42:14","date_gmt":"2021-03-30T18:42:14","guid":{"rendered":"https:\/\/hookahshop.lt\/?post_type=product&#038;p=21058"},"modified":"2026-04-21T23:29:34","modified_gmt":"2026-04-21T20:29:34","slug":"kandiklis-kaljanui-arma-metal","status":"publish","type":"product","link":"https:\/\/hookahshop.lt\/pl\/produkt\/ustnik-do-fajki-wodnej-arma-metal\/","title":{"rendered":"Zawieszka do fajki wodnej ARMA Metal"},"content":{"rendered":"<h2>Zawieszka do fajki wodnej ARMA Metal<\/h2>\n<p>Jednocz\u0119\u015bciowy integralny ustnik, odpowiedni do prawie wszystkich w\u0119\u017cy silikonowych. Nadaje si\u0119 do r\u00f3\u017cnych rodzaj\u00f3w ustnik\u00f3w jednorazowych.<\/p>\n<p>Czy masz jakie\u015b pytania? Skontaktuj si\u0119 z nami\u00a0<a href=\"https:\/\/hookahshop.lt\/pl\/lacznosc\/\">strona z kontaktami<\/a>\u00a0lub napisz do nas na adres\u00a0<a href=\"https:\/\/facebook.com\/HookahShop.lt\/\" target=\"_blank\" rel=\"noopener noreferrer\">konto na Facebooku<\/a>\u00a0a my odpowiemy na Twoj\u0105 pro\u015bb\u0119 tego samego dnia.<\/p>","protected":false},"excerpt":{"rendered":"<p>Ustnik do fajki wodnej ARMA Metal Jednocz\u0119\u015bciowy, nieroz\u0142\u0105czny ustnik, pasuj\u0105cy do prawie wszystkich w\u0119\u017cy silikonowych. Nadaje si\u0119 do r\u00f3\u017cnych typ\u00f3w ustnik\u00f3w jednorazowych. Czy masz jakie\u015b pytania? Skontaktuj si\u0119 z nami na stronie kontaktowej lub napisz do nas na naszym koncie na Facebooku, a my odpowiemy na Twoj\u0105 pro\u015bb\u0119 jeszcze tego samego dnia.<\/p>","protected":false},"featured_media":21059,"comment_status":"open","ping_status":"closed","template":"","meta":[],"_links":{"self":[{"href":"https:\/\/hookahshop.lt\/pl\/wp-json\/wp\/v2\/product\/21058"}],"collection":[{"href":"https:\/\/hookahshop.lt\/pl\/wp-json\/wp\/v2\/product"}],"about":[{"href":"https:\/\/hookahshop.lt\/pl\/wp-json\/wp\/v2\/types\/product"}],"replies":[{"embeddable":true,"href":"https:\/\/hookahshop.lt\/pl\/wp-json\/wp\/v2\/comments?post=21058"}],"version-history":[{"count":3,"href":"https:\/\/hookahshop.lt\/pl\/wp-json\/wp\/v2\/product\/21058\/revisions"}],"predecessor-version":[{"id":24022,"href":"https:\/\/hookahshop.lt\/pl\/wp-json\/wp\/v2\/product\/21058\/revisions\/24022"}],"wp:featuredmedia":[{"embeddable":true,"href":"https:\/\/hookahshop.lt\/pl\/wp-json\/wp\/v2\/media\/21059"}],"wp:attachment":[{"href":"https:\/\/hookahshop.lt\/pl\/wp-json\/wp\/v2\/media?parent=21058"}],"curies":[{"name":"wp","href":"https:\/\/api.w.org\/{rel}","templated":true}]}}