{"id":21068,"date":"2021-03-31T18:14:38","date_gmt":"2021-03-31T15:14:38","guid":{"rendered":"https:\/\/hookahshop.lt\/?post_type=product&#038;p=21068"},"modified":"2026-05-14T23:29:00","modified_gmt":"2026-05-14T20:29:00","slug":"kaljanas-vyro-x-moze-noir","status":"publish","type":"product","link":"https:\/\/hookahshop.lt\/pl\/produkt\/hookah-man-x-moze-noir\/","title":{"rendered":"Szisza M\u0118SKA x Moze Noir"},"content":{"rendered":"<h2>Szisza M\u0118SKA x Moze Noir<\/h2>\n<p>Fajka wodna wykonana jest z POM (polioksymetylenu), prawdziwego w\u0119gla i stali nierdzewnej V2A 1.4301. Uwag\u0119 zwraca specjalny system oddymiania, kt\u00f3ry r\u00f3wnomiernie odprowadza dym w g\u00f3r\u0119 iw d\u00f3\u0142. Polioksymetylen (POM) ma ogromn\u0105 twardo\u015b\u0107, wytrzyma\u0142o\u015b\u0107 i jako\u015b\u0107 powierzchni dzi\u0119ki wysokiej g\u0119sto\u015bci 1,39-1,42 g\/cm\u00b3. Opr\u00f3cz dobrych w\u0142a\u015bciwo\u015bci \u015blizgowych i \u015bcieralnych oraz wysokiej odporno\u015bci na ciep\u0142o, POM charakteryzuje si\u0119 szczeg\u00f3lnie du\u017c\u0105 stabilno\u015bci\u0105 wymiarow\u0105. Dlatego POM jest z powodzeniem stosowany jako materia\u0142 konstrukcyjny do cz\u0119\u015bci toczonych z tworzyw sztucznych<\/p>\n<p>Czy masz jakie\u015b pytania? Skontaktuj si\u0119 z nami <a href=\"https:\/\/hookahshop.lt\/pl\/lacznosc\/\">strona z kontaktami<\/a>\u00a0lub napisz do nas na adres\u00a0<a href=\"https:\/\/facebook.com\/HookahShop.lt\/\" target=\"_blank\" rel=\"noopener noreferrer\">konto na Facebooku<\/a>\u00a0a my odpowiemy na Twoj\u0105 pro\u015bb\u0119 tego samego dnia.<\/p>","protected":false},"excerpt":{"rendered":"<p>Szisza wodna VYRO x Moze Noir Szisza wykonana jest z POM (polioksymetylenu), prawdziwego w\u0119gla i stali nierdzewnej V2A 1.4301.  Uwag\u0119 zwraca specjalny system oddymiania, kt\u00f3ry r\u00f3wnomiernie odprowadza dym w g\u00f3r\u0119 i w d\u00f3\u0142. Polioksymetylen (POM) ma ogromn\u0105 twardo\u015b\u0107, wytrzyma\u0142o\u015b\u0107 i jako\u015b\u0107 powierzchni dzi\u0119ki wysokiej g\u0119sto\u015bci 1,39-1,42 g\/cm3. Opr\u00f3cz dobrych w\u0142a\u015bciwo\u015bci \u015blizgowych i przeciwzu\u017cyciowych oraz wysokiej [\u2026]<\/p>","protected":false},"featured_media":21751,"comment_status":"open","ping_status":"closed","template":"","meta":[],"_links":{"self":[{"href":"https:\/\/hookahshop.lt\/pl\/wp-json\/wp\/v2\/product\/21068"}],"collection":[{"href":"https:\/\/hookahshop.lt\/pl\/wp-json\/wp\/v2\/product"}],"about":[{"href":"https:\/\/hookahshop.lt\/pl\/wp-json\/wp\/v2\/types\/product"}],"replies":[{"embeddable":true,"href":"https:\/\/hookahshop.lt\/pl\/wp-json\/wp\/v2\/comments?post=21068"}],"version-history":[{"count":3,"href":"https:\/\/hookahshop.lt\/pl\/wp-json\/wp\/v2\/product\/21068\/revisions"}],"predecessor-version":[{"id":44538,"href":"https:\/\/hookahshop.lt\/pl\/wp-json\/wp\/v2\/product\/21068\/revisions\/44538"}],"wp:featuredmedia":[{"embeddable":true,"href":"https:\/\/hookahshop.lt\/pl\/wp-json\/wp\/v2\/media\/21751"}],"wp:attachment":[{"href":"https:\/\/hookahshop.lt\/pl\/wp-json\/wp\/v2\/media?parent=21068"}],"curies":[{"name":"wp","href":"https:\/\/api.w.org\/{rel}","templated":true}]}}