{"id":21082,"date":"2021-03-31T18:48:18","date_gmt":"2021-03-31T15:48:18","guid":{"rendered":"https:\/\/hookahshop.lt\/?post_type=product&#038;p=21082"},"modified":"2026-04-15T23:29:13","modified_gmt":"2026-04-15T20:29:13","slug":"taurele-kaljanui-moon-phunnel-marble-red","status":"publish","type":"product","link":"https:\/\/hookahshop.lt\/pl\/produkt\/kubek-szisza-ksiezyc-lejek-marmurkowy\/","title":{"rendered":"Kubek do fajki wodnej MOON Phunnel Marble Red czarny"},"content":{"rendered":"<h2>Kubek do fajki wodnej MOON Phunnel Marble Red czarny<\/h2>\n<p>R\u0119cznie robiony, doskona\u0142e wykonanie, wykonany z wysokiej jako\u015bci gliny, szkliwiony kubek. Produkowane s\u0105 w Rosji, nowe na rynku, a pracowa\u0142y nad nimi te same osoby, kt\u00f3re tworzy\u0142y fili\u017canki Oblaka. Wysokiej jako\u015bci glina i glazura to idealne po\u0142\u0105czenie.<br \/>\nNar\u00f3d nadaje si\u0119 zar\u00f3wno do ciemnego, jak i jasnego tytoniu.<br \/>\nPojemno\u015b\u0107 kubka to oko\u0142o 15 g (w zale\u017cno\u015bci od zastosowanego sposobu pakowania).<\/p>\n<p>Do rozprowadzania tytoniu w kubku do\u0142\u0105czony jest drewniany widelec.<\/p>\n<p><strong>Charakterystyka:<\/strong><br \/>\nMateria\u0142: glina<br \/>\nWysoko\u015b\u0107: ~12 cm<br \/>\nSzeroko\u015b\u0107: ~7,8 cm<br \/>\nPojemno\u015b\u0107: ~1,3 cm<br \/>\nKraj pochodzenia: Rosja<\/p>\n<p>Czy masz jakie\u015b pytania? Skontaktuj si\u0119 z nami\u00a0<a href=\"https:\/\/hookahshop.lt\/pl\/lacznosc\/\">strona z kontaktami<\/a>\u00a0lub napisz do nas na adres\u00a0<a href=\"https:\/\/facebook.com\/HookahShop.lt\/\" target=\"_blank\" rel=\"noopener noreferrer\">konto na Facebooku<\/a>\u00a0a my odpowiemy na Twoj\u0105 pro\u015bb\u0119 tego samego dnia.<\/p>","protected":false},"excerpt":{"rendered":"<p>Kubek na fajk\u0119 wodn\u0105 MOON Phunnel Marmurowy Czerwony czarny R\u0119cznie wykonany, doskona\u0142e wykonanie, z wysokiej jako\u015bci gliny, kubek szkliwiony. Produkowane s\u0105 w nowej na rynku Rosji, a pracowa\u0142y nad nimi te same osoby, kt\u00f3re pracowa\u0142y przy tworzeniu kubk\u00f3w Oblaka. Wysokiej jako\u015bci glina i szkliwo to po\u0142\u0105czenie idealne. Miska nadaje si\u0119 zar\u00f3wno do ciemnych, jak i jasnych tytoni. Pojemno\u015b\u0107 kubka to oko\u0142o 15 g (w zale\u017cno\u015bci od [...]<\/p>","protected":false},"featured_media":21592,"comment_status":"open","ping_status":"closed","template":"","meta":[],"_links":{"self":[{"href":"https:\/\/hookahshop.lt\/pl\/wp-json\/wp\/v2\/product\/21082"}],"collection":[{"href":"https:\/\/hookahshop.lt\/pl\/wp-json\/wp\/v2\/product"}],"about":[{"href":"https:\/\/hookahshop.lt\/pl\/wp-json\/wp\/v2\/types\/product"}],"replies":[{"embeddable":true,"href":"https:\/\/hookahshop.lt\/pl\/wp-json\/wp\/v2\/comments?post=21082"}],"version-history":[{"count":7,"href":"https:\/\/hookahshop.lt\/pl\/wp-json\/wp\/v2\/product\/21082\/revisions"}],"predecessor-version":[{"id":27176,"href":"https:\/\/hookahshop.lt\/pl\/wp-json\/wp\/v2\/product\/21082\/revisions\/27176"}],"wp:featuredmedia":[{"embeddable":true,"href":"https:\/\/hookahshop.lt\/pl\/wp-json\/wp\/v2\/media\/21592"}],"wp:attachment":[{"href":"https:\/\/hookahshop.lt\/pl\/wp-json\/wp\/v2\/media?parent=21082"}],"curies":[{"name":"wp","href":"https:\/\/api.w.org\/{rel}","templated":true}]}}