{"id":21090,"date":"2021-03-31T19:06:14","date_gmt":"2021-03-31T16:06:14","guid":{"rendered":"https:\/\/hookahshop.lt\/?post_type=product&#038;p=21090"},"modified":"2026-04-15T23:28:40","modified_gmt":"2026-04-15T20:28:40","slug":"aliuminio-folija-kaljano-taurelems","status":"publish","type":"product","link":"https:\/\/hookahshop.lt\/pl\/produkt\/folia-aluminiowa-do-kubkow-na-fajki-wodne\/","title":{"rendered":"Folia aluminiowa na kubki do fajki wodnej"},"content":{"rendered":"<h2>Folia aluminiowa na kubki do fajki wodnej<\/h2>\n<p>Gotowa do u\u017cycia folia aluminiowa premium. Niezwykle \u0142atwy w u\u017cyciu. Po prostu z\u0142\u00f3\u017c nape\u0142nion\u0105 rurk\u0119, z\u0142\u00f3\u017c kraw\u0119dzie, zr\u00f3b dziury i umie\u015b\u0107 w\u0119gle na wierzchu. Szeroko\u015b\u0107: 12 cm, Grubo\u015b\u0107: 40 mikron\u00f3w.<\/p>\n<p>Czy masz jakie\u015b pytania? Skontaktuj si\u0119 z nami\u00a0<a href=\"https:\/\/hookahshop.lt\/pl\/lacznosc\/\">strona z kontaktami<\/a>\u00a0lub napisz do nas na adres\u00a0<a href=\"https:\/\/facebook.com\/HookahShop.lt\/\" target=\"_blank\" rel=\"noopener noreferrer\">konto na Facebooku<\/a>\u00a0a my odpowiemy na Twoj\u0105 pro\u015bb\u0119 tego samego dnia.<\/p>","protected":false},"excerpt":{"rendered":"<p>Folia aluminiowa do kubk\u00f3w do fajek wodnych Gotowa do u\u017cycia folia aluminiowa najwy\u017cszej jako\u015bci. Niezwykle \u0142atwy w u\u017cyciu. Po prostu z\u0142\u00f3\u017c nape\u0142nion\u0105 rurk\u0119, z\u0142\u00f3\u017c kraw\u0119dzie, zr\u00f3b dziury i umie\u015b\u0107 w\u0119gle na wierzchu. Szeroko\u015b\u0107: 12 cm, Grubo\u015b\u0107: 40 mikron\u00f3w. Czy masz jakie\u015b pytania? Skontaktuj si\u0119 z nami na stronie kontaktowej lub napisz do nas na naszym koncie na Facebooku, a my odpowiemy na Twoj\u0105 pro\u015bb\u0119 jeszcze tego samego dnia.<\/p>","protected":false},"featured_media":21699,"comment_status":"open","ping_status":"closed","template":"","meta":[],"_links":{"self":[{"href":"https:\/\/hookahshop.lt\/pl\/wp-json\/wp\/v2\/product\/21090"}],"collection":[{"href":"https:\/\/hookahshop.lt\/pl\/wp-json\/wp\/v2\/product"}],"about":[{"href":"https:\/\/hookahshop.lt\/pl\/wp-json\/wp\/v2\/types\/product"}],"replies":[{"embeddable":true,"href":"https:\/\/hookahshop.lt\/pl\/wp-json\/wp\/v2\/comments?post=21090"}],"version-history":[{"count":6,"href":"https:\/\/hookahshop.lt\/pl\/wp-json\/wp\/v2\/product\/21090\/revisions"}],"predecessor-version":[{"id":34661,"href":"https:\/\/hookahshop.lt\/pl\/wp-json\/wp\/v2\/product\/21090\/revisions\/34661"}],"wp:featuredmedia":[{"embeddable":true,"href":"https:\/\/hookahshop.lt\/pl\/wp-json\/wp\/v2\/media\/21699"}],"wp:attachment":[{"href":"https:\/\/hookahshop.lt\/pl\/wp-json\/wp\/v2\/media?parent=21090"}],"curies":[{"name":"wp","href":"https:\/\/api.w.org\/{rel}","templated":true}]}}