{"id":21138,"date":"2021-04-03T01:16:53","date_gmt":"2021-04-02T22:16:53","guid":{"rendered":"https:\/\/hookahshop.lt\/?post_type=product&#038;p=21138"},"modified":"2026-05-13T13:51:13","modified_gmt":"2026-05-13T10:51:13","slug":"individualus-kaljano-kandiklis-mun-light-green","status":"publish","type":"product","link":"https:\/\/hookahshop.lt\/pl\/produkt\/niestandardowy-ustnik-do-fajki-wodnej-mun-jasnozielony\/","title":{"rendered":"Indywidualny ustnik do fajki wodnej MUN Jasnozielony"},"content":{"rendered":"<h2>Indywidualny ustnik do fajki wodnej MUN Jasnozielony<\/h2>\n<p>Ustnik do fajki wodnej, kt\u00f3ry emanuje luksusem i estetyk\u0105, wykonany jest z naturalnego drewna. W komplecie tasiemka na karku z logo marki i pude\u0142kiem.<\/p>\n<p>Czy masz jakie\u015b pytania? Skontaktuj si\u0119 z nami\u00a0<a href=\"https:\/\/hookahshop.lt\/pl\/lacznosc\/\">strona z kontaktami<\/a>\u00a0lub napisz do nas na adres\u00a0<a href=\"https:\/\/facebook.com\/HookahShop.lt\/\" target=\"_blank\" rel=\"noopener noreferrer\">konto na Facebooku<\/a>\u00a0a my odpowiemy na Twoj\u0105 pro\u015bb\u0119 tego samego dnia.<\/p>","protected":false},"excerpt":{"rendered":"<p>Indywidualny ustnik do fajki wodnej MUN Jasnozielony Luksusowy i estetyczny ustnik do fajki wodnej wykonany jest z naturalnego drewna. W zestawie markowy pasek na szyj\u0119 i pude\u0142ko. Czy masz jakie\u015b pytania? Skontaktuj si\u0119 z nami na stronie kontaktowej lub napisz do nas na Facebooku, a my odpowiemy na Twoj\u0105 pro\u015bb\u0119 jeszcze tego samego dnia.<\/p>","protected":false},"featured_media":21151,"comment_status":"open","ping_status":"closed","template":"","meta":[],"_links":{"self":[{"href":"https:\/\/hookahshop.lt\/pl\/wp-json\/wp\/v2\/product\/21138"}],"collection":[{"href":"https:\/\/hookahshop.lt\/pl\/wp-json\/wp\/v2\/product"}],"about":[{"href":"https:\/\/hookahshop.lt\/pl\/wp-json\/wp\/v2\/types\/product"}],"replies":[{"embeddable":true,"href":"https:\/\/hookahshop.lt\/pl\/wp-json\/wp\/v2\/comments?post=21138"}],"version-history":[{"count":4,"href":"https:\/\/hookahshop.lt\/pl\/wp-json\/wp\/v2\/product\/21138\/revisions"}],"predecessor-version":[{"id":30454,"href":"https:\/\/hookahshop.lt\/pl\/wp-json\/wp\/v2\/product\/21138\/revisions\/30454"}],"wp:featuredmedia":[{"embeddable":true,"href":"https:\/\/hookahshop.lt\/pl\/wp-json\/wp\/v2\/media\/21151"}],"wp:attachment":[{"href":"https:\/\/hookahshop.lt\/pl\/wp-json\/wp\/v2\/media?parent=21138"}],"curies":[{"name":"wp","href":"https:\/\/api.w.org\/{rel}","templated":true}]}}