{"id":21158,"date":"2021-04-03T17:07:51","date_gmt":"2021-04-03T14:07:51","guid":{"rendered":"https:\/\/hookahshop.lt\/?post_type=product&#038;p=21158"},"modified":"2026-04-19T23:29:13","modified_gmt":"2026-04-19T20:29:13","slug":"kolba-kaljanui-ocean-hookah-cross-cut","status":"publish","type":"product","link":"https:\/\/hookahshop.lt\/pl\/produkt\/kolba-do-sziszy-oceanicznej-szisza-przekrojowa\/","title":{"rendered":"Piersi\u00f3wka na \u0142ysy OCEAN HOOKAH Cross Cut"},"content":{"rendered":"<h2>Kolba by\u0142a \u0142ysa OCEAN Hookah Cross Cut<\/h2>\n<p>Kolba jest produkowana w Republice Czeskiej i jest wykonana z prawdziwego czeskiego szk\u0142a kryszta\u0142owego.<\/p>\n<p><strong>Wymiary:<\/strong><br \/>\nWysoko\u015b\u0107: oko\u0142o 24 cm<br \/>\nNajwi\u0119ksza \u015brednica miski: ok. 16 cm<br \/>\n\u015arednica szyi miednicy: oko\u0142o 8 cm<br \/>\n\u015arednica wewn\u0119trzna szyjki miski: oko\u0142o 4,5 cm<\/p>\n<p>Czy masz jakie\u015b pytania? Skontaktuj si\u0119 z nami\u00a0<a href=\"https:\/\/hookahshop.lt\/pl\/lacznosc\/\">strona z kontaktami<\/a>\u00a0lub napisz do nas na adres\u00a0<a href=\"https:\/\/facebook.com\/HookahShop.lt\/\" target=\"_blank\" rel=\"noopener noreferrer\">konto na Facebooku<\/a>\u00a0a my odpowiemy na Twoj\u0105 pro\u015bb\u0119 tego samego dnia.<\/p>","protected":false},"excerpt":{"rendered":"<p>Piersi\u00f3wka do fajki wodnej OCEAN Hookah Cross Cut Kolba produkowana jest w firmie z Czech, wykonana jest z prawdziwego artystycznego szk\u0142a kryszta\u0142owego. Wymiary: Wysoko\u015b\u0107: ok. 24 cm \u015arednica najwi\u0119kszej misy: ok. 16 cm \u015arednica szyjki misy: ok. 8 cm \u015arednica wewn\u0119trzna szyjki misy: ok. 4,5 cm Skontaktuj si\u0119 z nami na stronie kontaktowej lub napisz do nas na naszym koncie na Facebooku, a my odpowiemy na Twoje [\u2026]<\/p>","protected":false},"featured_media":22175,"comment_status":"open","ping_status":"closed","template":"","meta":[],"_links":{"self":[{"href":"https:\/\/hookahshop.lt\/pl\/wp-json\/wp\/v2\/product\/21158"}],"collection":[{"href":"https:\/\/hookahshop.lt\/pl\/wp-json\/wp\/v2\/product"}],"about":[{"href":"https:\/\/hookahshop.lt\/pl\/wp-json\/wp\/v2\/types\/product"}],"replies":[{"embeddable":true,"href":"https:\/\/hookahshop.lt\/pl\/wp-json\/wp\/v2\/comments?post=21158"}],"version-history":[{"count":3,"href":"https:\/\/hookahshop.lt\/pl\/wp-json\/wp\/v2\/product\/21158\/revisions"}],"predecessor-version":[{"id":25685,"href":"https:\/\/hookahshop.lt\/pl\/wp-json\/wp\/v2\/product\/21158\/revisions\/25685"}],"wp:featuredmedia":[{"embeddable":true,"href":"https:\/\/hookahshop.lt\/pl\/wp-json\/wp\/v2\/media\/22175"}],"wp:attachment":[{"href":"https:\/\/hookahshop.lt\/pl\/wp-json\/wp\/v2\/media?parent=21158"}],"curies":[{"name":"wp","href":"https:\/\/api.w.org\/{rel}","templated":true}]}}