{"id":21162,"date":"2021-04-03T17:19:50","date_gmt":"2021-04-03T14:19:50","guid":{"rendered":"https:\/\/hookahshop.lt\/?post_type=product&#038;p=21162"},"modified":"2026-04-26T23:29:28","modified_gmt":"2026-04-26T20:29:28","slug":"kolba-kaljanui-ocean-hookah-tradi-million-cut-gray","status":"publish","type":"product","link":"https:\/\/hookahshop.lt\/pl\/produkt\/kolba-na-fajke-wodna-ocean-szisza-tradi-milion-cut-szara\/","title":{"rendered":"Piersi\u00f3wka na \u0142ysy OCEAN HOOKAH Tradi Million Cut Grey"},"content":{"rendered":"<h2>Piersi\u00f3wka na patyku OCEAN Hookah Tradi Million Cut Grey<\/h2>\n<p>Kolba wyprodukowana jest w Republice Czeskiej i wykonana jest z dwuwarstwowego kolorowego czeskiego kryszta\u0142u o\u0142owiowego 24%. Warstwa wewn\u0119trzna wykonana jest z przezroczystego kryszta\u0142u o\u0142owiowego, a warstwa zewn\u0119trzna z kolorowego kryszta\u0142u o\u0142owiowego. Podczas szlifowania wzoru mistrz penetruje warstw\u0119 zewn\u0119trzn\u0105. Nie ma wi\u0119c szk\u0142a lakierowanego, koloru nie da si\u0119 zmy\u0107 ani zarysowa\u0107.<\/p>\n<p><strong>Wymiary:<\/strong><br \/>\nWysoko\u015b\u0107: oko\u0142o 24 cm<br \/>\nNajszersza \u015brednica miseczki: oko\u0142o 20 cm<br \/>\n\u015arednica szyjki miednicy: oko\u0142o 7,5 cm<br \/>\n\u015arednica wewn\u0119trzna szyjki miski: oko\u0142o 4,5 cm<br \/>\nWaga oko\u0142o: 2800g<\/p>\n<p>Czy masz jakie\u015b pytania? Skontaktuj si\u0119 z nami\u00a0<a href=\"https:\/\/hookahshop.lt\/pl\/lacznosc\/\">strona z kontaktami<\/a>\u00a0lub napisz do nas na adres\u00a0<a href=\"https:\/\/facebook.com\/HookahShop.lt\/\" target=\"_blank\" rel=\"noopener noreferrer\">konto na Facebooku<\/a>\u00a0a my odpowiemy na Twoj\u0105 pro\u015bb\u0119 tego samego dnia.<\/p>","protected":false},"excerpt":{"rendered":"<p>Piersi\u00f3wka na fajk\u0119 OCEAN Hookah Tradi Million Cut Gray Piersi\u00f3wka jest produkowana w Czechach, sk\u0142ada si\u0119 z dw\u00f3ch warstw kolorowego czeskiego kryszta\u0142u o\u0142owiowego 24%. Warstwa wewn\u0119trzna wykonana jest z przezroczystego kryszta\u0142u o\u0142owiowego, a warstwa zewn\u0119trzna z kolorowego kryszta\u0142u o\u0142owiowego. Podczas szlifowania wzoru mistrz przenika warstw\u0119 zewn\u0119trzn\u0105. Nie jest to wi\u0119c szk\u0142o lakierowane, kolor nie mo\u017ce zosta\u0107 zmyty ani zarysowany. Wymiary: Wysoko\u015b\u0107: oko\u0142o [\u2026]<\/p>","protected":false},"featured_media":22191,"comment_status":"open","ping_status":"closed","template":"","meta":[],"_links":{"self":[{"href":"https:\/\/hookahshop.lt\/pl\/wp-json\/wp\/v2\/product\/21162"}],"collection":[{"href":"https:\/\/hookahshop.lt\/pl\/wp-json\/wp\/v2\/product"}],"about":[{"href":"https:\/\/hookahshop.lt\/pl\/wp-json\/wp\/v2\/types\/product"}],"replies":[{"embeddable":true,"href":"https:\/\/hookahshop.lt\/pl\/wp-json\/wp\/v2\/comments?post=21162"}],"version-history":[{"count":3,"href":"https:\/\/hookahshop.lt\/pl\/wp-json\/wp\/v2\/product\/21162\/revisions"}],"predecessor-version":[{"id":23070,"href":"https:\/\/hookahshop.lt\/pl\/wp-json\/wp\/v2\/product\/21162\/revisions\/23070"}],"wp:featuredmedia":[{"embeddable":true,"href":"https:\/\/hookahshop.lt\/pl\/wp-json\/wp\/v2\/media\/22191"}],"wp:attachment":[{"href":"https:\/\/hookahshop.lt\/pl\/wp-json\/wp\/v2\/media?parent=21162"}],"curies":[{"name":"wp","href":"https:\/\/api.w.org\/{rel}","templated":true}]}}