{"id":21166,"date":"2021-04-03T17:28:05","date_gmt":"2021-04-03T14:28:05","guid":{"rendered":"https:\/\/hookahshop.lt\/?post_type=product&#038;p=21166"},"modified":"2026-04-17T23:29:31","modified_gmt":"2026-04-17T20:29:31","slug":"kolba-kaljanui-ocean-hookah-tradi-bowl-cone-rock-grey","status":"publish","type":"product","link":"https:\/\/hookahshop.lt\/pl\/produkt\/flask-ocean-hookah-tradi-bowl-cone-rock-grey\/","title":{"rendered":"Kolba na haczyk OCEAN HOOKAH Tradi Bowl Cone Rock Grey"},"content":{"rendered":"<h2>Piersi\u00f3wka na \u0142ysy OCEAN Hookah Tradi Bowl Cone Rock Grey<\/h2>\n<p>Kolba jest wyprodukowana w Czechach i jest wykonana z dwuwarstwowego, barwionego czeskiego kryszta\u0142u o\u0142owiowego 24%. Warstwa wewn\u0119trzna jest wykonana z przezroczystego kryszta\u0142u o\u0142owiowego, a warstwa zewn\u0119trzna z kolorowego kryszta\u0142u o\u0142owiowego. Podczas szlifowania wzoru mistrz penetruje zewn\u0119trzn\u0105 warstw\u0119. Nie ma wi\u0119c szk\u0142a lakierowanego, koloru nie da si\u0119 zmy\u0107 ani zarysowa\u0107.<\/p>\n<p><strong>Wymiary:<\/strong><br \/>\nWysoko\u015b\u0107: oko\u0142o 24 cm<br \/>\nNajszersza \u015brednica miseczki: oko\u0142o 20 cm<br \/>\n\u015arednica szyjki miednicy: oko\u0142o 7,5 cm<br \/>\n\u015arednica wewn\u0119trzna szyjki miski: oko\u0142o 4,5 cm<br \/>\nWaga oko\u0142o: 2900g<\/p>\n<p>Czy masz jakie\u015b pytania? Skontaktuj si\u0119 z nami\u00a0<a href=\"https:\/\/hookahshop.lt\/pl\/lacznosc\/\">strona z kontaktami<\/a>\u00a0lub napisz do nas na adres\u00a0<a href=\"https:\/\/facebook.com\/HookahShop.lt\/\" target=\"_blank\" rel=\"noopener noreferrer\">konto na Facebooku<\/a>\u00a0a my odpowiemy na Twoj\u0105 pro\u015bb\u0119 tego samego dnia.<\/p>","protected":false},"excerpt":{"rendered":"<p>Cybuch do fajki wodnej OCEAN Hookah Tradi Bowl Cone Rock Grey Cybuch jest wykonany w Czechach, sk\u0142ada si\u0119 z dw\u00f3ch warstw kolorowego czeskiego kryszta\u0142u o\u0142owiowego 24%. Warstwa wewn\u0119trzna wykonana jest z przezroczystego kryszta\u0142u o\u0142owiowego, a warstwa zewn\u0119trzna z kolorowego kryszta\u0142u o\u0142owiowego. Podczas szlifowania wzoru mistrz przenika warstw\u0119 zewn\u0119trzn\u0105. Nie jest to wi\u0119c szk\u0142o lakierowane, kolor nie mo\u017ce zosta\u0107 zmyty ani zarysowany. Wymiary: Wysoko\u015b\u0107: [\u2026]<\/p>","protected":false},"featured_media":22185,"comment_status":"open","ping_status":"closed","template":"","meta":[],"_links":{"self":[{"href":"https:\/\/hookahshop.lt\/pl\/wp-json\/wp\/v2\/product\/21166"}],"collection":[{"href":"https:\/\/hookahshop.lt\/pl\/wp-json\/wp\/v2\/product"}],"about":[{"href":"https:\/\/hookahshop.lt\/pl\/wp-json\/wp\/v2\/types\/product"}],"replies":[{"embeddable":true,"href":"https:\/\/hookahshop.lt\/pl\/wp-json\/wp\/v2\/comments?post=21166"}],"version-history":[{"count":4,"href":"https:\/\/hookahshop.lt\/pl\/wp-json\/wp\/v2\/product\/21166\/revisions"}],"predecessor-version":[{"id":23067,"href":"https:\/\/hookahshop.lt\/pl\/wp-json\/wp\/v2\/product\/21166\/revisions\/23067"}],"wp:featuredmedia":[{"embeddable":true,"href":"https:\/\/hookahshop.lt\/pl\/wp-json\/wp\/v2\/media\/22185"}],"wp:attachment":[{"href":"https:\/\/hookahshop.lt\/pl\/wp-json\/wp\/v2\/media?parent=21166"}],"curies":[{"name":"wp","href":"https:\/\/api.w.org\/{rel}","templated":true}]}}