{"id":21194,"date":"2021-04-03T18:00:35","date_gmt":"2021-04-03T15:00:35","guid":{"rendered":"https:\/\/hookahshop.lt\/?post_type=product&#038;p=21194"},"modified":"2026-04-17T23:29:30","modified_gmt":"2026-04-17T20:29:30","slug":"kolba-kaljanui-hoob-cube-mini","status":"publish","type":"product","link":"https:\/\/hookahshop.lt\/pl\/produkt\/kolba-do-sziszy-hoob-cube-mini\/","title":{"rendered":"Kolba na haczyk HOOB Cube Mini"},"content":{"rendered":"<h2>Kolba na haczyk HOOB Cube Mini<\/h2>\n<p>Akrylowy pojemnik na fajki wodne do fajki SubAtom z magnetycznym po\u0142\u0105czeniem trzonka i podstawy.<\/p>\n<p><strong>Specyfikacja:<\/strong><\/p>\n<p id=\"tw-target-text\" class=\"tw-data-text tw-text-large XcVN5d tw-ta\" dir=\"ltr\" data-placeholder=\"Vertimas\">Przezroczyste szk\u0142o organiczne<br \/>\nZ\u0142\u0105cze magnetyczne Hoob<br \/>\nOdporny na uderzenia<br \/>\nWysoko\u015b\u0107 - 10cm<\/p>\n<p dir=\"ltr\" data-placeholder=\"Vertimas\">Czy masz jakie\u015b pytania? Skontaktuj si\u0119 z nami\u00a0<a href=\"https:\/\/hookahshop.lt\/pl\/lacznosc\/\">strona z kontaktami<\/a>\u00a0lub napisz do nas na adres\u00a0<a href=\"https:\/\/facebook.com\/HookahShop.lt\/\" target=\"_blank\" rel=\"noopener noreferrer\">konto na Facebooku<\/a>\u00a0a my odpowiemy na Twoj\u0105 pro\u015bb\u0119 tego samego dnia.<\/p>","protected":false},"excerpt":{"rendered":"<p>Piersi\u00f3wka do fajki wodnej HOOB Cube Mini Akrylowa kolba do fajki wodnej do fajki SubAtom z magnetycznym trzonkiem i po\u0142\u0105czeniem podstawy. Specyfikacja: Przezroczysta plexi Z\u0142\u0105cze magnetyczne Hoobo Odporne na wstrz\u0105sy Wysoko\u015b\u0107 - 10cm Masz pytania? Skontaktuj si\u0119 z nami na stronie kontaktowej lub napisz do nas na naszym koncie na Facebooku, a my odpowiemy na Twoj\u0105 pro\u015bb\u0119 jeszcze tego samego dnia.<\/p>","protected":false},"featured_media":21750,"comment_status":"open","ping_status":"closed","template":"","meta":[],"_links":{"self":[{"href":"https:\/\/hookahshop.lt\/pl\/wp-json\/wp\/v2\/product\/21194"}],"collection":[{"href":"https:\/\/hookahshop.lt\/pl\/wp-json\/wp\/v2\/product"}],"about":[{"href":"https:\/\/hookahshop.lt\/pl\/wp-json\/wp\/v2\/types\/product"}],"replies":[{"embeddable":true,"href":"https:\/\/hookahshop.lt\/pl\/wp-json\/wp\/v2\/comments?post=21194"}],"version-history":[{"count":7,"href":"https:\/\/hookahshop.lt\/pl\/wp-json\/wp\/v2\/product\/21194\/revisions"}],"predecessor-version":[{"id":45133,"href":"https:\/\/hookahshop.lt\/pl\/wp-json\/wp\/v2\/product\/21194\/revisions\/45133"}],"wp:featuredmedia":[{"embeddable":true,"href":"https:\/\/hookahshop.lt\/pl\/wp-json\/wp\/v2\/media\/21750"}],"wp:attachment":[{"href":"https:\/\/hookahshop.lt\/pl\/wp-json\/wp\/v2\/media?parent=21194"}],"curies":[{"name":"wp","href":"https:\/\/api.w.org\/{rel}","templated":true}]}}