{"id":21204,"date":"2021-04-03T19:12:27","date_gmt":"2021-04-03T16:12:27","guid":{"rendered":"https:\/\/hookahshop.lt\/?post_type=product&#038;p=21204"},"modified":"2026-04-24T23:29:17","modified_gmt":"2026-04-24T20:29:17","slug":"kolba-kaljanui-ocean-hookah-drop-cross-cut-tradi-gold-steck","status":"publish","type":"product","link":"https:\/\/hookahshop.lt\/pl\/produkt\/kolba-szisza-ocean-szisza-drop-cross-cut-tradi-zloty-steck\/","title":{"rendered":"Piersi\u00f3wka z haczykiem OCEAN HOOKAH Drop Cross Cut Tradi Gold Steck"},"content":{"rendered":"<h2>Piersi\u00f3wka z haczykiem OCEAN Hookah Drop Cross Cut Tradi Gold Steck<\/h2>\n<p>Kolba wyprodukowana jest w Republice Czeskiej i jest wykonana z prawdziwego czeskiego szk\u0142a kryszta\u0142owego.<\/p>\n<p><strong>Wymiary:<\/strong><br \/>\nWysoko\u015b\u0107: oko\u0142o 24 cm<br \/>\nNajszersza \u015brednica miseczki: oko\u0142o 20 cm<br \/>\n\u015arednica szyi miednicy: oko\u0142o 8 cm<br \/>\n\u015arednica wewn\u0119trzna szyjki miski: oko\u0142o 4,5 cm<\/p>\n<p>Czy masz jakie\u015b pytania? Skontaktuj si\u0119 z nami\u00a0<a href=\"https:\/\/hookahshop.lt\/pl\/lacznosc\/\">strona z kontaktami<\/a>\u00a0lub napisz do nas na adres\u00a0<a href=\"https:\/\/facebook.com\/HookahShop.lt\/\" target=\"_blank\" rel=\"noopener noreferrer\">konto na Facebooku<\/a>\u00a0a my odpowiemy na Twoj\u0105 pro\u015bb\u0119 tego samego dnia.<\/p>","protected":false},"excerpt":{"rendered":"<p>Piersi\u00f3wka do fajki wodnej OCEAN Hookah Drop Cross Cut Tradi Gold Steck Kolba wyprodukowana jest w Czechach, wykonana jest z prawdziwego artystycznego szk\u0142a kryszta\u0142owego. Wymiary: Wysoko\u015b\u0107: ok. 24 cm \u015arednica najszerszej miski: ok. 20 cm \u015arednica szyjki miski: ok. 8 cm \u015arednica wewn\u0119trzna szyjki misy: ok. 4,5 cm Skontaktuj si\u0119 z nami na stronie kontaktowej lub napisz do nas na Facebooku [\u2026]<\/p>","protected":false},"featured_media":22177,"comment_status":"open","ping_status":"closed","template":"","meta":[],"_links":{"self":[{"href":"https:\/\/hookahshop.lt\/pl\/wp-json\/wp\/v2\/product\/21204"}],"collection":[{"href":"https:\/\/hookahshop.lt\/pl\/wp-json\/wp\/v2\/product"}],"about":[{"href":"https:\/\/hookahshop.lt\/pl\/wp-json\/wp\/v2\/types\/product"}],"replies":[{"embeddable":true,"href":"https:\/\/hookahshop.lt\/pl\/wp-json\/wp\/v2\/comments?post=21204"}],"version-history":[{"count":4,"href":"https:\/\/hookahshop.lt\/pl\/wp-json\/wp\/v2\/product\/21204\/revisions"}],"predecessor-version":[{"id":23063,"href":"https:\/\/hookahshop.lt\/pl\/wp-json\/wp\/v2\/product\/21204\/revisions\/23063"}],"wp:featuredmedia":[{"embeddable":true,"href":"https:\/\/hookahshop.lt\/pl\/wp-json\/wp\/v2\/media\/22177"}],"wp:attachment":[{"href":"https:\/\/hookahshop.lt\/pl\/wp-json\/wp\/v2\/media?parent=21204"}],"curies":[{"name":"wp","href":"https:\/\/api.w.org\/{rel}","templated":true}]}}