{"id":21209,"date":"2021-04-03T19:18:58","date_gmt":"2021-04-03T16:18:58","guid":{"rendered":"https:\/\/hookahshop.lt\/?post_type=product&#038;p=21209"},"modified":"2026-04-15T23:29:05","modified_gmt":"2026-04-15T20:29:05","slug":"kolba-kaljanui-ocean-hookah-drop-cross-cut-tradi-silver-steck","status":"publish","type":"product","link":"https:\/\/hookahshop.lt\/pl\/produkt\/kolba-na-fajke-wodna-oceaniczna-szisza-drop-cross-cut-tradycyjny-srebrny-steck\/","title":{"rendered":"Piersi\u00f3wka na \u0142ysy OCEAN HOOKAH Drop Cross Cut Tradi Silver Steck"},"content":{"rendered":"<h2>Termos z haczykiem OCEAN Hookah Drop Cross Cut Tradi Silver Steck<\/h2>\n<p>Kolba wyprodukowana jest w Republice Czeskiej i jest wykonana z prawdziwego czeskiego szk\u0142a kryszta\u0142owego.<\/p>\n<p><strong>Wymiary:<\/strong><br \/>\nWysoko\u015b\u0107: oko\u0142o 24 cm<br \/>\nNajszersza \u015brednica miseczki: oko\u0142o 20 cm<br \/>\n\u015arednica szyi miednicy: oko\u0142o 8 cm<br \/>\n\u015arednica wewn\u0119trzna szyjki miski: oko\u0142o 4,5 cm<\/p>\n<p>Czy masz jakie\u015b pytania? Skontaktuj si\u0119 z nami\u00a0<a href=\"https:\/\/hookahshop.lt\/pl\/lacznosc\/\">strona z kontaktami<\/a>\u00a0lub napisz do nas na adres\u00a0<a href=\"https:\/\/facebook.com\/HookahShop.lt\/\" target=\"_blank\" rel=\"noopener noreferrer\">konto na Facebooku<\/a>\u00a0a my odpowiemy na Twoj\u0105 pro\u015bb\u0119 tego samego dnia.<\/p>","protected":false},"excerpt":{"rendered":"<p>Piersi\u00f3wka do fajki wodnej OCEAN Hookah Drop Cross Cut Tradi Silver Steck Kolba wyprodukowana jest w Czechach, wykonana jest z prawdziwego artystycznego szk\u0142a kryszta\u0142owego. Wymiary: Wysoko\u015b\u0107: ok. 24 cm \u015arednica najszerszej misy: ok. 20 cm \u015arednica szyjki misy: ok. 8 cm \u015arednica wewn\u0119trzna szyjki misy: ok. 4,5 cm Skontaktuj si\u0119 z nami na stronie kontaktowej lub napisz do nas na Facebooku [\u2026]<\/p>","protected":false},"featured_media":22179,"comment_status":"open","ping_status":"closed","template":"","meta":[],"_links":{"self":[{"href":"https:\/\/hookahshop.lt\/pl\/wp-json\/wp\/v2\/product\/21209"}],"collection":[{"href":"https:\/\/hookahshop.lt\/pl\/wp-json\/wp\/v2\/product"}],"about":[{"href":"https:\/\/hookahshop.lt\/pl\/wp-json\/wp\/v2\/types\/product"}],"replies":[{"embeddable":true,"href":"https:\/\/hookahshop.lt\/pl\/wp-json\/wp\/v2\/comments?post=21209"}],"version-history":[{"count":3,"href":"https:\/\/hookahshop.lt\/pl\/wp-json\/wp\/v2\/product\/21209\/revisions"}],"predecessor-version":[{"id":23064,"href":"https:\/\/hookahshop.lt\/pl\/wp-json\/wp\/v2\/product\/21209\/revisions\/23064"}],"wp:featuredmedia":[{"embeddable":true,"href":"https:\/\/hookahshop.lt\/pl\/wp-json\/wp\/v2\/media\/22179"}],"wp:attachment":[{"href":"https:\/\/hookahshop.lt\/pl\/wp-json\/wp\/v2\/media?parent=21209"}],"curies":[{"name":"wp","href":"https:\/\/api.w.org\/{rel}","templated":true}]}}