{"id":21311,"date":"2021-04-07T01:16:52","date_gmt":"2021-04-06T22:16:52","guid":{"rendered":"https:\/\/hookahshop.lt\/?post_type=product&#038;p=21311"},"modified":"2026-05-13T23:29:30","modified_gmt":"2026-05-13T20:29:30","slug":"taurele-kaljanui-element-relic","status":"publish","type":"product","link":"https:\/\/hookahshop.lt\/pl\/produkt\/filizanka-szisza-element-relikt\/","title":{"rendered":"Kubek do fajki wodnej ELEMENT Relic"},"content":{"rendered":"<h2>Kubek do fajki wodnej ELEMENT Relic<\/h2>\n<p>Stworzony przez s\u0142ynnego rosyjskiego producenta fajki tytoniowej Element, wykonany z wysokiej jako\u015bci niemieckiej gliny. Ten kubek jest ozdobiony w kszta\u0142cie tureckim z\u0142otym polew\u0105 spo\u017cywcz\u0105. Kubek uniwersalny - idealny zar\u00f3wno do jasnego, jak i ciemnego tytoniu. Kubek w kszta\u0142cie tureckiego ma za zadanie przekazywa\u0107 smak i zatrzymywa\u0107 ciep\u0142o.<\/p>\n<p>Specyfikacja:<br \/>\nPojemno\u015b\u0107 kubka do fajki wodnej: 15 g.<br \/>\nKszta\u0142t miseczki: turecki<br \/>\nMateria\u0142: glina<br \/>\nProducent: Werkbund<br \/>\nKraj producenta: Niemcy<\/p>\n<p>Czy masz jakie\u015b pytania? Skontaktuj si\u0119 z nami\u00a0<a href=\"https:\/\/hookahshop.lt\/pl\/lacznosc\/\">strona z kontaktami<\/a>\u00a0lub napisz do nas na adres\u00a0<a href=\"https:\/\/facebook.com\/HookahShop.lt\/\" target=\"_blank\" rel=\"noopener noreferrer\">konto na Facebooku<\/a>\u00a0a my odpowiemy na Twoj\u0105 pro\u015bb\u0119 tego samego dnia.<\/p>\n<p>&nbsp;<\/p>\n<p>&nbsp;<\/p>","protected":false},"excerpt":{"rendered":"<p>Kubek do fajki wodnej ELEMENT Relic Zaprojektowany przez znanego rosyjskiego producenta fajek tytoniowych Element, wykonany z wysokiej jako\u015bci niemieckiej gliny. Fili\u017canka w kszta\u0142cie tureckim ozdobiona jest z\u0142ot\u0105, jadaln\u0105 glazur\u0105. Kubek uniwersalny - idealny zar\u00f3wno do jasnego, jak i ciemnego tytoniu. Kubek w kszta\u0142cie tureckim zosta\u0142 zaprojektowany tak, aby oddawa\u0107 smak i zatrzymywa\u0107 ciep\u0142o. Specyfikacja: Pojemno\u015b\u0107 kubka na fajk\u0119 wodn\u0105: 15 g. Kszta\u0142t miseczki: turecki Materia\u0142: [\u2026]<\/p>","protected":false},"featured_media":21312,"comment_status":"open","ping_status":"closed","template":"","meta":[],"_links":{"self":[{"href":"https:\/\/hookahshop.lt\/pl\/wp-json\/wp\/v2\/product\/21311"}],"collection":[{"href":"https:\/\/hookahshop.lt\/pl\/wp-json\/wp\/v2\/product"}],"about":[{"href":"https:\/\/hookahshop.lt\/pl\/wp-json\/wp\/v2\/types\/product"}],"replies":[{"embeddable":true,"href":"https:\/\/hookahshop.lt\/pl\/wp-json\/wp\/v2\/comments?post=21311"}],"version-history":[{"count":5,"href":"https:\/\/hookahshop.lt\/pl\/wp-json\/wp\/v2\/product\/21311\/revisions"}],"predecessor-version":[{"id":29614,"href":"https:\/\/hookahshop.lt\/pl\/wp-json\/wp\/v2\/product\/21311\/revisions\/29614"}],"wp:featuredmedia":[{"embeddable":true,"href":"https:\/\/hookahshop.lt\/pl\/wp-json\/wp\/v2\/media\/21312"}],"wp:attachment":[{"href":"https:\/\/hookahshop.lt\/pl\/wp-json\/wp\/v2\/media?parent=21311"}],"curies":[{"name":"wp","href":"https:\/\/api.w.org\/{rel}","templated":true}]}}