{"id":21382,"date":"2021-04-12T14:32:40","date_gmt":"2021-04-12T11:32:40","guid":{"rendered":"https:\/\/hookahshop.lt\/?post_type=product&#038;p=21382"},"modified":"2026-04-15T23:29:00","modified_gmt":"2026-04-15T20:29:00","slug":"karscio-kamera-kaloud-lotus-i-auris","status":"publish","type":"product","link":"https:\/\/hookahshop.lt\/pl\/produkt\/kamera-cieplna-kaloud-lotus-i-auris\/","title":{"rendered":"Kamera termowizyjna KALOUD Lotus I + Auris"},"content":{"rendered":"<h2 style=\"text-align: left;\">Kamera termowizyjna KALOUD Lotus I + Auris<\/h2>\n<p>Opatentowany osi\u0105gni\u0119ciami sztuki i produkcji. Ten produkt pionier\u00f3w kom\u00f3r cieplnych z USA to gwarancja najwy\u017cszej jako\u015bci, znacznie u\u0142atwiaj\u0105ca u\u017cytkowanie Twojej fajki wodnej. Do jego produkcji wykorzystano materia\u0142y pochodz\u0105ce z przemys\u0142u lotniczego i medycznego. Zaleca si\u0119 stosowa\u0107 do okular\u00f3w o \u015brednicy wi\u0119kszej ni\u017c 70 mm.<\/p>\n<p>\u2013 Znacznie mniej popio\u0142u, czystszy i intensywniejszy dym.<br \/>\n\u2013 Nie ma potrzeby stosowania folii aluminiowej ani komin\u00f3w.<br \/>\n\u2013 Wyd\u0142u\u017ca sesj\u0119 palenia.<br \/>\n- W\u0119giel trzeba obraca\u0107 znacznie rzadziej.<br \/>\n\u2013 Lepsze zarz\u0105dzanie ciep\u0142em.<\/p>\n<p>Pojemno\u015b\u0107 (zawarto\u015b\u0107 w\u0119gla): do 2-3 jednostek.<br \/>\nMateria\u0142: aluminium;<br \/>\nKolor: z\u0142oty<br \/>\nProducent: Kaloud, USA<\/p>\n<p>Czy masz jakie\u015b pytania? Skontaktuj si\u0119 z nami\u00a0<a href=\"https:\/\/hookahshop.lt\/pl\/lacznosc\/\">strona z kontaktami<\/a>\u00a0lub napisz do nas na adres\u00a0<a href=\"https:\/\/facebook.com\/HookahShop.lt\/\" target=\"_blank\" rel=\"noopener noreferrer\">konto na Facebooku<\/a>\u00a0a my odpowiemy na Twoj\u0105 pro\u015bb\u0119 tego samego dnia.<\/p>","protected":false},"excerpt":{"rendered":"<p>Komora cieplna KALOUD Lotus I+ Auris Opatentowana osi\u0105gni\u0119ciami sztuki i produkcji. Ten produkt pionier\u00f3w kom\u00f3r cieplnych z USA to gwarancja najwy\u017cszej jako\u015bci, znacznie u\u0142atwiaj\u0105ca u\u017cytkowanie Twojej fajki wodnej. Do jego produkcji wykorzystano materia\u0142y pochodz\u0105ce z przemys\u0142u lotniczego i medycznego. Zaleca si\u0119 stosowa\u0107 do misek o \u015brednicy wi\u0119kszej ni\u017c 70 mm. \u2013 Znacznie mniej popio\u0142u, czystszy i bardziej intensywny dym. \u2013 Nie ma potrzeby stosowania aluminium [\u2026]<\/p>","protected":false},"featured_media":21384,"comment_status":"open","ping_status":"closed","template":"","meta":[],"_links":{"self":[{"href":"https:\/\/hookahshop.lt\/pl\/wp-json\/wp\/v2\/product\/21382"}],"collection":[{"href":"https:\/\/hookahshop.lt\/pl\/wp-json\/wp\/v2\/product"}],"about":[{"href":"https:\/\/hookahshop.lt\/pl\/wp-json\/wp\/v2\/types\/product"}],"replies":[{"embeddable":true,"href":"https:\/\/hookahshop.lt\/pl\/wp-json\/wp\/v2\/comments?post=21382"}],"version-history":[{"count":11,"href":"https:\/\/hookahshop.lt\/pl\/wp-json\/wp\/v2\/product\/21382\/revisions"}],"predecessor-version":[{"id":45464,"href":"https:\/\/hookahshop.lt\/pl\/wp-json\/wp\/v2\/product\/21382\/revisions\/45464"}],"wp:featuredmedia":[{"embeddable":true,"href":"https:\/\/hookahshop.lt\/pl\/wp-json\/wp\/v2\/media\/21384"}],"wp:attachment":[{"href":"https:\/\/hookahshop.lt\/pl\/wp-json\/wp\/v2\/media?parent=21382"}],"curies":[{"name":"wp","href":"https:\/\/api.w.org\/{rel}","templated":true}]}}