{"id":21390,"date":"2021-04-12T14:55:08","date_gmt":"2021-04-12T11:55:08","guid":{"rendered":"https:\/\/hookahshop.lt\/?post_type=product&#038;p=21390"},"modified":"2026-04-18T23:28:54","modified_gmt":"2026-04-18T20:28:54","slug":"karscio-kamera-zeppelin-in-da-clouds-black-matt","status":"publish","type":"product","link":"https:\/\/hookahshop.lt\/pl\/produkt\/heat-camera-zeppelin-in-da-clouds-black-matt\/","title":{"rendered":"Hot Camera ZEPPELIN In Da Clouds Black Matt"},"content":{"rendered":"<h2>Hot Camera ZEPPELIN In Da Clouds Black Matt<\/h2>\n<p>Nowo\u015b\u0107 na rynku kamer termowizyjnych, kamera termowizyjna Zeppelin jest produkowana przez Zidclouds Russia.<br \/>\nTa aluminiowo-tytanowa komora grzewcza Zeppelin jest nie tylko bezpieczna i wygodna w u\u017cyciu, ale tak\u017ce wspania\u0142ym dzie\u0142em sztuki do ozdobienia ulubionego kubka.<\/p>\n<p>Trzy w\u0119gle o \u015brednicy 26mm z \u0142atwo\u015bci\u0105 zmieszcz\u0105 si\u0119 w tej komorze grzewczej i pozwol\u0105 na utrzymanie po\u017c\u0105danej i stabilnej temperatury.<\/p>\n<p><strong>Specyfikacja<\/strong><br \/>\nKolor: Czarny (matowy)<br \/>\nMateria\u0142: aluminium<br \/>\n\u015arednica: 7,6 cm<br \/>\n\u015arednica pojemnika na w\u0119giel: 6,8 cm<br \/>\nKraj: Rosja<\/p>\n<p>Czy masz jakie\u015b pytania? Skontaktuj si\u0119 z nami\u00a0<a href=\"https:\/\/hookahshop.lt\/pl\/lacznosc\/\">strona z kontaktami<\/a>\u00a0lub napisz do nas na adres\u00a0<a href=\"https:\/\/facebook.com\/HookahShop.lt\/\" target=\"_blank\" rel=\"noopener noreferrer\">konto na Facebooku<\/a>\u00a0a my odpowiemy na Twoj\u0105 pro\u015bb\u0119 tego samego dnia.<\/p>","protected":false},"excerpt":{"rendered":"<p>Kamera termowizyjna ZEPPELIN w Da Clouds Black Matt Nowo\u015b\u0107 na rynku kamer termowizyjnych, kamera termowizyjna Zeppelin jest produkowana w Zidclouds w Rosji. Ta komora grzewcza Zeppelin pokryta aluminium i tytanem jest nie tylko bezpieczna i wygodna w u\u017cyciu, ale tak\u017ce wspania\u0142ym dzie\u0142em sztuki do dekoracji ulubionej fili\u017canki. Trzy w\u0119gle o \u015brednicy 26 mm z \u0142atwo\u015bci\u0105 zmieszcz\u0105 si\u0119 w tej komorze cieplnej [\u2026]<\/p>","protected":false},"featured_media":21396,"comment_status":"open","ping_status":"closed","template":"","meta":[],"_links":{"self":[{"href":"https:\/\/hookahshop.lt\/pl\/wp-json\/wp\/v2\/product\/21390"}],"collection":[{"href":"https:\/\/hookahshop.lt\/pl\/wp-json\/wp\/v2\/product"}],"about":[{"href":"https:\/\/hookahshop.lt\/pl\/wp-json\/wp\/v2\/types\/product"}],"replies":[{"embeddable":true,"href":"https:\/\/hookahshop.lt\/pl\/wp-json\/wp\/v2\/comments?post=21390"}],"version-history":[{"count":4,"href":"https:\/\/hookahshop.lt\/pl\/wp-json\/wp\/v2\/product\/21390\/revisions"}],"predecessor-version":[{"id":32026,"href":"https:\/\/hookahshop.lt\/pl\/wp-json\/wp\/v2\/product\/21390\/revisions\/32026"}],"wp:featuredmedia":[{"embeddable":true,"href":"https:\/\/hookahshop.lt\/pl\/wp-json\/wp\/v2\/media\/21396"}],"wp:attachment":[{"href":"https:\/\/hookahshop.lt\/pl\/wp-json\/wp\/v2\/media?parent=21390"}],"curies":[{"name":"wp","href":"https:\/\/api.w.org\/{rel}","templated":true}]}}