{"id":21401,"date":"2021-04-12T15:44:17","date_gmt":"2021-04-12T12:44:17","guid":{"rendered":"https:\/\/hookahshop.lt\/?post_type=product&#038;p=21401"},"modified":"2026-04-16T10:21:01","modified_gmt":"2026-04-16T07:21:01","slug":"kaljano-anglies-laikiklis-aladin","status":"publish","type":"product","link":"https:\/\/hookahshop.lt\/pl\/produkt\/fajka-wodna-weglowa-aladin\/","title":{"rendered":"Uchwyt w\u0119glowy do fajki wodnej ALADIN"},"content":{"rendered":"<h2>Uchwyt w\u0119glowy do fajki wodnej ALADIN<\/h2>\n<p>Zaprojektowany, aby bezpiecznie przechowywa\u0107 w\u0119giel w jednym miejscu. Do przechowywania szczypiec przeznaczona jest osobna komora.<\/p>\n<p>Kolor: srebrny<br \/>\nMateria\u0142: Stal nierdzewna<br \/>\nWysoko\u015b\u0107: 40 cm<br \/>\n\u015arednica: 15 cm<br \/>\nWysoko\u015b\u0107 miski: 15 cm<br \/>\nKraj producenta: Chiny<\/p>\n<p>Czy masz jakie\u015b pytania? Skontaktuj si\u0119 z nami\u00a0<a href=\"https:\/\/hookahshop.lt\/pl\/lacznosc\/\">strona z kontaktami<\/a>\u00a0lub napisz do nas na adres\u00a0<a href=\"https:\/\/facebook.com\/HookahShop.lt\/\" target=\"_blank\" rel=\"noopener noreferrer\">konto na Facebooku<\/a>\u00a0a my odpowiemy na Twoj\u0105 pro\u015bb\u0119 tego samego dnia.<\/p>","protected":false},"excerpt":{"rendered":"<p>Uchwyt na w\u0119giel do fajki wodnej ALADIN Zaprojektowany do bezpiecznego przechowywania w\u0119gla drzewnego w jednym miejscu. Do przechowywania szczypiec przeznaczona jest osobna komora. Kolor: Srebrny Materia\u0142: Stal nierdzewna Wysoko\u015b\u0107: 40 cm \u015arednica: 15 cm Wysoko\u015b\u0107 misy: 15 cm Kraj producenta: Chiny Masz pytania? Skontaktuj si\u0119 z nami na stronie kontaktowej lub napisz do nas na naszym koncie na Facebooku, a my odpowiemy na Twoj\u0105 pro\u015bb\u0119 jeszcze tego samego dnia.<\/p>","protected":false},"featured_media":21402,"comment_status":"open","ping_status":"closed","template":"","meta":[],"_links":{"self":[{"href":"https:\/\/hookahshop.lt\/pl\/wp-json\/wp\/v2\/product\/21401"}],"collection":[{"href":"https:\/\/hookahshop.lt\/pl\/wp-json\/wp\/v2\/product"}],"about":[{"href":"https:\/\/hookahshop.lt\/pl\/wp-json\/wp\/v2\/types\/product"}],"replies":[{"embeddable":true,"href":"https:\/\/hookahshop.lt\/pl\/wp-json\/wp\/v2\/comments?post=21401"}],"version-history":[{"count":5,"href":"https:\/\/hookahshop.lt\/pl\/wp-json\/wp\/v2\/product\/21401\/revisions"}],"predecessor-version":[{"id":43483,"href":"https:\/\/hookahshop.lt\/pl\/wp-json\/wp\/v2\/product\/21401\/revisions\/43483"}],"wp:featuredmedia":[{"embeddable":true,"href":"https:\/\/hookahshop.lt\/pl\/wp-json\/wp\/v2\/media\/21402"}],"wp:attachment":[{"href":"https:\/\/hookahshop.lt\/pl\/wp-json\/wp\/v2\/media?parent=21401"}],"curies":[{"name":"wp","href":"https:\/\/api.w.org\/{rel}","templated":true}]}}