{"id":21431,"date":"2021-04-12T16:53:22","date_gmt":"2021-04-12T13:53:22","guid":{"rendered":"https:\/\/hookahshop.lt\/?post_type=product&#038;p=21431"},"modified":"2026-04-17T23:29:12","modified_gmt":"2026-04-17T20:29:12","slug":"kaljanas-aladin-mvp470-flower","status":"publish","type":"product","link":"https:\/\/hookahshop.lt\/pl\/produkt\/szisza-aladin-mvp470-kwiat\/","title":{"rendered":"Fajka wodna ALADIN MVP470 Kwiat"},"content":{"rendered":"<h2>Fajka wodna ALADIN MVP470 Kwiat<\/h2>\n<p>Fajka wodna pozostawia niesamowite wra\u017cenia dzi\u0119ki wysokiej jako\u015bci materia\u0142om. Jako\u015b\u0107 wykonania i indywidualny projekt nie pozostawiaj\u0105 oboj\u0119tnym.<br \/>\nDzi\u0119ki kompaktowym rozmiarom jest idealnym towarzyszem podr\u00f3\u017cy dla tych, kt\u00f3rzy chc\u0105 mie\u0107 produkt wysokiej jako\u015bci w podr\u00f3\u017cy.<\/p>\n<p><strong>Specyfikacja<\/strong><br \/>\nMateria\u0142: anodowana stal nierdzewna<br \/>\nKolba: gwintowana<br \/>\nDyfuzja: tak (regulowana)<br \/>\nWysoko\u015b\u0107: 47 cm<br \/>\nwyprodukowano w Chinach<\/p>\n<p><strong>Standardowy zestaw zawiera:<\/strong><br \/>\nszczypce, mi\u0119kki w\u0105\u017c silikonowy z dyszami, kubek, komin do kubka.<\/p>\n<p><img decoding=\"async\" loading=\"lazy\" class=\"alignnone size-medium wp-image-38491\" src=\"https:\/\/hookahshop.lt\/wp-content\/uploads\/2021\/02\/aladinu-komplektacija-300x273.jpg\" alt=\"- hookahshop.lt\" width=\"300\" height=\"273\" srcset=\"https:\/\/hookahshop.lt\/wp-content\/uploads\/2021\/02\/aladinu-komplektacija-300x273.jpg 300w, https:\/\/hookahshop.lt\/wp-content\/uploads\/2021\/02\/aladinu-komplektacija-13x12.jpg 13w, https:\/\/hookahshop.lt\/wp-content\/uploads\/2021\/02\/aladinu-komplektacija-64x58.jpg 64w, https:\/\/hookahshop.lt\/wp-content\/uploads\/2021\/02\/aladinu-komplektacija.jpg 420w\" sizes=\"(max-width: 300px) 100vw, 300px\" title=\"\"><\/p>\n<p>Czy masz jakie\u015b pytania? Skontaktuj si\u0119 z nami\u00a0<a href=\"https:\/\/hookahshop.lt\/pl\/lacznosc\/\">strona z kontaktami<\/a>\u00a0lub napisz do nas na adres\u00a0<a href=\"https:\/\/facebook.com\/HookahShop.lt\/\" target=\"_blank\" rel=\"noopener noreferrer\">konto na Facebooku<\/a>\u00a0a my odpowiemy na Twoj\u0105 pro\u015bb\u0119 tego samego dnia.<\/p>","protected":false},"excerpt":{"rendered":"<p>Szisza wodna ALADIN MVP470 Fajka kwiatowa pozostawia wspania\u0142e wra\u017cenia dzi\u0119ki wysokiej jako\u015bci materia\u0142om. Jako\u015b\u0107 wykonania i indywidualny projekt nie pozostawi\u0105 Ci\u0119 oboj\u0119tnym. Dzi\u0119ki swoim kompaktowym rozmiarom jest idealnym towarzyszem podr\u00f3\u017cy dla tych, kt\u00f3rzy chc\u0105 mie\u0107 produkt wysokiej jako\u015bci w podr\u00f3\u017cy. Specyfikacja Materia\u0142: Anodowana stal nierdzewna Kolba: Gwintowana Dyfuzor: Tak (regulowany) Wysoko\u015b\u0107: 47 cm Kraj pochodzenia: Chiny W standardowym zestawie znajduj\u0105 si\u0119: kleszcze, mi\u0119kkie [\u2026]<\/p>","protected":false},"featured_media":21432,"comment_status":"open","ping_status":"closed","template":"","meta":[],"_links":{"self":[{"href":"https:\/\/hookahshop.lt\/pl\/wp-json\/wp\/v2\/product\/21431"}],"collection":[{"href":"https:\/\/hookahshop.lt\/pl\/wp-json\/wp\/v2\/product"}],"about":[{"href":"https:\/\/hookahshop.lt\/pl\/wp-json\/wp\/v2\/types\/product"}],"replies":[{"embeddable":true,"href":"https:\/\/hookahshop.lt\/pl\/wp-json\/wp\/v2\/comments?post=21431"}],"version-history":[{"count":6,"href":"https:\/\/hookahshop.lt\/pl\/wp-json\/wp\/v2\/product\/21431\/revisions"}],"predecessor-version":[{"id":33290,"href":"https:\/\/hookahshop.lt\/pl\/wp-json\/wp\/v2\/product\/21431\/revisions\/33290"}],"wp:featuredmedia":[{"embeddable":true,"href":"https:\/\/hookahshop.lt\/pl\/wp-json\/wp\/v2\/media\/21432"}],"wp:attachment":[{"href":"https:\/\/hookahshop.lt\/pl\/wp-json\/wp\/v2\/media?parent=21431"}],"curies":[{"name":"wp","href":"https:\/\/api.w.org\/{rel}","templated":true}]}}