{"id":21476,"date":"2021-04-13T23:33:58","date_gmt":"2021-04-13T20:33:58","guid":{"rendered":"https:\/\/hookahshop.lt\/?post_type=product&#038;p=21476"},"modified":"2026-05-14T23:29:31","modified_gmt":"2026-05-14T20:29:31","slug":"uzkuriklis-anglims-al-mani","status":"publish","type":"product","link":"https:\/\/hookahshop.lt\/pl\/produkt\/zapalniczka-na-wegiel-drzewny-al-mani\/","title":{"rendered":"zapalarka na w\u0119giel drzewny AL-MANI"},"content":{"rendered":"<h2>zapalarka na w\u0119giel drzewny AL-MANI<\/h2>\n<p>Pomo\u017ce Ci wygodnie rozgrza\u0107 w\u0119giel do fajki wodnej. Kompaktowy i \u0142atwy w transporcie. W\u0119gle nagrzewaj\u0105 si\u0119 \u015brednio w ci\u0105gu 10-15 minut.<\/p>\n<p><strong>Dane techniczne:<\/strong><br \/>\nMoc: 450W<br \/>\nNapi\u0119cie: 220 V<br \/>\nCz\u0119stotliwo\u015b\u0107: 50 Hz<br \/>\nWymiary: ~10x18cm<br \/>\nCzarny kolor<br \/>\nwyprodukowano w Chinach<\/p>\n<p>Czy masz jakie\u015b pytania? Skontaktuj si\u0119 z nami\u00a0<a href=\"https:\/\/hookahshop.lt\/pl\/lacznosc\/\">strona z kontaktami<\/a>\u00a0lub napisz do nas na adres\u00a0<a href=\"https:\/\/facebook.com\/HookahShop.lt\/\" target=\"_blank\" rel=\"noopener noreferrer\">konto na Facebooku<\/a>\u00a0a my odpowiemy na Twoj\u0105 pro\u015bb\u0119 tego samego dnia.<\/p>\n<p>&nbsp;<\/p>","protected":false},"excerpt":{"rendered":"<p>Zapalniczka w\u0119glowa AL-MANI pomo\u017ce Ci wygodnie podgrza\u0107 w\u0119giel do fajki wodnej. Kompaktowy i \u0142atwy w transporcie. W\u0119gle nagrzewaj\u0105 si\u0119 \u015brednio w ci\u0105gu 10-15 minut. Dane techniczne: Moc: 450 W Napi\u0119cie: 220V Cz\u0119stotliwo\u015b\u0107: 50 Hz Wymiary: ~ 10x18cm Kolor: Czarny Kraj pochodzenia: Chiny Masz pytania? Skontaktuj si\u0119 z nami na stronie kontaktowej lub napisz do nas na Facebooku, a my odpowiemy na Twoj\u0105 pro\u015bb\u0119 jeszcze tego samego dnia. &nbsp;<\/p>","protected":false},"featured_media":21486,"comment_status":"open","ping_status":"closed","template":"","meta":[],"_links":{"self":[{"href":"https:\/\/hookahshop.lt\/pl\/wp-json\/wp\/v2\/product\/21476"}],"collection":[{"href":"https:\/\/hookahshop.lt\/pl\/wp-json\/wp\/v2\/product"}],"about":[{"href":"https:\/\/hookahshop.lt\/pl\/wp-json\/wp\/v2\/types\/product"}],"replies":[{"embeddable":true,"href":"https:\/\/hookahshop.lt\/pl\/wp-json\/wp\/v2\/comments?post=21476"}],"version-history":[{"count":3,"href":"https:\/\/hookahshop.lt\/pl\/wp-json\/wp\/v2\/product\/21476\/revisions"}],"predecessor-version":[{"id":30952,"href":"https:\/\/hookahshop.lt\/pl\/wp-json\/wp\/v2\/product\/21476\/revisions\/30952"}],"wp:featuredmedia":[{"embeddable":true,"href":"https:\/\/hookahshop.lt\/pl\/wp-json\/wp\/v2\/media\/21486"}],"wp:attachment":[{"href":"https:\/\/hookahshop.lt\/pl\/wp-json\/wp\/v2\/media?parent=21476"}],"curies":[{"name":"wp","href":"https:\/\/api.w.org\/{rel}","templated":true}]}}