{"id":21533,"date":"2021-04-14T21:13:28","date_gmt":"2021-04-14T18:13:28","guid":{"rendered":"https:\/\/hookahshop.lt\/?post_type=product&#038;p=21533"},"modified":"2026-05-12T23:29:00","modified_gmt":"2026-05-12T20:29:00","slug":"kaljanas-na-grani-model-1","status":"publish","type":"product","link":"https:\/\/hookahshop.lt\/pl\/produkt\/hookah-na-grani-model-1\/","title":{"rendered":"Fajka wodna NA GRANI Model 1"},"content":{"rendered":"<h2>Fajka wodna NA GRANI Model 1<\/h2>\n<p>Uwag\u0119 zwraca wysoka jako\u015b\u0107 i minimalistyczny design fajki wodnej. Ten model jest idealny dla tych, kt\u00f3rzy lubi\u0105 kompaktowe fajki wodne lub tych, kt\u00f3rzy chc\u0105 zabra\u0107 ma\u0142\u0105 fajk\u0119 na \u0142ono natury, poniewa\u017c jest wyj\u0105tkowy, poniewa\u017c jego konstrukcja \u0142odygi sk\u0142ada si\u0119 z kilku cz\u0119\u015bci, co pozwala na zmian\u0119 wysoko\u015bci \u0142odygi. Ta fajka wodna wykonana jest ze stali nierdzewnej 100% AISI - 304, co gwarantuje trwa\u0142o\u015b\u0107 i niezawodno\u015b\u0107 fajki wodnej, u\u0142atwia konserwacj\u0119, przechowywanie i transport. Fajka jest odpowiednia zar\u00f3wno dla mi\u0142o\u015bnik\u00f3w lekkiego dymu, poniewa\u017c posiada dyfuzor, jak i dla ci\u0119\u017cszych, poniewa\u017c istnieje mo\u017cliwo\u015b\u0107 odkr\u0119cenia dyfuzora. Ta fajka wodna jest r\u00f3wnie\u017c odpowiednia dla nowicjuszy w bran\u017cy fajki wodnej, poniewa\u017c poziom wody jest oznaczony w trzonie fajki wodnej, dzi\u0119ki czemu do kolby dodaje si\u0119 odpowiedni\u0105 ilo\u015b\u0107 wody.<\/p>\n<p><strong>Fajka wodna NA GRANI nie jest dostarczana w komplecie z butelk\u0105. <\/strong>Wed\u0142ug producenta gust ka\u017cdego jest inny, wi\u0119c w tym miejscu jest dowolno\u015b\u0107 w wyborze kolby, kt\u00f3ra Ci si\u0119 podoba. Kolba jest uniwersalna.<\/p>\n<p><strong>Specyfikacja:<\/strong><br \/>\nTrakcja: klasyczna i dyfuzor (odkr\u0119cany dyfuzor)<br \/>\nWa\u0142: stal nierdzewna<br \/>\nDmuchanie fajki wodnej: pionowo w g\u00f3r\u0119.<br \/>\nKraj producenta: Rosja<\/p>\n<p><strong>W sk\u0142ad zestawu wchodz\u0105:<\/strong><br \/>\n-Wa\u0142 (do wyboru) od dyfuzora do przek\u0142adki pod kubek 48,5cm<br \/>\n- Talerz 20 cm<br \/>\n-Dyfuzor (obroty, bez regulacji)<br \/>\n-W\u0105\u017c silikonowy czarny (mi\u0119kki w dotyku) 1,5 m.<br \/>\n- Ustnik 28 cm.<br \/>\n- Przek\u0142adki<br \/>\n-Drewniane pude\u0142ko (torba)<\/p>\n<p>&nbsp;<\/p>\n<p>Czy masz jakie\u015b pytania? Skontaktuj si\u0119 z nami\u00a0<a href=\"https:\/\/hookahshop.lt\/pl\/lacznosc\/\">strona z kontaktami<\/a>\u00a0lub napisz do nas na adres\u00a0<a href=\"https:\/\/facebook.com\/HookahShop.lt\/\" target=\"_blank\" rel=\"noopener noreferrer\">konto na Facebooku<\/a>\u00a0a my odpowiemy na Twoj\u0105 pro\u015bb\u0119 tego samego dnia.<\/p>","protected":false},"excerpt":{"rendered":"<p>Fajka NA GRANI Model 1 Wysoka jako\u015b\u0107 i minimalistyczny design fajki wodnej przyci\u0105ga uwag\u0119. Dla tych, kt\u00f3rzy lubi\u0105 kompaktowe fajki wodne lub tych, kt\u00f3rzy chc\u0105 zabra\u0107 ma\u0142\u0105 fajk\u0119 wodn\u0105 w natur\u0119, ten model jest idealny, poniewa\u017c wyr\u00f3\u017cnia si\u0119 tym, \u017ce konstrukcja trzonka sk\u0142ada si\u0119 z kilku cz\u0119\u015bci, co pozwala na zmian\u0119 wysoko\u015bci trzonka. Ta fajka wodna wykonana jest ze stali nierdzewnej AISI \u2013 304 100%, [\u2026]<\/p>","protected":false},"featured_media":21542,"comment_status":"open","ping_status":"closed","template":"","meta":[],"_links":{"self":[{"href":"https:\/\/hookahshop.lt\/pl\/wp-json\/wp\/v2\/product\/21533"}],"collection":[{"href":"https:\/\/hookahshop.lt\/pl\/wp-json\/wp\/v2\/product"}],"about":[{"href":"https:\/\/hookahshop.lt\/pl\/wp-json\/wp\/v2\/types\/product"}],"replies":[{"embeddable":true,"href":"https:\/\/hookahshop.lt\/pl\/wp-json\/wp\/v2\/comments?post=21533"}],"version-history":[{"count":6,"href":"https:\/\/hookahshop.lt\/pl\/wp-json\/wp\/v2\/product\/21533\/revisions"}],"predecessor-version":[{"id":40351,"href":"https:\/\/hookahshop.lt\/pl\/wp-json\/wp\/v2\/product\/21533\/revisions\/40351"}],"wp:featuredmedia":[{"embeddable":true,"href":"https:\/\/hookahshop.lt\/pl\/wp-json\/wp\/v2\/media\/21542"}],"wp:attachment":[{"href":"https:\/\/hookahshop.lt\/pl\/wp-json\/wp\/v2\/media?parent=21533"}],"curies":[{"name":"wp","href":"https:\/\/api.w.org\/{rel}","templated":true}]}}