{"id":21853,"date":"2021-04-22T13:47:14","date_gmt":"2021-04-22T10:47:14","guid":{"rendered":"https:\/\/hookahshop.lt\/?post_type=product&#038;p=21853"},"modified":"2026-04-15T12:29:22","modified_gmt":"2026-04-15T09:29:22","slug":"turistine-dujine-virykle-su-apsauga","status":"publish","type":"product","link":"https:\/\/hookahshop.lt\/pl\/produkt\/turystyczna-kuchenka-gazowa-z-zabezpieczeniem\/","title":{"rendered":"Podr\u00f3\u017cna kuchenka gazowa z ochron\u0105"},"content":{"rendered":"<h2>Podr\u00f3\u017cna kuchenka gazowa z ochron\u0105<\/h2>\n<p>Doskona\u0142y stosunek masy do mocy sprawia, \u017ce kuchenka jest idealna dla turyst\u00f3w pieszych i turyst\u00f3w z plecakiem. Po z\u0142o\u017ceniu wspornik\u00f3w ze stali nierdzewnej mo\u017cna wygodnie przechowywa\u0107 piec w za\u0142\u0105czonej torbie.<\/p>\n<p><strong>Cechy produktu:<\/strong><\/p>\n<p>Piec wykonany jest z \u017caroodpornej i t\u0142oczonej stali.<br \/>\nZintegrowany zap\u0142on piezoelektryczny - nie wymaga zapa\u0142ek ani zapalniczek!<br \/>\nSi\u0142\u0119 p\u0142omienia reguluje si\u0119 wygodnym pokr\u0119t\u0142em \u2013 zaworem.<br \/>\nZintegrowana ochrona p\u0142omienia przed podmuchami powietrza.<br \/>\nStosowane s\u0105 tanie i popularne kanistry MSF-1a!<br \/>\nPiec jest \u0142atwy w monta\u017cu, wygodny w u\u017cytkowaniu i czyszczeniu!<br \/>\nUWAGA: kanister nale\u017cy pod\u0142\u0105czy\u0107 do z\u0142\u0105cza (do pokr\u0119t\u0142a regulacji przep\u0142ywu gazu) i przykr\u0119ci\u0107 do momentu zablokowania w dw\u00f3ch miejscach blokuj\u0105cych! Po ka\u017cdym u\u017cyciu kanister nale\u017cy zdemontowa\u0107!<\/p>\n<p><strong>Dane techniczne:<\/strong><\/p>\n<p>Typ kanistra: MSF-1a<br \/>\nMateria\u0142: stal<br \/>\nZap\u0142on: Piezoelektryczny (nie wymaga zapa\u0142ek\/zapalniczki)<br \/>\nWygodna regulacja p\u0142omienia (pokr\u0119t\u0142o)<br \/>\nWysoko\u015b\u0107: 9 cm<br \/>\nSzeroko\u015b\u0107: 20 cm<br \/>\nKolor: czerwony i srebrny<br \/>\nW zestawie torba podr\u00f3\u017cna<br \/>\nOpakowanie: pude\u0142ko kartonowe<br \/>\n<strong>UWAGA: Zestaw nie zawiera kanistra<\/strong><\/p>\n<p>Czy masz jakie\u015b pytania? Skontaktuj si\u0119 z nami\u00a0<a href=\"https:\/\/hookahshop.lt\/pl\/lacznosc\/\">strona z kontaktami<\/a>\u00a0lub napisz do nas na adres\u00a0<a href=\"https:\/\/facebook.com\/HookahShop.lt\/\" target=\"_blank\" rel=\"noopener noreferrer\">konto na Facebooku<\/a>\u00a0a my odpowiemy na Twoj\u0105 pro\u015bb\u0119 tego samego dnia.<\/p>","protected":false},"excerpt":{"rendered":"<p>Turystyczna kuchenka gazowa z zabezpieczeniem Dzi\u0119ki doskona\u0142emu stosunkowi masy do mocy, kuchenka jest idealna dla turyst\u00f3w pieszych i podr\u00f3\u017cnik\u00f3w. Po z\u0142o\u017ceniu wspornik\u00f3w ze stali nierdzewnej mo\u017cna wygodnie przechowywa\u0107 piec w do\u0142\u0105czonej torbie. Cechy produktu: Piec wykonany jest ze stali \u017caroodpornej i t\u0142oczonej. Zintegrowany zap\u0142on piezoelektryczny - nie wymaga zapa\u0142ek ani zapalniczek! Si\u0142\u0119 p\u0142omienia reguluje si\u0119 wygodnym pokr\u0119t\u0142em \u2013 zaworem. Zintegrowana ochrona p\u0142omienia przed podmuchami powietrza. U\u017cywane, tanie [\u2026]<\/p>","protected":false},"featured_media":21855,"comment_status":"open","ping_status":"closed","template":"","meta":[],"_links":{"self":[{"href":"https:\/\/hookahshop.lt\/pl\/wp-json\/wp\/v2\/product\/21853"}],"collection":[{"href":"https:\/\/hookahshop.lt\/pl\/wp-json\/wp\/v2\/product"}],"about":[{"href":"https:\/\/hookahshop.lt\/pl\/wp-json\/wp\/v2\/types\/product"}],"replies":[{"embeddable":true,"href":"https:\/\/hookahshop.lt\/pl\/wp-json\/wp\/v2\/comments?post=21853"}],"version-history":[{"count":3,"href":"https:\/\/hookahshop.lt\/pl\/wp-json\/wp\/v2\/product\/21853\/revisions"}],"predecessor-version":[{"id":21859,"href":"https:\/\/hookahshop.lt\/pl\/wp-json\/wp\/v2\/product\/21853\/revisions\/21859"}],"wp:featuredmedia":[{"embeddable":true,"href":"https:\/\/hookahshop.lt\/pl\/wp-json\/wp\/v2\/media\/21855"}],"wp:attachment":[{"href":"https:\/\/hookahshop.lt\/pl\/wp-json\/wp\/v2\/media?parent=21853"}],"curies":[{"name":"wp","href":"https:\/\/api.w.org\/{rel}","templated":true}]}}