{"id":21861,"date":"2021-04-22T14:41:41","date_gmt":"2021-04-22T11:41:41","guid":{"rendered":"https:\/\/hookahshop.lt\/?post_type=product&#038;p=21861"},"modified":"2026-04-26T23:29:28","modified_gmt":"2026-04-26T20:29:28","slug":"kolba-kaljanui-aladin-admiral-black","status":"publish","type":"product","link":"https:\/\/hookahshop.lt\/pl\/produkt\/kolba-na-szisze-aladyna-admirala-czarna\/","title":{"rendered":"Haczyk na piersi\u00f3wk\u0119 z gwintem ALADIN Admiral Black"},"content":{"rendered":"<h2>Haczyk na piersi\u00f3wk\u0119 z gwintem ALADIN Admiral Black<\/h2>\n<p>Kolba gwintowana przeznaczona jest wy\u0142\u0105cznie do fajki wodnej ALADIN Admiral.<br \/>\nCzarny kolor.<\/p>\n<p>&nbsp;<\/p>\n<p>Czy masz jakie\u015b pytania? Skontaktuj si\u0119 z nami\u00a0<a href=\"https:\/\/hookahshop.lt\/pl\/lacznosc\/\">strona z kontaktami<\/a>\u00a0lub napisz do nas na adres\u00a0<a href=\"https:\/\/facebook.com\/HookahShop.lt\/\" target=\"_blank\" rel=\"noopener noreferrer\">konto na Facebooku<\/a>\u00a0a my odpowiemy na Twoj\u0105 pro\u015bb\u0119 tego samego dnia.<\/p>\n<p>&nbsp;<\/p>\n<p>&nbsp;<\/p>\n<p>&nbsp;<\/p>","protected":false},"excerpt":{"rendered":"<p>Piersi\u00f3wka do fajki wodnej z gwintem ALADIN Admiral Czarna Kolba z gwintem przeznaczona wy\u0142\u0105cznie do fajki wodnej ALADIN Admiral. Kolor jest czarny.  Czy masz jakie\u015b pytania? Skontaktuj si\u0119 z nami na stronie kontaktowej lub napisz do nas na naszym koncie na Facebooku, a my odpowiemy na Twoj\u0105 pro\u015bb\u0119 jeszcze tego samego dnia. &nbsp; &nbsp; &nbsp;<\/p>","protected":false},"featured_media":21871,"comment_status":"open","ping_status":"closed","template":"","meta":[],"_links":{"self":[{"href":"https:\/\/hookahshop.lt\/pl\/wp-json\/wp\/v2\/product\/21861"}],"collection":[{"href":"https:\/\/hookahshop.lt\/pl\/wp-json\/wp\/v2\/product"}],"about":[{"href":"https:\/\/hookahshop.lt\/pl\/wp-json\/wp\/v2\/types\/product"}],"replies":[{"embeddable":true,"href":"https:\/\/hookahshop.lt\/pl\/wp-json\/wp\/v2\/comments?post=21861"}],"version-history":[{"count":4,"href":"https:\/\/hookahshop.lt\/pl\/wp-json\/wp\/v2\/product\/21861\/revisions"}],"predecessor-version":[{"id":42983,"href":"https:\/\/hookahshop.lt\/pl\/wp-json\/wp\/v2\/product\/21861\/revisions\/42983"}],"wp:featuredmedia":[{"embeddable":true,"href":"https:\/\/hookahshop.lt\/pl\/wp-json\/wp\/v2\/media\/21871"}],"wp:attachment":[{"href":"https:\/\/hookahshop.lt\/pl\/wp-json\/wp\/v2\/media?parent=21861"}],"curies":[{"name":"wp","href":"https:\/\/api.w.org\/{rel}","templated":true}]}}