{"id":21865,"date":"2021-04-22T14:51:19","date_gmt":"2021-04-22T11:51:19","guid":{"rendered":"https:\/\/hookahshop.lt\/?post_type=product&#038;p=21865"},"modified":"2026-04-29T23:29:19","modified_gmt":"2026-04-29T20:29:19","slug":"kolba-kaljanui-aladin-alux-admiral-black","status":"publish","type":"product","link":"https:\/\/hookahshop.lt\/pl\/produkt\/flask-for-hookah-aladin-alux-admiral-black\/","title":{"rendered":"Haczyk na kolb\u0119 z gwintem ALADIN Alux Admiral Gold"},"content":{"rendered":"<h2>Haczyk na kolb\u0119 z gwintem ALADIN Alux Admiral Gold<\/h2>\n<p>Gwintowana kolba nadaje si\u0119 tylko do fajki wodnej ALADIN Alux.<br \/>\nKolor - z\u0142oty.<\/p>\n<p>Czy masz jakie\u015b pytania? Skontaktuj si\u0119 z nami\u00a0<a href=\"https:\/\/hookahshop.lt\/pl\/lacznosc\/\">strona z kontaktami<\/a>\u00a0lub napisz do nas na adres\u00a0<a href=\"https:\/\/facebook.com\/HookahShop.lt\/\" target=\"_blank\" rel=\"noopener noreferrer\">konto na Facebooku<\/a>\u00a0a my odpowiemy na Twoj\u0105 pro\u015bb\u0119 tego samego dnia.<\/p>","protected":false},"excerpt":{"rendered":"<p>Kolba do fajki wodnej z gwintem ALADIN Alux Admiral Gold Kolba z gwintem nadaje si\u0119 wy\u0142\u0105cznie do fajki wodnej ALADIN Alux. Kolor - z\u0142oty. Masz pytania? Skontaktuj si\u0119 z nami na stronie kontaktowej lub napisz do nas na Facebooku, a odpowiemy na Twoje zapytanie tego samego dnia.<\/p>","protected":false},"featured_media":21873,"comment_status":"open","ping_status":"closed","template":"","meta":[],"_links":{"self":[{"href":"https:\/\/hookahshop.lt\/pl\/wp-json\/wp\/v2\/product\/21865"}],"collection":[{"href":"https:\/\/hookahshop.lt\/pl\/wp-json\/wp\/v2\/product"}],"about":[{"href":"https:\/\/hookahshop.lt\/pl\/wp-json\/wp\/v2\/types\/product"}],"replies":[{"embeddable":true,"href":"https:\/\/hookahshop.lt\/pl\/wp-json\/wp\/v2\/comments?post=21865"}],"version-history":[{"count":6,"href":"https:\/\/hookahshop.lt\/pl\/wp-json\/wp\/v2\/product\/21865\/revisions"}],"predecessor-version":[{"id":42977,"href":"https:\/\/hookahshop.lt\/pl\/wp-json\/wp\/v2\/product\/21865\/revisions\/42977"}],"wp:featuredmedia":[{"embeddable":true,"href":"https:\/\/hookahshop.lt\/pl\/wp-json\/wp\/v2\/media\/21873"}],"wp:attachment":[{"href":"https:\/\/hookahshop.lt\/pl\/wp-json\/wp\/v2\/media?parent=21865"}],"curies":[{"name":"wp","href":"https:\/\/api.w.org\/{rel}","templated":true}]}}