{"id":21870,"date":"2021-04-22T15:14:05","date_gmt":"2021-04-22T12:14:05","guid":{"rendered":"https:\/\/hookahshop.lt\/?post_type=product&#038;p=21870"},"modified":"2026-04-14T23:28:56","modified_gmt":"2026-04-14T20:28:56","slug":"kaljanas-ocean-hookah-kaif-steel-blue-chrome","status":"publish","type":"product","link":"https:\/\/hookahshop.lt\/pl\/produkt\/szisza-ocean-szisza-kaif-stalowo-niebiesko-chromowana\/","title":{"rendered":"Fajka wodna OCEAN HOOKAH Kaif Stalowo-niebieska chromowana"},"content":{"rendered":"<h2>Fajka wodna OCEAN Fajka wodna Kaif Stalowy niebieski chrom<\/h2>\n<p>Wszystkie metalowe cz\u0119\u015bci fajki wodnej wykonane s\u0105 ze stali nierdzewnej V2A. Ten Ocean nie by\u0142 jak zwykle produkowany w Niemczech, ale kontrol\u0119 jako\u015bci zapewnia firma OCEAN GmbH.<\/p>\n<p><strong>Ekwipunek:<\/strong><\/p>\n<p>Uszczelka kubka<br \/>\nAdapter do kubk\u00f3w<br \/>\nTalerz<br \/>\n\u0141odyga wykonana jest z akrylu<br \/>\nPodstawa z jednym przy\u0142\u0105czem w\u0119\u017ca<br \/>\nRura zatapialna (szyb)<br \/>\nDyfuzor<br \/>\nUstnik wykonany jest z akrylu<br \/>\nCzarny matowy w\u0105\u017c silikonowy<br \/>\nKolba<br \/>\nSzczypce<\/p>\n<p><strong>Dane techniczne:<\/strong><\/p>\n<p>Wysoko\u015b\u0107 ca\u0142kowita: oko\u0142o 58 cm<br \/>\nD\u0142ugo\u015b\u0107 rurki zanurzeniowej z dyfuzorem: ok. 20,5 cm<br \/>\nD\u0142ugo\u015b\u0107 ustnika: oko\u0142o 35,5 cm<\/p>\n<p>Czy masz jakie\u015b pytania? Skontaktuj si\u0119 z nami\u00a0<a href=\"https:\/\/hookahshop.lt\/pl\/lacznosc\/\">strona z kontaktami<\/a>\u00a0lub napisz do nas na adres\u00a0<a href=\"https:\/\/facebook.com\/HookahShop.lt\/\" target=\"_blank\" rel=\"noopener noreferrer\">konto na Facebooku<\/a>\u00a0a my odpowiemy na Twoj\u0105 pro\u015bb\u0119 tego samego dnia.<\/p>","protected":false},"excerpt":{"rendered":"<p>Hookah OCEAN Hookah Kaif Stalowy Niebieski Chrom Wszystkie metalowe cz\u0119\u015bci hookah wykonane s\u0105 ze stali nierdzewnej V2A. Ten Ocean nie zosta\u0142 wyprodukowany w Niemczech, jak zwykle, ale kontrola jako\u015bci jest zapewniona przez OCEAN GmbH. Kompletny zestaw: Uszczelka kubka Adapter kubka Spodek Trzonek wykonany z akrylu Podstawa z jednym przy\u0142\u0105czem w\u0119\u017ca Rurka zanurzeniowa (trzon) Dyfuzor Ustnik wykonany z akrylu Matowa czer\u0144 [\u2026]<\/p>","protected":false},"featured_media":21891,"comment_status":"open","ping_status":"closed","template":"","meta":[],"_links":{"self":[{"href":"https:\/\/hookahshop.lt\/pl\/wp-json\/wp\/v2\/product\/21870"}],"collection":[{"href":"https:\/\/hookahshop.lt\/pl\/wp-json\/wp\/v2\/product"}],"about":[{"href":"https:\/\/hookahshop.lt\/pl\/wp-json\/wp\/v2\/types\/product"}],"replies":[{"embeddable":true,"href":"https:\/\/hookahshop.lt\/pl\/wp-json\/wp\/v2\/comments?post=21870"}],"version-history":[{"count":3,"href":"https:\/\/hookahshop.lt\/pl\/wp-json\/wp\/v2\/product\/21870\/revisions"}],"predecessor-version":[{"id":22938,"href":"https:\/\/hookahshop.lt\/pl\/wp-json\/wp\/v2\/product\/21870\/revisions\/22938"}],"wp:featuredmedia":[{"embeddable":true,"href":"https:\/\/hookahshop.lt\/pl\/wp-json\/wp\/v2\/media\/21891"}],"wp:attachment":[{"href":"https:\/\/hookahshop.lt\/pl\/wp-json\/wp\/v2\/media?parent=21870"}],"curies":[{"name":"wp","href":"https:\/\/api.w.org\/{rel}","templated":true}]}}