{"id":21875,"date":"2021-04-22T15:03:28","date_gmt":"2021-04-22T12:03:28","guid":{"rendered":"https:\/\/hookahshop.lt\/?post_type=product&#038;p=21875"},"modified":"2026-04-24T23:29:18","modified_gmt":"2026-04-24T20:29:18","slug":"kolba-kaljanui-su-sriegiu-aladin-alux-admiral-silver","status":"publish","type":"product","link":"https:\/\/hookahshop.lt\/pl\/produkt\/flakon-szisza-z-nitka-aladin-alux-admiral-silver\/","title":{"rendered":"Haczyk na piersi\u00f3wk\u0119 z gwintem ALADIN Alux Admiral Silver"},"content":{"rendered":"<h2 class=\"product--title\">Haczyk na piersi\u00f3wk\u0119 z gwintem ALADIN Alux Admiral Silver<\/h2>\n<p>Kolba gwintowana przeznaczona jest wy\u0142\u0105cznie do fajki wodnej ALADIN Admiral.<br \/>\nKolor jest srebrny.<\/p>\n<p>&nbsp;<\/p>\n<p>Czy masz jakie\u015b pytania? Skontaktuj si\u0119 z nami\u00a0<a href=\"https:\/\/hookahshop.lt\/pl\/lacznosc\/\">strona z kontaktami<\/a>\u00a0lub napisz do nas na adres\u00a0<a href=\"https:\/\/facebook.com\/HookahShop.lt\/\" target=\"_blank\" rel=\"noopener noreferrer\">konto na Facebooku<\/a>\u00a0a my odpowiemy na Twoj\u0105 pro\u015bb\u0119 tego samego dnia.<\/p>\n<p>&nbsp;<\/p>","protected":false},"excerpt":{"rendered":"<p>Kolba do fajki wodnej z gwintem ALADIN Alux Admiral Silver Kolba z gwintem przeznaczona jest wy\u0142\u0105cznie do fajki wodnej ALADIN Admiral. Kolor jest srebrny.  Czy masz jakie\u015b pytania? Skontaktuj si\u0119 z nami na stronie kontaktowej lub napisz do nas na naszym koncie na Facebooku, a my odpowiemy na Twoj\u0105 pro\u015bb\u0119 jeszcze tego samego dnia. &nbsp;<\/p>","protected":false},"featured_media":21880,"comment_status":"open","ping_status":"closed","template":"","meta":[],"_links":{"self":[{"href":"https:\/\/hookahshop.lt\/pl\/wp-json\/wp\/v2\/product\/21875"}],"collection":[{"href":"https:\/\/hookahshop.lt\/pl\/wp-json\/wp\/v2\/product"}],"about":[{"href":"https:\/\/hookahshop.lt\/pl\/wp-json\/wp\/v2\/types\/product"}],"replies":[{"embeddable":true,"href":"https:\/\/hookahshop.lt\/pl\/wp-json\/wp\/v2\/comments?post=21875"}],"version-history":[{"count":5,"href":"https:\/\/hookahshop.lt\/pl\/wp-json\/wp\/v2\/product\/21875\/revisions"}],"predecessor-version":[{"id":40386,"href":"https:\/\/hookahshop.lt\/pl\/wp-json\/wp\/v2\/product\/21875\/revisions\/40386"}],"wp:featuredmedia":[{"embeddable":true,"href":"https:\/\/hookahshop.lt\/pl\/wp-json\/wp\/v2\/media\/21880"}],"wp:attachment":[{"href":"https:\/\/hookahshop.lt\/pl\/wp-json\/wp\/v2\/media?parent=21875"}],"curies":[{"name":"wp","href":"https:\/\/api.w.org\/{rel}","templated":true}]}}