{"id":21883,"date":"2021-04-22T15:08:03","date_gmt":"2021-04-22T12:08:03","guid":{"rendered":"https:\/\/hookahshop.lt\/?post_type=product&#038;p=21883"},"modified":"2026-04-06T23:29:03","modified_gmt":"2026-04-06T20:29:03","slug":"kolba-kaljanui-su-sriegiu-aladin-alux-m1-black","status":"publish","type":"product","link":"https:\/\/hookahshop.lt\/pl\/produkt\/kolba-do-sziszy-z-nitka-aladin-alux-m1-czarna\/","title":{"rendered":"Haczyk na kolb\u0119 z gwintem ALADIN Alux M1 Czarny"},"content":{"rendered":"<h2>Haczyk na kolb\u0119 z gwintem ALADIN Alux M1 Czarny<\/h2>\n<p>Kolba z nitk\u0105 przeznaczona jest tylko do fajki wodnej ALADIN Alux M1.<br \/>\nKolor czarny.<\/p>\n<p>&nbsp;<\/p>\n<p>Czy masz jakie\u015b pytania? Skontaktuj si\u0119 z nami\u00a0<a href=\"https:\/\/hookahshop.lt\/pl\/lacznosc\/\">strona z kontaktami<\/a>\u00a0lub napisz do nas na adres\u00a0<a href=\"https:\/\/facebook.com\/HookahShop.lt\/\" target=\"_blank\" rel=\"noopener noreferrer\">konto na Facebooku<\/a>\u00a0a my odpowiemy na Twoj\u0105 pro\u015bb\u0119 tego samego dnia.<\/p>","protected":false},"excerpt":{"rendered":"<p>Kolba do fajki wodnej z gwintem ALADIN Alux M1 Czarna Kolba z gwintem przeznaczona jest wy\u0142\u0105cznie do fajki wodnej ALADIN Alux M1. Kolor jest czarny.  Czy masz jakie\u015b pytania? Skontaktuj si\u0119 z nami na stronie kontaktowej lub napisz do nas na naszym koncie na Facebooku, a my odpowiemy na Twoj\u0105 pro\u015bb\u0119 jeszcze tego samego dnia.<\/p>","protected":false},"featured_media":21884,"comment_status":"open","ping_status":"closed","template":"","meta":[],"_links":{"self":[{"href":"https:\/\/hookahshop.lt\/pl\/wp-json\/wp\/v2\/product\/21883"}],"collection":[{"href":"https:\/\/hookahshop.lt\/pl\/wp-json\/wp\/v2\/product"}],"about":[{"href":"https:\/\/hookahshop.lt\/pl\/wp-json\/wp\/v2\/types\/product"}],"replies":[{"embeddable":true,"href":"https:\/\/hookahshop.lt\/pl\/wp-json\/wp\/v2\/comments?post=21883"}],"version-history":[{"count":4,"href":"https:\/\/hookahshop.lt\/pl\/wp-json\/wp\/v2\/product\/21883\/revisions"}],"predecessor-version":[{"id":42978,"href":"https:\/\/hookahshop.lt\/pl\/wp-json\/wp\/v2\/product\/21883\/revisions\/42978"}],"wp:featuredmedia":[{"embeddable":true,"href":"https:\/\/hookahshop.lt\/pl\/wp-json\/wp\/v2\/media\/21884"}],"wp:attachment":[{"href":"https:\/\/hookahshop.lt\/pl\/wp-json\/wp\/v2\/media?parent=21883"}],"curies":[{"name":"wp","href":"https:\/\/api.w.org\/{rel}","templated":true}]}}