{"id":21896,"date":"2021-04-22T15:28:09","date_gmt":"2021-04-22T12:28:09","guid":{"rendered":"https:\/\/hookahshop.lt\/?post_type=product&#038;p=21896"},"modified":"2026-04-14T23:28:55","modified_gmt":"2026-04-14T20:28:55","slug":"kaljanas-ocean-hookah-kaif-gold-black","status":"publish","type":"product","link":"https:\/\/hookahshop.lt\/pl\/produkt\/fajka-ocean-szisza-kaif-zloto-czarna\/","title":{"rendered":"Fajka wodna OCEAN HOOKAH Kaif Gold Black"},"content":{"rendered":"<h2>Szisza OCEAN Szisza Kaif Z\u0142ota Czarna<\/h2>\n<p>Wszystkie metalowe cz\u0119\u015bci fajki wodnej wykonane s\u0105 ze stali nierdzewnej V2A. Ten Ocean nie by\u0142 jak zwykle produkowany w Niemczech, ale kontrol\u0119 jako\u015bci zapewnia firma OCEAN GmbH.<\/p>\n<p><strong>Ekwipunek:<\/strong><\/p>\n<p>Uszczelka kubka<br \/>\nAdapter do kubk\u00f3w<br \/>\nTalerz<br \/>\n\u0141odyga wykonana jest z akrylu<br \/>\nPodstawa z jednym przy\u0142\u0105czem w\u0119\u017ca<br \/>\nRura zatapialna (szyb)<br \/>\nDyfuzor<br \/>\nUstnik wykonany jest z akrylu<br \/>\nCzarny matowy w\u0105\u017c silikonowy<br \/>\nKolba<br \/>\nSzczypce<\/p>\n<p><strong>Dane techniczne:<\/strong><\/p>\n<p>Wysoko\u015b\u0107 ca\u0142kowita: oko\u0142o 58 cm<br \/>\nD\u0142ugo\u015b\u0107 rurki zanurzeniowej z dyfuzorem: ok. 20,5 cm<br \/>\nD\u0142ugo\u015b\u0107 ustnika: oko\u0142o 35,5 cm<\/p>\n<p>Czy masz jakie\u015b pytania? Skontaktuj si\u0119 z nami\u00a0<a href=\"https:\/\/hookahshop.lt\/pl\/lacznosc\/\">strona z kontaktami<\/a>\u00a0lub napisz do nas na adres\u00a0<a href=\"https:\/\/facebook.com\/HookahShop.lt\/\" target=\"_blank\" rel=\"noopener noreferrer\">konto na Facebooku<\/a>\u00a0a my odpowiemy na Twoj\u0105 pro\u015bb\u0119 tego samego dnia.<\/p>","protected":false},"excerpt":{"rendered":"<p>Szisza OCEAN Szisza Kaif Z\u0142ota Czarna Wszystkie metalowe cz\u0119\u015bci fajki wodnej wykonane s\u0105 ze stali nierdzewnej V2A. Ten Ocean nie zosta\u0142 jak zwykle wyprodukowany w Niemczech, ale kontrol\u0119 jako\u015bci zapewnia OCEAN GmbH. Kompletny zestaw: Przek\u0142adka do kubka Adapter do kubka P\u0142ytka Trzpie\u0144 wykonany z akrylu Podstawa z jednym przy\u0142\u0105czem w\u0119\u017ca Rurka zanurzeniowa (trzon) Dyfuzor Ustnik wykonany z akrylu Czarny matowy silikon [...]<\/p>","protected":false},"featured_media":21920,"comment_status":"open","ping_status":"closed","template":"","meta":[],"_links":{"self":[{"href":"https:\/\/hookahshop.lt\/pl\/wp-json\/wp\/v2\/product\/21896"}],"collection":[{"href":"https:\/\/hookahshop.lt\/pl\/wp-json\/wp\/v2\/product"}],"about":[{"href":"https:\/\/hookahshop.lt\/pl\/wp-json\/wp\/v2\/types\/product"}],"replies":[{"embeddable":true,"href":"https:\/\/hookahshop.lt\/pl\/wp-json\/wp\/v2\/comments?post=21896"}],"version-history":[{"count":3,"href":"https:\/\/hookahshop.lt\/pl\/wp-json\/wp\/v2\/product\/21896\/revisions"}],"predecessor-version":[{"id":22934,"href":"https:\/\/hookahshop.lt\/pl\/wp-json\/wp\/v2\/product\/21896\/revisions\/22934"}],"wp:featuredmedia":[{"embeddable":true,"href":"https:\/\/hookahshop.lt\/pl\/wp-json\/wp\/v2\/media\/21920"}],"wp:attachment":[{"href":"https:\/\/hookahshop.lt\/pl\/wp-json\/wp\/v2\/media?parent=21896"}],"curies":[{"name":"wp","href":"https:\/\/api.w.org\/{rel}","templated":true}]}}