{"id":21914,"date":"2021-04-22T15:24:45","date_gmt":"2021-04-22T12:24:45","guid":{"rendered":"https:\/\/hookahshop.lt\/?post_type=product&#038;p=21914"},"modified":"2026-04-17T23:29:31","modified_gmt":"2026-04-17T20:29:31","slug":"kolba-kaljanui-su-sriegiu-aladin-alux-m4-black","status":"publish","type":"product","link":"https:\/\/hookahshop.lt\/pl\/produkt\/kolba-do-sziszy-z-gwintem-aladin-alux-m4-czarna\/","title":{"rendered":"Haczyk na kolb\u0119 z gwintem ALADIN Alux M4 Czarny"},"content":{"rendered":"<h2>Haczyk na kolb\u0119 z gwintem ALADIN Alux M4 Czarny<\/h2>\n<p>Gwintowana kolba jest przeznaczona tylko do fajki wodnej ALADIN Alux M4.<br \/>\nKolor czarny.<\/p>\n<p>&nbsp;<\/p>\n<p>Czy masz jakie\u015b pytania? Skontaktuj si\u0119 z nami\u00a0<a href=\"https:\/\/hookahshop.lt\/pl\/lacznosc\/\">strona z kontaktami<\/a>\u00a0lub napisz do nas na adres\u00a0<a href=\"https:\/\/facebook.com\/HookahShop.lt\/\" target=\"_blank\" rel=\"noopener noreferrer\">konto na Facebooku<\/a>\u00a0a my odpowiemy na Twoj\u0105 pro\u015bb\u0119 tego samego dnia.<\/p>","protected":false},"excerpt":{"rendered":"<p>Kolba do fajki wodnej z gwintem ALADIN Alux M4 Czarna Kolba z gwintem przeznaczona jest wy\u0142\u0105cznie do fajki wodnej ALADIN Alux M4. Kolor jest czarny.  Czy masz jakie\u015b pytania? Skontaktuj si\u0119 z nami na stronie kontaktowej lub napisz do nas na naszym koncie na Facebooku, a my odpowiemy na Twoj\u0105 pro\u015bb\u0119 jeszcze tego samego dnia.<\/p>","protected":false},"featured_media":21915,"comment_status":"open","ping_status":"closed","template":"","meta":[],"_links":{"self":[{"href":"https:\/\/hookahshop.lt\/pl\/wp-json\/wp\/v2\/product\/21914"}],"collection":[{"href":"https:\/\/hookahshop.lt\/pl\/wp-json\/wp\/v2\/product"}],"about":[{"href":"https:\/\/hookahshop.lt\/pl\/wp-json\/wp\/v2\/types\/product"}],"replies":[{"embeddable":true,"href":"https:\/\/hookahshop.lt\/pl\/wp-json\/wp\/v2\/comments?post=21914"}],"version-history":[{"count":3,"href":"https:\/\/hookahshop.lt\/pl\/wp-json\/wp\/v2\/product\/21914\/revisions"}],"predecessor-version":[{"id":21918,"href":"https:\/\/hookahshop.lt\/pl\/wp-json\/wp\/v2\/product\/21914\/revisions\/21918"}],"wp:featuredmedia":[{"embeddable":true,"href":"https:\/\/hookahshop.lt\/pl\/wp-json\/wp\/v2\/media\/21915"}],"wp:attachment":[{"href":"https:\/\/hookahshop.lt\/pl\/wp-json\/wp\/v2\/media?parent=21914"}],"curies":[{"name":"wp","href":"https:\/\/api.w.org\/{rel}","templated":true}]}}