{"id":21919,"date":"2021-04-22T15:29:44","date_gmt":"2021-04-22T12:29:44","guid":{"rendered":"https:\/\/hookahshop.lt\/?post_type=product&#038;p=21919"},"modified":"2026-04-06T23:29:03","modified_gmt":"2026-04-06T20:29:03","slug":"kolba-kaljanui-su-sriegiu-aladin-alux-m4-white","status":"publish","type":"product","link":"https:\/\/hookahshop.lt\/pl\/produkt\/kolba-do-sziszy-z-nicia-aladin-alux-m4-biala\/","title":{"rendered":"Haczyk na kolb\u0119 z gwintem ALADIN Alux M4 Bia\u0142y"},"content":{"rendered":"<h2>Haczyk na kolb\u0119 z gwintem ALADIN Alux M4 Bia\u0142y<\/h2>\n<p>Gwintowana kolba jest przeznaczona tylko do fajki wodnej ALADIN Alux M4.<br \/>\nKolor jest bia\u0142y.<\/p>\n<p>&nbsp;<\/p>\n<p>Czy masz jakie\u015b pytania? Skontaktuj si\u0119 z nami\u00a0<a href=\"https:\/\/hookahshop.lt\/pl\/lacznosc\/\">strona z kontaktami<\/a>\u00a0lub napisz do nas na adres\u00a0<a href=\"https:\/\/facebook.com\/HookahShop.lt\/\" target=\"_blank\" rel=\"noopener noreferrer\">konto na Facebooku<\/a>\u00a0a my odpowiemy na Twoj\u0105 pro\u015bb\u0119 tego samego dnia.<\/p>","protected":false},"excerpt":{"rendered":"<p>Kolba do fajki wodnej z gwintem ALADIN Alux M4 Bia\u0142a Kolba z gwintem przeznaczona jest wy\u0142\u0105cznie do fajki wodnej ALADIN Alux M4. Kolor jest bia\u0142y.  Czy masz jakie\u015b pytania? Skontaktuj si\u0119 z nami na stronie kontaktowej lub napisz do nas na naszym koncie na Facebooku, a my odpowiemy na Twoj\u0105 pro\u015bb\u0119 jeszcze tego samego dnia.<\/p>","protected":false},"featured_media":21924,"comment_status":"open","ping_status":"closed","template":"","meta":[],"_links":{"self":[{"href":"https:\/\/hookahshop.lt\/pl\/wp-json\/wp\/v2\/product\/21919"}],"collection":[{"href":"https:\/\/hookahshop.lt\/pl\/wp-json\/wp\/v2\/product"}],"about":[{"href":"https:\/\/hookahshop.lt\/pl\/wp-json\/wp\/v2\/types\/product"}],"replies":[{"embeddable":true,"href":"https:\/\/hookahshop.lt\/pl\/wp-json\/wp\/v2\/comments?post=21919"}],"version-history":[{"count":3,"href":"https:\/\/hookahshop.lt\/pl\/wp-json\/wp\/v2\/product\/21919\/revisions"}],"predecessor-version":[{"id":37486,"href":"https:\/\/hookahshop.lt\/pl\/wp-json\/wp\/v2\/product\/21919\/revisions\/37486"}],"wp:featuredmedia":[{"embeddable":true,"href":"https:\/\/hookahshop.lt\/pl\/wp-json\/wp\/v2\/media\/21924"}],"wp:attachment":[{"href":"https:\/\/hookahshop.lt\/pl\/wp-json\/wp\/v2\/media?parent=21919"}],"curies":[{"name":"wp","href":"https:\/\/api.w.org\/{rel}","templated":true}]}}