{"id":21932,"date":"2021-04-22T20:06:57","date_gmt":"2021-04-22T17:06:57","guid":{"rendered":"https:\/\/hookahshop.lt\/?post_type=product&#038;p=21932"},"modified":"2026-04-14T23:29:07","modified_gmt":"2026-04-14T20:29:07","slug":"kolba-kaljanui-craft-transparent","status":"publish","type":"product","link":"https:\/\/hookahshop.lt\/pl\/produkt\/flask-for-hookah-craft-przezroczysty\/","title":{"rendered":"Kolba do fajki wodnej CRAFT Transparentna"},"content":{"rendered":"<h2>Kolba do fajki wodnej CRAFT Transparentna<\/h2>\n<p>Jest to uniwersalna kolba z przezroczystego szk\u0142a.<\/p>\n<p><strong><span title=\"\">Specyfikacje:<\/span><\/strong><br \/>\nWysoko\u015b\u0107: 265mm<br \/>\nWaga: ~ 1620 g<br \/>\n\u015arednica zewn\u0119trzna szyi: 74 mm<br \/>\nWewn\u0119trzna \u015brednica szyi: 47 mm<br \/>\nMateria\u0142 produktu: szk\u0142o<\/p>\n<p>Czy masz jakie\u015b pytania? Skontaktuj si\u0119 z nami\u00a0<a href=\"https:\/\/hookahshop.lt\/pl\/lacznosc\/\">strona z kontaktami<\/a>\u00a0lub napisz do nas na adres\u00a0<a href=\"https:\/\/facebook.com\/HookahShop.lt\/\" target=\"_blank\" rel=\"noopener noreferrer\">konto na Facebooku<\/a>\u00a0a my odpowiemy na Twoj\u0105 pro\u015bb\u0119 tego samego dnia.<\/p>","protected":false},"excerpt":{"rendered":"<p>Kolba kaljanui CRAFT Transparent Tai universali skaidri stiklin\u0117 kolba. Specifikacijos: Auk\u0161tis: 265 mm Svoris: ~ 1620 g I\u0161orinis kaklelio skersmuo: 74 mm Vidinis kaklelio skersmuo: 47 mm Produkto med\u017eiaga: stiklas Turite klausim\u0173? Susisiekite su mumis\u00a0kontakt\u0173 puslapyje\u00a0arba para\u0161ykite mums \u012f\u00a0Facebook paskyr\u0105\u00a0ir atsakysime \u012f j\u016bs\u0173 u\u017eklaus\u0105 dar t\u0105 pa\u010di\u0105 dien\u0105.<\/p>","protected":false},"featured_media":21940,"comment_status":"open","ping_status":"closed","template":"","meta":[],"_links":{"self":[{"href":"https:\/\/hookahshop.lt\/pl\/wp-json\/wp\/v2\/product\/21932"}],"collection":[{"href":"https:\/\/hookahshop.lt\/pl\/wp-json\/wp\/v2\/product"}],"about":[{"href":"https:\/\/hookahshop.lt\/pl\/wp-json\/wp\/v2\/types\/product"}],"replies":[{"embeddable":true,"href":"https:\/\/hookahshop.lt\/pl\/wp-json\/wp\/v2\/comments?post=21932"}],"version-history":[{"count":10,"href":"https:\/\/hookahshop.lt\/pl\/wp-json\/wp\/v2\/product\/21932\/revisions"}],"predecessor-version":[{"id":42565,"href":"https:\/\/hookahshop.lt\/pl\/wp-json\/wp\/v2\/product\/21932\/revisions\/42565"}],"wp:featuredmedia":[{"embeddable":true,"href":"https:\/\/hookahshop.lt\/pl\/wp-json\/wp\/v2\/media\/21940"}],"wp:attachment":[{"href":"https:\/\/hookahshop.lt\/pl\/wp-json\/wp\/v2\/media?parent=21932"}],"curies":[{"name":"wp","href":"https:\/\/api.w.org\/{rel}","templated":true}]}}