{"id":21941,"date":"2021-04-22T21:10:40","date_gmt":"2021-04-22T18:10:40","guid":{"rendered":"https:\/\/hookahshop.lt\/?post_type=product&#038;p=21941"},"modified":"2026-04-18T23:28:48","modified_gmt":"2026-04-18T20:28:48","slug":"kaljanas-ocean-hookah-kaif-s-black-onyx-midnight","status":"publish","type":"product","link":"https:\/\/hookahshop.lt\/pl\/produkt\/szisza-ocean-szisza-kaif-s-czarny-onyks-polnoc\/","title":{"rendered":"Fajka wodna OCEAN HOOKAH Kaif S Black Onyx Midnight"},"content":{"rendered":"<h2>Hookah OCEAN Hookah Kaif S Black Onyx Midnight<\/h2>\n<p>Wersja KAIF S ze znanym podpod\u0142ogowym uk\u0142adem wydechowym. Jego wysoko\u015b\u0107 to 39 cm, idealna do zabrania ze sob\u0105 w podr\u00f3\u017c lub u\u017cytkowania w domu.<\/p>\n<p><strong>Kompletny zestaw<\/strong><\/p>\n<p>Uszczelka kubka<br \/>\nAdapter do kubk\u00f3w<br \/>\nTalerz<br \/>\n\u0141odyga wykonana jest z akrylu<br \/>\nPodstawa z przy\u0142\u0105czem w\u0119\u017ca<br \/>\nRura zatapialna<br \/>\nDyfuzor<br \/>\nUstnik wykonany jest z akrylu<br \/>\nCzarny matowy w\u0105\u017c silikonowy<br \/>\nKolba<br \/>\nSzczypce<br \/>\nTorba na fajki wodne<\/p>\n<p>Czy masz jakie\u015b pytania? Skontaktuj si\u0119 z nami\u00a0<a href=\"https:\/\/hookahshop.lt\/pl\/lacznosc\/\">strona z kontaktami<\/a>\u00a0lub napisz do nas na adres\u00a0<a href=\"https:\/\/facebook.com\/HookahShop.lt\/\" target=\"_blank\" rel=\"noopener noreferrer\">konto na Facebooku<\/a>\u00a0a my odpowiemy na Twoj\u0105 pro\u015bb\u0119 tego samego dnia.<\/p>","protected":false},"excerpt":{"rendered":"<p>Szisza OCEAN Hookah Kaif S Black Onyx Midnight Wersja KAIF S ze znanym systemem nadmuchu pod ostrzem. Jego wysoko\u015b\u0107 wynosi 39 cm, idealnie nadaje si\u0119 do zabrania ze sob\u0105 w podr\u00f3\u017c lub do u\u017cytku w domu. Kompletny zestaw Przek\u0142adka do kubka Adapter do kubka P\u0142ytka Trzpie\u0144 wykonany z akrylu Podstawa z przy\u0142\u0105czem w\u0119\u017ca Zatapialna rurka Dyfuzor Ustnik wykonany z akrylu Czarny matowy [...]<\/p>","protected":false},"featured_media":21945,"comment_status":"open","ping_status":"closed","template":"","meta":[],"_links":{"self":[{"href":"https:\/\/hookahshop.lt\/pl\/wp-json\/wp\/v2\/product\/21941"}],"collection":[{"href":"https:\/\/hookahshop.lt\/pl\/wp-json\/wp\/v2\/product"}],"about":[{"href":"https:\/\/hookahshop.lt\/pl\/wp-json\/wp\/v2\/types\/product"}],"replies":[{"embeddable":true,"href":"https:\/\/hookahshop.lt\/pl\/wp-json\/wp\/v2\/comments?post=21941"}],"version-history":[{"count":4,"href":"https:\/\/hookahshop.lt\/pl\/wp-json\/wp\/v2\/product\/21941\/revisions"}],"predecessor-version":[{"id":23485,"href":"https:\/\/hookahshop.lt\/pl\/wp-json\/wp\/v2\/product\/21941\/revisions\/23485"}],"wp:featuredmedia":[{"embeddable":true,"href":"https:\/\/hookahshop.lt\/pl\/wp-json\/wp\/v2\/media\/21945"}],"wp:attachment":[{"href":"https:\/\/hookahshop.lt\/pl\/wp-json\/wp\/v2\/media?parent=21941"}],"curies":[{"name":"wp","href":"https:\/\/api.w.org\/{rel}","templated":true}]}}