{"id":21950,"date":"2021-04-22T21:17:29","date_gmt":"2021-04-22T18:17:29","guid":{"rendered":"https:\/\/hookahshop.lt\/?post_type=product&#038;p=21950"},"modified":"2026-04-18T23:28:58","modified_gmt":"2026-04-18T20:28:58","slug":"kolba-kaljanui-su-sriegiu-aladin-rocket-black-clear","status":"publish","type":"product","link":"https:\/\/hookahshop.lt\/pl\/produkt\/flaszka-szisza-z-nicia-aladyn-rakieta-czarna-przezroczysta\/","title":{"rendered":"Haczyk na piersi\u00f3wk\u0119 z gwintem ALADIN Rocket Black Clear"},"content":{"rendered":"<h2>Haczyk na piersi\u00f3wk\u0119 z gwintem ALADIN Rocket Black Clear<\/h2>\n<p>Gwintowana kolba jest przeznaczona tylko do fajki wodnej ALADIN Rocket.<br \/>\nKolor jest czarny i przezroczysty.<\/p>\n<p>&nbsp;<\/p>\n<p>Czy masz jakie\u015b pytania? Skontaktuj si\u0119 z nami\u00a0<a href=\"https:\/\/hookahshop.lt\/pl\/lacznosc\/\">strona z kontaktami<\/a>\u00a0lub napisz do nas na adres\u00a0<a href=\"https:\/\/facebook.com\/HookahShop.lt\/\" target=\"_blank\" rel=\"noopener noreferrer\">konto na Facebooku<\/a>\u00a0a my odpowiemy na Twoj\u0105 pro\u015bb\u0119 tego samego dnia.<\/p>","protected":false},"excerpt":{"rendered":"<p>Pojemnik na fajk\u0119 wodn\u0105 z gwintem ALADIN Rocket Black Clear Flakon z gwintem przeznaczony jest wy\u0142\u0105cznie do fajki wodnej ALADIN Rocket. Kolor jest czarny i przezroczysty.  Czy masz jakie\u015b pytania? Skontaktuj si\u0119 z nami na stronie kontaktowej lub napisz do nas na naszym koncie na Facebooku, a my odpowiemy na Twoj\u0105 pro\u015bb\u0119 jeszcze tego samego dnia.<\/p>","protected":false},"featured_media":21952,"comment_status":"open","ping_status":"closed","template":"","meta":[],"_links":{"self":[{"href":"https:\/\/hookahshop.lt\/pl\/wp-json\/wp\/v2\/product\/21950"}],"collection":[{"href":"https:\/\/hookahshop.lt\/pl\/wp-json\/wp\/v2\/product"}],"about":[{"href":"https:\/\/hookahshop.lt\/pl\/wp-json\/wp\/v2\/types\/product"}],"replies":[{"embeddable":true,"href":"https:\/\/hookahshop.lt\/pl\/wp-json\/wp\/v2\/comments?post=21950"}],"version-history":[{"count":5,"href":"https:\/\/hookahshop.lt\/pl\/wp-json\/wp\/v2\/product\/21950\/revisions"}],"predecessor-version":[{"id":42982,"href":"https:\/\/hookahshop.lt\/pl\/wp-json\/wp\/v2\/product\/21950\/revisions\/42982"}],"wp:featuredmedia":[{"embeddable":true,"href":"https:\/\/hookahshop.lt\/pl\/wp-json\/wp\/v2\/media\/21952"}],"wp:attachment":[{"href":"https:\/\/hookahshop.lt\/pl\/wp-json\/wp\/v2\/media?parent=21950"}],"curies":[{"name":"wp","href":"https:\/\/api.w.org\/{rel}","templated":true}]}}