{"id":21975,"date":"2021-04-22T22:02:33","date_gmt":"2021-04-22T19:02:33","guid":{"rendered":"https:\/\/hookahshop.lt\/?post_type=product&#038;p=21975"},"modified":"2026-04-16T23:28:51","modified_gmt":"2026-04-16T20:28:51","slug":"kaljanas-blade-hookah-one-m-red-gold","status":"publish","type":"product","link":"https:\/\/hookahshop.lt\/pl\/produkt\/szisza-ostrze-szisza-jeden-m-czerwony-zloty\/","title":{"rendered":"Szisza BLADE HOOKAH One M Red Gold"},"content":{"rendered":"<h2>Szisza BLADE HOOKAH One M Red Gold<\/h2>\n<p>Szisza ze stali nierdzewnej, szykowny czerwony i z\u0142oty kolor. Wszystkie elementy ze stali nierdzewnej pokryte s\u0105 tytanem. Istnieje r\u00f3wnie\u017c wbudowany syfon.<\/p>\n<p><strong>Charakterystyka:<\/strong><br \/>\nWaga fajki wodnej: oko\u0142o 1785 gr<br \/>\nWysoko\u015b\u0107 fajki wodnej: 595 mm<br \/>\nWewn\u0119trzna cz\u0119\u015b\u0107 trzonka: stal nierdzewna<br \/>\nWa\u0142 zewn\u0119trzny: stal nierdzewna pokryta tytanem<br \/>\nZanurzona cz\u0119\u015b\u0107 trzonka: stal nierdzewna pokryta tytanem<br \/>\nPrzy\u0142\u0105cze w\u0119\u017ca: magnetyczne<br \/>\nPrzy\u0142\u0105cze zaworu: wewn\u0119trzne<br \/>\nDyfuzor: wyjmowany, gwintowany, ze stali nierdzewnej pokrytej tytanem<br \/>\nUstnik: stal nierdzewna pokryta tytanem<br \/>\nD\u0142ugo\u015b\u0107 t\u0142umika: 465 mm<\/p>\n<p>Czy masz jakie\u015b pytania? Skontaktuj si\u0119 z nami\u00a0<a href=\"https:\/\/hookahshop.lt\/pl\/lacznosc\/\">strona z kontaktami<\/a>\u00a0lub napisz do nas na adres\u00a0<a href=\"https:\/\/facebook.com\/HookahShop.lt\/\" target=\"_blank\" rel=\"noopener noreferrer\">konto na Facebooku<\/a>\u00a0a my odpowiemy na Twoj\u0105 pro\u015bb\u0119 tego samego dnia.<\/p>","protected":false},"excerpt":{"rendered":"<p>Ostrze fajki wodnej HOOKAH One M Red Gold Szisza ze stali nierdzewnej w eleganckim czerwono-z\u0142otym kolorze. Wszystkie elementy ze stali nierdzewnej pokryte s\u0105 tytanem. Istnieje r\u00f3wnie\u017c wbudowany syfon. Charakterystyka: Waga fajki wodnej: oko\u0142o 1785 gr Wysoko\u015b\u0107 fajki wodnej: 595 mm Wewn\u0119trzna cz\u0119\u015b\u0107 trzonka: stal nierdzewna Zewn\u0119trzna cz\u0119\u015b\u0107 trzonka: stal nierdzewna platerowana tytanem Cz\u0119\u015b\u0107 zanurzona trzonka: stal nierdzewna pokryta [\u2026]<\/p>","protected":false},"featured_media":21984,"comment_status":"open","ping_status":"closed","template":"","meta":[],"_links":{"self":[{"href":"https:\/\/hookahshop.lt\/pl\/wp-json\/wp\/v2\/product\/21975"}],"collection":[{"href":"https:\/\/hookahshop.lt\/pl\/wp-json\/wp\/v2\/product"}],"about":[{"href":"https:\/\/hookahshop.lt\/pl\/wp-json\/wp\/v2\/types\/product"}],"replies":[{"embeddable":true,"href":"https:\/\/hookahshop.lt\/pl\/wp-json\/wp\/v2\/comments?post=21975"}],"version-history":[{"count":5,"href":"https:\/\/hookahshop.lt\/pl\/wp-json\/wp\/v2\/product\/21975\/revisions"}],"predecessor-version":[{"id":22860,"href":"https:\/\/hookahshop.lt\/pl\/wp-json\/wp\/v2\/product\/21975\/revisions\/22860"}],"wp:featuredmedia":[{"embeddable":true,"href":"https:\/\/hookahshop.lt\/pl\/wp-json\/wp\/v2\/media\/21984"}],"wp:attachment":[{"href":"https:\/\/hookahshop.lt\/pl\/wp-json\/wp\/v2\/media?parent=21975"}],"curies":[{"name":"wp","href":"https:\/\/api.w.org\/{rel}","templated":true}]}}