{"id":21979,"date":"2021-04-22T21:46:56","date_gmt":"2021-04-22T18:46:56","guid":{"rendered":"https:\/\/hookahshop.lt\/?post_type=product&#038;p=21979"},"modified":"2026-04-15T23:29:06","modified_gmt":"2026-04-15T20:29:06","slug":"kolba-kaljanui-su-sriegiu-aladin-mvp470-cube","status":"publish","type":"product","link":"https:\/\/hookahshop.lt\/pl\/produkt\/kolba-szisza-z-gwintem-aladin-mvp470-cube\/","title":{"rendered":"Haczyk na kolb\u0119 z gwintem ALADIN MVP470 Cube"},"content":{"rendered":"<h2>Haczyk na kolb\u0119 z gwintem ALADIN MVP470 Cube<\/h2>\n<p>Kolba gwintowana przeznaczona jest wy\u0142\u0105cznie do fajki wodnej ALADIN MVP470.<br \/>\nKolor - jasny.<\/p>\n<p>&nbsp;<\/p>\n<p>Czy masz jakie\u015b pytania? Skontaktuj si\u0119 z nami\u00a0<a href=\"https:\/\/hookahshop.lt\/pl\/lacznosc\/\">strona z kontaktami<\/a>\u00a0lub napisz do nas na adres\u00a0<a href=\"https:\/\/facebook.com\/HookahShop.lt\/\" target=\"_blank\" rel=\"noopener noreferrer\">konto na Facebooku<\/a>\u00a0a my odpowiemy na Twoj\u0105 pro\u015bb\u0119 tego samego dnia.<\/p>","protected":false},"excerpt":{"rendered":"<p>Kolba do fajki wodnej z gwintem ALADIN MVP470 Cube Kolba z gwintem przeznaczona jest wy\u0142\u0105cznie do fajki wodnej ALADIN MVP470. Kolor jest przezroczysty.  Czy masz jakie\u015b pytania? Skontaktuj si\u0119 z nami na stronie kontaktowej lub napisz do nas na naszym koncie na Facebooku, a my odpowiemy na Twoj\u0105 pro\u015bb\u0119 jeszcze tego samego dnia.<\/p>","protected":false},"featured_media":21980,"comment_status":"open","ping_status":"closed","template":"","meta":[],"_links":{"self":[{"href":"https:\/\/hookahshop.lt\/pl\/wp-json\/wp\/v2\/product\/21979"}],"collection":[{"href":"https:\/\/hookahshop.lt\/pl\/wp-json\/wp\/v2\/product"}],"about":[{"href":"https:\/\/hookahshop.lt\/pl\/wp-json\/wp\/v2\/types\/product"}],"replies":[{"embeddable":true,"href":"https:\/\/hookahshop.lt\/pl\/wp-json\/wp\/v2\/comments?post=21979"}],"version-history":[{"count":5,"href":"https:\/\/hookahshop.lt\/pl\/wp-json\/wp\/v2\/product\/21979\/revisions"}],"predecessor-version":[{"id":33936,"href":"https:\/\/hookahshop.lt\/pl\/wp-json\/wp\/v2\/product\/21979\/revisions\/33936"}],"wp:featuredmedia":[{"embeddable":true,"href":"https:\/\/hookahshop.lt\/pl\/wp-json\/wp\/v2\/media\/21980"}],"wp:attachment":[{"href":"https:\/\/hookahshop.lt\/pl\/wp-json\/wp\/v2\/media?parent=21979"}],"curies":[{"name":"wp","href":"https:\/\/api.w.org\/{rel}","templated":true}]}}