{"id":21990,"date":"2021-04-22T23:17:23","date_gmt":"2021-04-22T20:17:23","guid":{"rendered":"https:\/\/hookahshop.lt\/?post_type=product&#038;p=21990"},"modified":"2026-04-16T23:29:26","modified_gmt":"2026-04-16T20:29:26","slug":"kolba-kaljanui-su-sriegiu-aladin-mvp460-m1-clear","status":"publish","type":"product","link":"https:\/\/hookahshop.lt\/pl\/produkt\/kolba-do-sziszy-z-gwintem-aladin-mvp460-m1-przezroczysta\/","title":{"rendered":"Haczyk do kolby z gwintem ALADIN MVP460 M1 Przezroczysty"},"content":{"rendered":"<h2>Haczyk do kolby z gwintem ALADIN MVP460 M1 Przezroczysty<\/h2>\n<p>Kolba z gwintem przeznaczona tylko do fajki wodnej ALADIN MVP460 M1.<br \/>\nKolor - jasny.<\/p>\n<p>&nbsp;<\/p>\n<p>Czy masz jakie\u015b pytania? Skontaktuj si\u0119 z nami\u00a0<a href=\"https:\/\/hookahshop.lt\/pl\/lacznosc\/\">strona z kontaktami<\/a>\u00a0lub napisz do nas na adres\u00a0<a href=\"https:\/\/facebook.com\/HookahShop.lt\/\" target=\"_blank\" rel=\"noopener noreferrer\">konto na Facebooku<\/a>\u00a0a my odpowiemy na Twoj\u0105 pro\u015bb\u0119 tego samego dnia.<\/p>","protected":false},"excerpt":{"rendered":"<p>Kolba do fajki wodnej z gwintem ALADIN MVP460 M1 Clear Kolba z gwintem przeznaczona jest wy\u0142\u0105cznie do fajki wodnej ALADIN MVP460 M1. Kolor - clear. Masz pytania? Skontaktuj si\u0119 z nami na stronie kontaktowej lub napisz do nas na Facebooku, a odpowiemy na Twoje zapytanie tego samego dnia.<\/p>","protected":false},"featured_media":21991,"comment_status":"open","ping_status":"closed","template":"","meta":[],"_links":{"self":[{"href":"https:\/\/hookahshop.lt\/pl\/wp-json\/wp\/v2\/product\/21990"}],"collection":[{"href":"https:\/\/hookahshop.lt\/pl\/wp-json\/wp\/v2\/product"}],"about":[{"href":"https:\/\/hookahshop.lt\/pl\/wp-json\/wp\/v2\/types\/product"}],"replies":[{"embeddable":true,"href":"https:\/\/hookahshop.lt\/pl\/wp-json\/wp\/v2\/comments?post=21990"}],"version-history":[{"count":2,"href":"https:\/\/hookahshop.lt\/pl\/wp-json\/wp\/v2\/product\/21990\/revisions"}],"predecessor-version":[{"id":21993,"href":"https:\/\/hookahshop.lt\/pl\/wp-json\/wp\/v2\/product\/21990\/revisions\/21993"}],"wp:featuredmedia":[{"embeddable":true,"href":"https:\/\/hookahshop.lt\/pl\/wp-json\/wp\/v2\/media\/21991"}],"wp:attachment":[{"href":"https:\/\/hookahshop.lt\/pl\/wp-json\/wp\/v2\/media?parent=21990"}],"curies":[{"name":"wp","href":"https:\/\/api.w.org\/{rel}","templated":true}]}}