{"id":21997,"date":"2021-04-22T23:23:07","date_gmt":"2021-04-22T20:23:07","guid":{"rendered":"https:\/\/hookahshop.lt\/?post_type=product&#038;p=21997"},"modified":"2026-04-14T23:29:09","modified_gmt":"2026-04-14T20:29:09","slug":"kolba-kaljanui-su-sriegiu-aladin-mvp460-m1-rainbow","status":"publish","type":"product","link":"https:\/\/hookahshop.lt\/pl\/produkt\/kolba-szisza-z-nitka-aladin-mvp460-m1-tecza\/","title":{"rendered":"Haczyk na kolb\u0119 z gwintem ALADIN MVP460 M1 Rainbow"},"content":{"rendered":"<h2>Haczyk na kolb\u0119 z gwintem ALADIN MVP460 M1 Rainbow<\/h2>\n<p>Kolba z gwintem przeznaczona tylko do fajki wodnej ALADIN MVP460 M1.<br \/>\nKolor - r\u00f3\u017cne kolory.<\/p>\n<p>&nbsp;<\/p>\n<p>Czy masz jakie\u015b pytania? Skontaktuj si\u0119 z nami\u00a0<a href=\"https:\/\/hookahshop.lt\/pl\/lacznosc\/\">strona z kontaktami<\/a>\u00a0lub napisz do nas na adres\u00a0<a href=\"https:\/\/facebook.com\/HookahShop.lt\/\" target=\"_blank\" rel=\"noopener noreferrer\">konto na Facebooku<\/a>\u00a0a my odpowiemy na Twoj\u0105 pro\u015bb\u0119 tego samego dnia.<\/p>","protected":false},"excerpt":{"rendered":"<p>Kolba do fajki wodnej z gwintem ALADIN MVP460 M1 Rainbow Kolba z gwintem przeznaczona jest wy\u0142\u0105cznie do fajki wodnej ALADIN MVP460 M1. Kolor - r\u00f3\u017cne kolory.  Czy masz jakie\u015b pytania? Skontaktuj si\u0119 z nami na stronie kontaktowej lub napisz do nas na naszym koncie na Facebooku, a my odpowiemy na Twoj\u0105 pro\u015bb\u0119 jeszcze tego samego dnia.<\/p>","protected":false},"featured_media":21999,"comment_status":"open","ping_status":"closed","template":"","meta":[],"_links":{"self":[{"href":"https:\/\/hookahshop.lt\/pl\/wp-json\/wp\/v2\/product\/21997"}],"collection":[{"href":"https:\/\/hookahshop.lt\/pl\/wp-json\/wp\/v2\/product"}],"about":[{"href":"https:\/\/hookahshop.lt\/pl\/wp-json\/wp\/v2\/types\/product"}],"replies":[{"embeddable":true,"href":"https:\/\/hookahshop.lt\/pl\/wp-json\/wp\/v2\/comments?post=21997"}],"version-history":[{"count":2,"href":"https:\/\/hookahshop.lt\/pl\/wp-json\/wp\/v2\/product\/21997\/revisions"}],"predecessor-version":[{"id":22001,"href":"https:\/\/hookahshop.lt\/pl\/wp-json\/wp\/v2\/product\/21997\/revisions\/22001"}],"wp:featuredmedia":[{"embeddable":true,"href":"https:\/\/hookahshop.lt\/pl\/wp-json\/wp\/v2\/media\/21999"}],"wp:attachment":[{"href":"https:\/\/hookahshop.lt\/pl\/wp-json\/wp\/v2\/media?parent=21997"}],"curies":[{"name":"wp","href":"https:\/\/api.w.org\/{rel}","templated":true}]}}