{"id":22007,"date":"2021-04-22T23:43:06","date_gmt":"2021-04-22T20:43:06","guid":{"rendered":"https:\/\/hookahshop.lt\/?post_type=product&#038;p=22007"},"modified":"2026-04-23T23:29:19","modified_gmt":"2026-04-23T20:29:19","slug":"kolba-kaljanui-su-sriegiu-aladin-mvp360-gold-edition-clear","status":"publish","type":"product","link":"https:\/\/hookahshop.lt\/pl\/produkt\/piersiowka-z-nitka-aladin-mvp360-gold-edition-przezroczysta\/","title":{"rendered":"Haczyk na piersi\u00f3wk\u0119 z gwintem ALADIN MVP360 Gold Edition Przezroczysty"},"content":{"rendered":"<h2>Haczyk na piersi\u00f3wk\u0119 z gwintem ALADIN MVP360 Gold Edition Przezroczysty<\/h2>\n<p>Gwintowana kolba przeznaczona jest tylko do fajki wodnej ALADIN MVP360.<br \/>\nKolor - jasny.<\/p>\n<p>&nbsp;<\/p>\n<p>Czy masz jakie\u015b pytania? Skontaktuj si\u0119 z nami\u00a0<a href=\"https:\/\/hookahshop.lt\/pl\/lacznosc\/\">strona z kontaktami<\/a>\u00a0lub napisz do nas na adres\u00a0<a href=\"https:\/\/facebook.com\/HookahShop.lt\/\" target=\"_blank\" rel=\"noopener noreferrer\">konto na Facebooku<\/a>\u00a0a my odpowiemy na Twoj\u0105 pro\u015bb\u0119 tego samego dnia.<\/p>","protected":false},"excerpt":{"rendered":"<p>Kolba do fajki wodnej z gwintem ALADIN MVP360 Gold Edition Przezroczysta Kolba z gwintem przeznaczona jest wy\u0142\u0105cznie do fajki wodnej ALADIN MVP360. Kolor jest przezroczysty.  Czy masz jakie\u015b pytania? Skontaktuj si\u0119 z nami na stronie kontaktowej lub napisz do nas na naszym koncie na Facebooku, a my odpowiemy na Twoj\u0105 pro\u015bb\u0119 jeszcze tego samego dnia.<\/p>","protected":false},"featured_media":22008,"comment_status":"open","ping_status":"closed","template":"","meta":[],"_links":{"self":[{"href":"https:\/\/hookahshop.lt\/pl\/wp-json\/wp\/v2\/product\/22007"}],"collection":[{"href":"https:\/\/hookahshop.lt\/pl\/wp-json\/wp\/v2\/product"}],"about":[{"href":"https:\/\/hookahshop.lt\/pl\/wp-json\/wp\/v2\/types\/product"}],"replies":[{"embeddable":true,"href":"https:\/\/hookahshop.lt\/pl\/wp-json\/wp\/v2\/comments?post=22007"}],"version-history":[{"count":3,"href":"https:\/\/hookahshop.lt\/pl\/wp-json\/wp\/v2\/product\/22007\/revisions"}],"predecessor-version":[{"id":37509,"href":"https:\/\/hookahshop.lt\/pl\/wp-json\/wp\/v2\/product\/22007\/revisions\/37509"}],"wp:featuredmedia":[{"embeddable":true,"href":"https:\/\/hookahshop.lt\/pl\/wp-json\/wp\/v2\/media\/22008"}],"wp:attachment":[{"href":"https:\/\/hookahshop.lt\/pl\/wp-json\/wp\/v2\/media?parent=22007"}],"curies":[{"name":"wp","href":"https:\/\/api.w.org\/{rel}","templated":true}]}}