{"id":22015,"date":"2021-04-22T23:47:01","date_gmt":"2021-04-22T20:47:01","guid":{"rendered":"https:\/\/hookahshop.lt\/?post_type=product&#038;p=22015"},"modified":"2026-04-14T23:29:09","modified_gmt":"2026-04-14T20:29:09","slug":"kolba-kaljanui-su-sriegiu-aladin-mvp360-rainbow","status":"publish","type":"product","link":"https:\/\/hookahshop.lt\/pl\/produkt\/flakon-z-nicia-aladin-mvp360-tecza\/","title":{"rendered":"Haczyk na kolb\u0119 z gwintem ALADIN MVP360 Rainbow"},"content":{"rendered":"<h2>Haczyk na kolb\u0119 z gwintem ALADIN MVP360 Rainbow<\/h2>\n<p>Gwintowana kolba przeznaczona jest tylko do fajki wodnej ALADIN MVP360.<br \/>\nKolor - r\u00f3\u017cne kolory.<\/p>\n<p>&nbsp;<\/p>\n<p>Czy masz jakie\u015b pytania? Skontaktuj si\u0119 z nami\u00a0<a href=\"https:\/\/hookahshop.lt\/pl\/lacznosc\/\">strona z kontaktami<\/a>\u00a0lub napisz do nas na adres\u00a0<a href=\"https:\/\/facebook.com\/HookahShop.lt\/\" target=\"_blank\" rel=\"noopener noreferrer\">konto na Facebooku<\/a>\u00a0a my odpowiemy na Twoj\u0105 pro\u015bb\u0119 tego samego dnia.<\/p>","protected":false},"excerpt":{"rendered":"<p>Kolba do fajki wodnej z gwintem ALADIN MVP360 Rainbow Kolba z gwintem przeznaczona jest wy\u0142\u0105cznie do fajki wodnej ALADIN MVP360. Kolor - r\u00f3\u017cne kolory. Masz pytania? Skontaktuj si\u0119 z nami na stronie kontaktowej lub napisz do nas na Facebooku, a my odpowiemy na Twoje zapytanie tego samego dnia.<\/p>","protected":false},"featured_media":22016,"comment_status":"open","ping_status":"closed","template":"","meta":[],"_links":{"self":[{"href":"https:\/\/hookahshop.lt\/pl\/wp-json\/wp\/v2\/product\/22015"}],"collection":[{"href":"https:\/\/hookahshop.lt\/pl\/wp-json\/wp\/v2\/product"}],"about":[{"href":"https:\/\/hookahshop.lt\/pl\/wp-json\/wp\/v2\/types\/product"}],"replies":[{"embeddable":true,"href":"https:\/\/hookahshop.lt\/pl\/wp-json\/wp\/v2\/comments?post=22015"}],"version-history":[{"count":2,"href":"https:\/\/hookahshop.lt\/pl\/wp-json\/wp\/v2\/product\/22015\/revisions"}],"predecessor-version":[{"id":22018,"href":"https:\/\/hookahshop.lt\/pl\/wp-json\/wp\/v2\/product\/22015\/revisions\/22018"}],"wp:featuredmedia":[{"embeddable":true,"href":"https:\/\/hookahshop.lt\/pl\/wp-json\/wp\/v2\/media\/22016"}],"wp:attachment":[{"href":"https:\/\/hookahshop.lt\/pl\/wp-json\/wp\/v2\/media?parent=22015"}],"curies":[{"name":"wp","href":"https:\/\/api.w.org\/{rel}","templated":true}]}}