{"id":22033,"date":"2021-04-23T14:01:44","date_gmt":"2021-04-23T11:01:44","guid":{"rendered":"https:\/\/hookahshop.lt\/?post_type=product&#038;p=22033"},"modified":"2026-04-18T23:28:43","modified_gmt":"2026-04-18T20:28:43","slug":"kaljanas-honey-sigh-mini-exclusive-samurai","status":"publish","type":"product","link":"https:\/\/hookahshop.lt\/pl\/produkt\/hookah-honey-sigh-mini-exclusive-samuraj\/","title":{"rendered":"Fajka wodna HONEY SIGH Mini Exclusive Samurai"},"content":{"rendered":"<h2>Fajka wodna HONEY SIGH Mini Exclusive Samurai<\/h2>\n<p>Unikalny projekt fajki wodnej to edycja limitowana. Zdobiona \u0142odyga fajki wodnej jest wykonana r\u0119cznie. Fajka wodna wykonana jest ze stali nierdzewnej AISI 304 z precyzyjn\u0105 obr\u00f3bk\u0105 detali wysokiej jako\u015bci. System wydmuchu sk\u0142ada si\u0119 z 5 zawor\u00f3w, za pomoc\u0105 kt\u00f3rych dym wydobywa si\u0119 z kolby za pierwszym razem, a tak\u017ce ch\u0142odzi kubek.<\/p>\n<p><strong>Specyfikacja:<\/strong><br \/>\nTrakcja: klasyczna (\u015brednia)<br \/>\nZ\u0142\u0105cze w\u0119\u017ca: O-ring<br \/>\nZawory wydmuchowe: 5 szt.<br \/>\nMateria\u0142: Stal nierdzewna<\/p>\n<p><strong>Ekwipunek:<\/strong><br \/>\nTrzonek (\u0142odyga) 32 cm<br \/>\nTalerz 16 cm<br \/>\nUstnik<br \/>\nZ\u0142\u0105cze w\u0119\u017ca<br \/>\nW\u0105\u017c (mi\u0119kki w dotyku)<br \/>\nKolba mini (z\u0142oty kolor)<br \/>\nUszczelki (2 szt.)<br \/>\nPlastikowy zaw\u00f3r upustowy (5 szt.)<br \/>\nPude\u0142ko na fajk\u0119 wodn\u0105<\/p>\n<p>Czy masz jakie\u015b pytania? Skontaktuj si\u0119 z nami na stronie kontaktowej lub napisz do nas na swoje konto na Facebooku, a odpowiemy na Twoj\u0105 pro\u015bb\u0119 tego samego dnia.<\/p>","protected":false},"excerpt":{"rendered":"<p>Fajka wodna HONEY SIGH Mini Exclusive Samurai Unikalna konstrukcja fajki wodnej dost\u0119pna jest w limitowanej edycji. Ozdobiona \u0142odyga fajki wodnej zosta\u0142a wykonana r\u0119cznie. Szisza wykonana jest ze stali nierdzewnej AISI 304 z precyzyjn\u0105 obr\u00f3bk\u0105 wysokiej jako\u015bci detali. System wydmuchu sk\u0142ada si\u0119 z 5 zawor\u00f3w, za pomoc\u0105 kt\u00f3rych dym wydmuchuje si\u0119 z kolby za pierwszym razem, a tak\u017ce ch\u0142odzi kubek. Specyfikacja: Trakcja: Klasyczna (\u015brednia) W\u0105\u017c [\u2026]<\/p>","protected":false},"featured_media":22034,"comment_status":"open","ping_status":"closed","template":"","meta":[],"_links":{"self":[{"href":"https:\/\/hookahshop.lt\/pl\/wp-json\/wp\/v2\/product\/22033"}],"collection":[{"href":"https:\/\/hookahshop.lt\/pl\/wp-json\/wp\/v2\/product"}],"about":[{"href":"https:\/\/hookahshop.lt\/pl\/wp-json\/wp\/v2\/types\/product"}],"replies":[{"embeddable":true,"href":"https:\/\/hookahshop.lt\/pl\/wp-json\/wp\/v2\/comments?post=22033"}],"version-history":[{"count":3,"href":"https:\/\/hookahshop.lt\/pl\/wp-json\/wp\/v2\/product\/22033\/revisions"}],"predecessor-version":[{"id":34535,"href":"https:\/\/hookahshop.lt\/pl\/wp-json\/wp\/v2\/product\/22033\/revisions\/34535"}],"wp:featuredmedia":[{"embeddable":true,"href":"https:\/\/hookahshop.lt\/pl\/wp-json\/wp\/v2\/media\/22034"}],"wp:attachment":[{"href":"https:\/\/hookahshop.lt\/pl\/wp-json\/wp\/v2\/media?parent=22033"}],"curies":[{"name":"wp","href":"https:\/\/api.w.org\/{rel}","templated":true}]}}