{"id":22060,"date":"2021-04-23T14:55:05","date_gmt":"2021-04-23T11:55:05","guid":{"rendered":"https:\/\/hookahshop.lt\/?post_type=product&#038;p=22060"},"modified":"2026-04-29T10:31:08","modified_gmt":"2026-04-29T07:31:08","slug":"kaljanas-blade-hookah-one-le-black-gold","status":"publish","type":"product","link":"https:\/\/hookahshop.lt\/pl\/produkt\/szisza-ostrze-szisza-jeden-le-czarno-zloty\/","title":{"rendered":"Szisza BLADE HOOKAH One LE Black Gold"},"content":{"rendered":"<h2>Szisza BLADE HOOKAH One LE Black Gold<\/h2>\n<p>Szisza ze stali nierdzewnej, elegancki kolor czarno-z\u0142oty. Wszystkie elementy ze stali nierdzewnej pokryte s\u0105 tytanem. Istnieje r\u00f3wnie\u017c wbudowany syfon.<\/p>\n<p id=\"tw-target-text\" class=\"tw-data-text tw-text-large XcVN5d tw-ta\" dir=\"ltr\" data-placeholder=\"Vertimas\"><strong>Charakterystyka:<\/strong><br \/>\nWaga fajki wodnej: oko\u0142o 1785 gr<br \/>\nWysoko\u015b\u0107 fajki wodnej: 595 mm<br \/>\nWewn\u0119trzna cz\u0119\u015b\u0107 trzonka: stal nierdzewna<br \/>\nG\u0142\u00f3wny materia\u0142: stal nierdzewna pokryta azotkiem tytanu<br \/>\nZ\u0142\u0105cze w\u0119\u017ca: magnetyczne<br \/>\nMateria\u0142 z\u0142\u0105cza: stal nierdzewna pokryta azotkiem tytanu<br \/>\nPrzy\u0142\u0105cze zaworu: wyjmowane, gwintowane, pokryte azotkiem tytanu<br \/>\nUstnik: stal nierdzewna pokryta tytanem<br \/>\nD\u0142ugo\u015b\u0107 t\u0142umika: 465 mm<\/p>\n<p dir=\"ltr\" data-placeholder=\"Vertimas\"><strong>Ekwipunek:<\/strong><br \/>\nTrzon, ustnik, p\u0142ytka<\/p>\n<p dir=\"ltr\" data-placeholder=\"Vertimas\">Czy masz jakie\u015b pytania? Skontaktuj si\u0119 z nami\u00a0<a href=\"https:\/\/hookahshop.lt\/pl\/lacznosc\/\">strona z kontaktami<\/a>\u00a0lub napisz do nas na adres\u00a0<a href=\"https:\/\/facebook.com\/HookahShop.lt\/\" target=\"_blank\" rel=\"noopener noreferrer\">konto na Facebooku<\/a>\u00a0a my odpowiemy na Twoj\u0105 pro\u015bb\u0119 tego samego dnia.<\/p>","protected":false},"excerpt":{"rendered":"<p>Ostrze fajki wodnej HOOKAH One LE Black Gold Szisza ze stali nierdzewnej w eleganckim czarno-z\u0142otym kolorze. Wszystkie elementy ze stali nierdzewnej pokryte s\u0105 tytanem. Istnieje r\u00f3wnie\u017c wbudowany syfon. Charakterystyka: Waga fajki wodnej: oko\u0142o 1785 gr Wysoko\u015b\u0107 fajki wodnej: 595 mm Wewn\u0119trzna cz\u0119\u015b\u0107 trzonka: stal nierdzewna G\u0142\u00f3wny materia\u0142: stal nierdzewna pokryta azotkiem tytanu Z\u0142\u0105cze w\u0119\u017ca: magnetyczne [\u2026]<\/p>","protected":false},"featured_media":22061,"comment_status":"open","ping_status":"closed","template":"","meta":[],"_links":{"self":[{"href":"https:\/\/hookahshop.lt\/pl\/wp-json\/wp\/v2\/product\/22060"}],"collection":[{"href":"https:\/\/hookahshop.lt\/pl\/wp-json\/wp\/v2\/product"}],"about":[{"href":"https:\/\/hookahshop.lt\/pl\/wp-json\/wp\/v2\/types\/product"}],"replies":[{"embeddable":true,"href":"https:\/\/hookahshop.lt\/pl\/wp-json\/wp\/v2\/comments?post=22060"}],"version-history":[{"count":9,"href":"https:\/\/hookahshop.lt\/pl\/wp-json\/wp\/v2\/product\/22060\/revisions"}],"predecessor-version":[{"id":42542,"href":"https:\/\/hookahshop.lt\/pl\/wp-json\/wp\/v2\/product\/22060\/revisions\/42542"}],"wp:featuredmedia":[{"embeddable":true,"href":"https:\/\/hookahshop.lt\/pl\/wp-json\/wp\/v2\/media\/22061"}],"wp:attachment":[{"href":"https:\/\/hookahshop.lt\/pl\/wp-json\/wp\/v2\/media?parent=22060"}],"curies":[{"name":"wp","href":"https:\/\/api.w.org\/{rel}","templated":true}]}}