{"id":22065,"date":"2021-04-23T15:04:22","date_gmt":"2021-04-23T12:04:22","guid":{"rendered":"https:\/\/hookahshop.lt\/?post_type=product&#038;p=22065"},"modified":"2026-04-26T23:29:03","modified_gmt":"2026-04-26T20:29:03","slug":"kaljanas-blade-hookah-one-m-green-gold","status":"publish","type":"product","link":"https:\/\/hookahshop.lt\/pl\/produkt\/ostrze-szisza-szisza-jeden-m-zielono-zloty\/","title":{"rendered":"Szisza BLADE HOOKAH One M Green Gold"},"content":{"rendered":"<h2>Szisza BLADE HOOKAH One M Green Gold<\/h2>\n<p>Fajka wodna ze stali nierdzewnej, elegancki zielony i z\u0142oty kolor. Wszystkie elementy ze stali nierdzewnej s\u0105 pokryte tytanem. Istnieje r\u00f3wnie\u017c wbudowany pu\u0142apka na syrop.<\/p>\n<p><strong>Charakterystyka:<\/strong><br \/>\nWaga fajki wodnej: oko\u0142o 1785 gr<br \/>\nWysoko\u015b\u0107 fajki wodnej: 595 mm<br \/>\nWewn\u0119trzna cz\u0119\u015b\u0107 trzonka: stal nierdzewna<br \/>\nWa\u0142 zewn\u0119trzny: stal nierdzewna pokryta tytanem<br \/>\nZanurzona cz\u0119\u015b\u0107 trzonka: stal nierdzewna pokryta tytanem<br \/>\nPrzy\u0142\u0105cze w\u0119\u017ca: magnetyczne<br \/>\nPrzy\u0142\u0105cze zaworu: wewn\u0119trzne<br \/>\nDyfuzor: wyjmowany, gwintowany, ze stali nierdzewnej pokrytej tytanem<br \/>\nUstnik: stal nierdzewna pokryta tytanem<br \/>\nD\u0142ugo\u015b\u0107 t\u0142umika: 465 mm<\/p>\n<p>Czy masz jakie\u015b pytania? Skontaktuj si\u0119 z nami\u00a0<a href=\"https:\/\/hookahshop.lt\/pl\/lacznosc\/\">strona z kontaktami<\/a>\u00a0lub napisz do nas na adres\u00a0<a href=\"https:\/\/facebook.com\/HookahShop.lt\/\" target=\"_blank\" rel=\"noopener noreferrer\">konto na Facebooku<\/a>\u00a0a my odpowiemy na Twoj\u0105 pro\u015bb\u0119 tego samego dnia.<\/p>","protected":false},"excerpt":{"rendered":"<p>Ostrze fajki wodnej HOOKAH One M Green Gold Szisza ze stali nierdzewnej w eleganckim zielono-z\u0142otym kolorze. Wszystkie elementy ze stali nierdzewnej pokryte s\u0105 tytanem. Istnieje r\u00f3wnie\u017c wbudowany syfon. Charakterystyka: Waga fajki wodnej: oko\u0142o 1785 gr Wysoko\u015b\u0107 fajki wodnej: 595 mm Wewn\u0119trzna cz\u0119\u015b\u0107 trzonka: stal nierdzewna Zewn\u0119trzna cz\u0119\u015b\u0107 trzonka: stal nierdzewna platerowana tytanem Cz\u0119\u015b\u0107 zanurzona trzonka: stal nierdzewna pokryta [\u2026]<\/p>","protected":false},"featured_media":22066,"comment_status":"open","ping_status":"closed","template":"","meta":[],"_links":{"self":[{"href":"https:\/\/hookahshop.lt\/pl\/wp-json\/wp\/v2\/product\/22065"}],"collection":[{"href":"https:\/\/hookahshop.lt\/pl\/wp-json\/wp\/v2\/product"}],"about":[{"href":"https:\/\/hookahshop.lt\/pl\/wp-json\/wp\/v2\/types\/product"}],"replies":[{"embeddable":true,"href":"https:\/\/hookahshop.lt\/pl\/wp-json\/wp\/v2\/comments?post=22065"}],"version-history":[{"count":5,"href":"https:\/\/hookahshop.lt\/pl\/wp-json\/wp\/v2\/product\/22065\/revisions"}],"predecessor-version":[{"id":45841,"href":"https:\/\/hookahshop.lt\/pl\/wp-json\/wp\/v2\/product\/22065\/revisions\/45841"}],"wp:featuredmedia":[{"embeddable":true,"href":"https:\/\/hookahshop.lt\/pl\/wp-json\/wp\/v2\/media\/22066"}],"wp:attachment":[{"href":"https:\/\/hookahshop.lt\/pl\/wp-json\/wp\/v2\/media?parent=22065"}],"curies":[{"name":"wp","href":"https:\/\/api.w.org\/{rel}","templated":true}]}}