{"id":22069,"date":"2021-04-23T15:13:42","date_gmt":"2021-04-23T12:13:42","guid":{"rendered":"https:\/\/hookahshop.lt\/?post_type=product&#038;p=22069"},"modified":"2026-04-06T23:28:39","modified_gmt":"2026-04-06T20:28:39","slug":"jungtis-kaljanui-alpha-hookah","status":"publish","type":"product","link":"https:\/\/hookahshop.lt\/pl\/produkt\/connect-for-szisza-alfa-szisza\/","title":{"rendered":"\u0141\u0105cznik hakowy ALPHA HOOKAH"},"content":{"rendered":"<h2>\u0141\u0105cznik hakowy ALPHA HOOKAH<\/h2>\n<p>Z\u0142\u0105cze w\u0119\u017ca Alpha Hookah (magnetyczne) Nowy model Z\u0142\u0105cze magnetyczne pasuje do wszystkich modeli Alpha Hookah Model X, Kappa i S.<\/p>\n<p><strong>Charakterystyka:<\/strong><br \/>\nD\u0142ugo\u015b\u0107: 42mm<br \/>\n\u015arednica zewn\u0119trzna: 12mm<br \/>\nWaga: oko\u0142o 10 gram\u00f3w<\/p>\n<p>Czy masz jakie\u015b pytania? Skontaktuj si\u0119 z nami\u00a0<a href=\"https:\/\/hookahshop.lt\/pl\/lacznosc\/\">strona z kontaktami<\/a>\u00a0lub napisz do nas na adres\u00a0<a href=\"https:\/\/facebook.com\/HookahShop.lt\/\" target=\"_blank\" rel=\"noopener noreferrer\">konto na Facebooku<\/a>\u00a0a my odpowiemy na Twoj\u0105 pro\u015bb\u0119 tego samego dnia.<\/p>","protected":false},"excerpt":{"rendered":"<p>Z\u0142\u0105cze do fajki wodnej ALPHA HOOKAH Z\u0142\u0105cze do w\u0119\u017ca Alpha Hookah (magnetyczne) Nowy model z\u0142\u0105cza magnetycznego, pasuj\u0105cy do wszystkich modeli sziszy Alpha Model X, Kappa i S. Charakterystyka: D\u0142ugo\u015b\u0107: 42mm \u015arednica zewn\u0119trzna: 12mm Waga: oko\u0142o 10 gram\u00f3w Masz pytania? Skontaktuj si\u0119 z nami na stronie kontaktowej lub napisz do nas na naszym koncie na Facebooku, a my odpowiemy na Twoj\u0105 pro\u015bb\u0119 jeszcze tego samego dnia.<\/p>","protected":false},"featured_media":22070,"comment_status":"open","ping_status":"closed","template":"","meta":[],"_links":{"self":[{"href":"https:\/\/hookahshop.lt\/pl\/wp-json\/wp\/v2\/product\/22069"}],"collection":[{"href":"https:\/\/hookahshop.lt\/pl\/wp-json\/wp\/v2\/product"}],"about":[{"href":"https:\/\/hookahshop.lt\/pl\/wp-json\/wp\/v2\/types\/product"}],"replies":[{"embeddable":true,"href":"https:\/\/hookahshop.lt\/pl\/wp-json\/wp\/v2\/comments?post=22069"}],"version-history":[{"count":6,"href":"https:\/\/hookahshop.lt\/pl\/wp-json\/wp\/v2\/product\/22069\/revisions"}],"predecessor-version":[{"id":45296,"href":"https:\/\/hookahshop.lt\/pl\/wp-json\/wp\/v2\/product\/22069\/revisions\/45296"}],"wp:featuredmedia":[{"embeddable":true,"href":"https:\/\/hookahshop.lt\/pl\/wp-json\/wp\/v2\/media\/22070"}],"wp:attachment":[{"href":"https:\/\/hookahshop.lt\/pl\/wp-json\/wp\/v2\/media?parent=22069"}],"curies":[{"name":"wp","href":"https:\/\/api.w.org\/{rel}","templated":true}]}}