{"id":22073,"date":"2021-04-23T15:20:40","date_gmt":"2021-04-23T12:20:40","guid":{"rendered":"https:\/\/hookahshop.lt\/?post_type=product&#038;p=22073"},"modified":"2026-04-08T13:49:16","modified_gmt":"2026-04-08T10:49:16","slug":"difuzorius-kaljanui-alpha-hookah","status":"publish","type":"product","link":"https:\/\/hookahshop.lt\/pl\/produkt\/dyfuzor-do-fajki-alfa-fajki\/","title":{"rendered":"Dyfuzor do fajki wodnej ALPHA HOOKAH"},"content":{"rendered":"<h2>Dyfuzor do fajki wodnej ALPHA HOOKAH<\/h2>\n<p>Jest to ma\u0142a dysza z wieloma ma\u0142ymi otworami wykonanymi ze stali nierdzewnej. Dyfuzor montowany jest na ko\u0144cu wa\u0142u.<\/p>\n<p><strong>Zalety dyfuzora do fajki wodnej:<\/strong><br \/>\n1. Przep\u0142yw powietrza przez dyfuzor rozbija p\u0119cherzyki w ba\u0144ce na wiele ma\u0142ych. U\u0142atwia to zaci\u0105ganie dymu.<br \/>\n2. Ma\u0142e b\u0105belki \u0142atwiej pokonuj\u0105 napi\u0119cie powierzchniowe wody ni\u017c du\u017ce. Zmniejsza to poziom ha\u0142asu podczas palenia.<\/p>\n<p><strong>Charakterystyka:<\/strong><br \/>\nD\u0142ugo\u015b\u0107: 14mm<br \/>\n\u015arednica wewn\u0119trzna: 18mm<br \/>\nWaga: oko\u0142o 23 gram\u00f3w<\/p>\n<p>Czy masz jakie\u015b pytania? Skontaktuj si\u0119 z nami\u00a0<a href=\"https:\/\/hookahshop.lt\/pl\/lacznosc\/\">strona z kontaktami<\/a>\u00a0lub napisz do nas na adres\u00a0<a href=\"https:\/\/facebook.com\/HookahShop.lt\/\" target=\"_blank\" rel=\"noopener noreferrer\">konto na Facebooku<\/a>\u00a0a my odpowiemy na Twoj\u0105 pro\u015bb\u0119 tego samego dnia.<\/p>","protected":false},"excerpt":{"rendered":"<p>Dyfuzor do fajki wodnej ALPHA HOOKAH Jest to niewielka dysza z wieloma ma\u0142ymi otworami wykonana ze stali nierdzewnej. Dyfuzor montowany jest na ko\u0144cu wa\u0142u. Zalety dyfuzora do fajki wodnej: 1. Przep\u0142yw powietrza przechodz\u0105cy przez dyfuzor rozbija p\u0119cherzyki w ba\u0144ce na wiele ma\u0142ych. U\u0142atwia to zaci\u0105ganie dymu. 2. Ma\u0142e p\u0119cherzyki \u0142atwiej pokonuj\u0105 napi\u0119cie powierzchniowe wody ni\u017c du\u017ce. Zmniejsza to poziom ha\u0142asu podczas palenia. [\u2026]<\/p>","protected":false},"featured_media":22074,"comment_status":"open","ping_status":"closed","template":"","meta":[],"_links":{"self":[{"href":"https:\/\/hookahshop.lt\/pl\/wp-json\/wp\/v2\/product\/22073"}],"collection":[{"href":"https:\/\/hookahshop.lt\/pl\/wp-json\/wp\/v2\/product"}],"about":[{"href":"https:\/\/hookahshop.lt\/pl\/wp-json\/wp\/v2\/types\/product"}],"replies":[{"embeddable":true,"href":"https:\/\/hookahshop.lt\/pl\/wp-json\/wp\/v2\/comments?post=22073"}],"version-history":[{"count":3,"href":"https:\/\/hookahshop.lt\/pl\/wp-json\/wp\/v2\/product\/22073\/revisions"}],"predecessor-version":[{"id":23284,"href":"https:\/\/hookahshop.lt\/pl\/wp-json\/wp\/v2\/product\/22073\/revisions\/23284"}],"wp:featuredmedia":[{"embeddable":true,"href":"https:\/\/hookahshop.lt\/pl\/wp-json\/wp\/v2\/media\/22074"}],"wp:attachment":[{"href":"https:\/\/hookahshop.lt\/pl\/wp-json\/wp\/v2\/media?parent=22073"}],"curies":[{"name":"wp","href":"https:\/\/api.w.org\/{rel}","templated":true}]}}