{"id":22077,"date":"2021-04-23T15:31:52","date_gmt":"2021-04-23T12:31:52","guid":{"rendered":"https:\/\/hookahshop.lt\/?post_type=product&#038;p=22077"},"modified":"2026-04-19T23:28:48","modified_gmt":"2026-04-19T20:28:48","slug":"angliu-kaupimo-dezute-hootec-hopper-l","status":"publish","type":"product","link":"https:\/\/hookahshop.lt\/pl\/produkt\/zasobnik-wegla-hootec-hopper-l\/","title":{"rendered":"Pojemnik na w\u0119giel HOOTEC Hopper L"},"content":{"rendered":"<h2>Pojemnik na w\u0119giel HOOTEC Hopper L<\/h2>\n<p>Hootec HOPPER L to pude\u0142ko do przechowywania w\u0119gla i wygodne w u\u017cyciu<\/p>\n<p>- Unikalny innowacyjny system kontroli sk\u0142adowania i wykorzystania w\u0119gla w obiekcie.<br \/>\n- Przyspiesza i u\u0142atwia prac\u0119 z w\u0119glem<br \/>\n- Pozwala na estetyczne magazynowanie w\u0119gla i nie marnuje czasu<\/p>\n<p><strong>Pojemno\u015b\u0107:<\/strong><br \/>\nBOPER (L) - mie\u015bci 18 kg. w\u0119giel<\/p>\n<p><strong>Charakterystyka:<\/strong><br \/>\nWysoko\u015b\u0107: 600 mm<br \/>\nSzeroko\u015b\u0107: 405mm<br \/>\nD\u0142ugo\u015b\u0107: 405mm<br \/>\nWaga: oko\u0142o 4600 gr<\/p>\n<p>Czy masz jakie\u015b pytania? Skontaktuj si\u0119 z nami\u00a0<a href=\"https:\/\/hookahshop.lt\/pl\/lacznosc\/\">strona z kontaktami<\/a>\u00a0lub napisz do nas na adres\u00a0<a href=\"https:\/\/facebook.com\/HookahShop.lt\/\" target=\"_blank\" rel=\"noopener noreferrer\">konto na Facebooku<\/a>\u00a0a my odpowiemy na Twoj\u0105 pro\u015bb\u0119 tego samego dnia.<\/p>","protected":false},"excerpt":{"rendered":"<p>Skrzynia do przechowywania w\u0119gla HOOTEC Hopper L Hootec HOPPER L to skrzynia do przechowywania w\u0119gla i wygodnego u\u017cytkowania - Unikalny innowacyjny system sterowania magazynowaniem i wykorzystaniem w\u0119gla w zak\u0142adzie. - Przyspiesza i u\u0142atwia prac\u0119 z w\u0119glem - Pozwala estetycznie akumulowa\u0107 w\u0119giel i nie traci\u0107 czasu Pojemno\u015b\u0107: BOPER (L) - mie\u015bci 18 kg. carbon Charakterystyka: Wysoko\u015b\u0107: 600 mm Szeroko\u015b\u0107: 405 mm [\u2026]<\/p>","protected":false},"featured_media":22078,"comment_status":"open","ping_status":"closed","template":"","meta":[],"_links":{"self":[{"href":"https:\/\/hookahshop.lt\/pl\/wp-json\/wp\/v2\/product\/22077"}],"collection":[{"href":"https:\/\/hookahshop.lt\/pl\/wp-json\/wp\/v2\/product"}],"about":[{"href":"https:\/\/hookahshop.lt\/pl\/wp-json\/wp\/v2\/types\/product"}],"replies":[{"embeddable":true,"href":"https:\/\/hookahshop.lt\/pl\/wp-json\/wp\/v2\/comments?post=22077"}],"version-history":[{"count":4,"href":"https:\/\/hookahshop.lt\/pl\/wp-json\/wp\/v2\/product\/22077\/revisions"}],"predecessor-version":[{"id":32764,"href":"https:\/\/hookahshop.lt\/pl\/wp-json\/wp\/v2\/product\/22077\/revisions\/32764"}],"wp:featuredmedia":[{"embeddable":true,"href":"https:\/\/hookahshop.lt\/pl\/wp-json\/wp\/v2\/media\/22078"}],"wp:attachment":[{"href":"https:\/\/hookahshop.lt\/pl\/wp-json\/wp\/v2\/media?parent=22077"}],"curies":[{"name":"wp","href":"https:\/\/api.w.org\/{rel}","templated":true}]}}