{"id":22081,"date":"2021-04-23T15:36:43","date_gmt":"2021-04-23T12:36:43","guid":{"rendered":"https:\/\/hookahshop.lt\/?post_type=product&#038;p=22081"},"modified":"2026-04-14T23:28:40","modified_gmt":"2026-04-14T20:28:40","slug":"angliu-kaupimo-dezute-hootec-hopper-m","status":"publish","type":"product","link":"https:\/\/hookahshop.lt\/pl\/produkt\/skrzynka-akumulacyjna-wegla-hootec-hopper-m\/","title":{"rendered":"Pojemnik na w\u0119giel HOOTEC Hopper M"},"content":{"rendered":"<h2>Pojemnik na w\u0119giel HOOTEC Hopper M<\/h2>\n<p>Hootec HOPPER L to pude\u0142ko do przechowywania w\u0119gla i wygodne w u\u017cyciu<\/p>\n<p>- Unikalny innowacyjny system kontroli sk\u0142adowania i wykorzystania w\u0119gla w obiekcie.<br \/>\n- Przyspiesza i u\u0142atwia prac\u0119 z w\u0119glem<br \/>\n- Pozwala na estetyczne magazynowanie w\u0119gla i nie marnuje czasu<\/p>\n<p><strong>Pojemno\u015b\u0107:<\/strong><br \/>\n- BOPER (M) - mie\u015bci 9 kg. w\u0119giel<\/p>\n<p><strong>Charakterystyka:<\/strong><br \/>\nWysoko\u015b\u0107: 500 mm<br \/>\nSzeroko\u015b\u0107: 356 mm<br \/>\nD\u0142ugo\u015b\u0107: 395mm<br \/>\nWaga: oko\u0142o 3015 g<\/p>\n<p>Czy masz jakie\u015b pytania? Skontaktuj si\u0119 z nami\u00a0<a href=\"https:\/\/hookahshop.lt\/pl\/lacznosc\/\">strona z kontaktami<\/a>\u00a0lub napisz do nas na adres\u00a0<a href=\"https:\/\/facebook.com\/HookahShop.lt\/\" target=\"_blank\" rel=\"noopener noreferrer\">konto na Facebooku<\/a>\u00a0a my odpowiemy na Twoj\u0105 pro\u015bb\u0119 tego samego dnia.<\/p>","protected":false},"excerpt":{"rendered":"<p>Skrzynia do przechowywania w\u0119gla HOOTEC Hopper M Hootec HOPPER L to skrzynia do przechowywania i wygodnego wykorzystania w\u0119gla - Unikalny, innowacyjny system kontroli magazynowania i wykorzystania w\u0119gla w zak\u0142adzie. - Przyspiesza i u\u0142atwia prac\u0119 z w\u0119glem - Umo\u017cliwia estetyczne akumulowanie w\u0119gla i oszcz\u0119dno\u015b\u0107 czasu Pojemno\u015b\u0107: - BOPER (M) - mie\u015bci 9 kg. carbon Charakterystyka: Wysoko\u015b\u0107: 500 mm Szeroko\u015b\u0107: [\u2026]<\/p>","protected":false},"featured_media":22082,"comment_status":"open","ping_status":"closed","template":"","meta":[],"_links":{"self":[{"href":"https:\/\/hookahshop.lt\/pl\/wp-json\/wp\/v2\/product\/22081"}],"collection":[{"href":"https:\/\/hookahshop.lt\/pl\/wp-json\/wp\/v2\/product"}],"about":[{"href":"https:\/\/hookahshop.lt\/pl\/wp-json\/wp\/v2\/types\/product"}],"replies":[{"embeddable":true,"href":"https:\/\/hookahshop.lt\/pl\/wp-json\/wp\/v2\/comments?post=22081"}],"version-history":[{"count":2,"href":"https:\/\/hookahshop.lt\/pl\/wp-json\/wp\/v2\/product\/22081\/revisions"}],"predecessor-version":[{"id":24461,"href":"https:\/\/hookahshop.lt\/pl\/wp-json\/wp\/v2\/product\/22081\/revisions\/24461"}],"wp:featuredmedia":[{"embeddable":true,"href":"https:\/\/hookahshop.lt\/pl\/wp-json\/wp\/v2\/media\/22082"}],"wp:attachment":[{"href":"https:\/\/hookahshop.lt\/pl\/wp-json\/wp\/v2\/media?parent=22081"}],"curies":[{"name":"wp","href":"https:\/\/api.w.org\/{rel}","templated":true}]}}