{"id":22113,"date":"2021-04-24T15:27:54","date_gmt":"2021-04-24T12:27:54","guid":{"rendered":"https:\/\/hookahshop.lt\/?post_type=product&#038;p=22113"},"modified":"2026-04-11T23:29:13","modified_gmt":"2026-04-11T20:29:13","slug":"taurele-kaljanui-art-bar-killer-v01","status":"publish","type":"product","link":"https:\/\/hookahshop.lt\/pl\/produkt\/szisza-szklana-art-bar-killer-v01\/","title":{"rendered":"Kubek do fajki wodnej ART BAR Killer V01"},"content":{"rendered":"<h2>Kubek do fajki wodnej ART BAR Killer V01<\/h2>\n<p>Firma ART BAR s\u0142ynie z wysokiej jako\u015bci okular\u00f3w. Wykonane s\u0105 z wysokiej jako\u015bci gliny i wy\u0142\u0105cznie r\u0119cznie. Obj\u0119to\u015b\u0107 wynosi oko\u0142o 15 -17 gram\u00f3w.<\/p>\n<p><strong>Charakterystyka:<\/strong><br \/>\nWysoko\u015b\u0107: 110mm<br \/>\n\u015arednica (zewn\u0119trzna): 73 mm<br \/>\n\u015arednica (wewn\u0119trzna): 61 mm<br \/>\nG\u0142\u0119boko\u015b\u0107: 16mm<br \/>\n\u015arednica otworu: 10mm<br \/>\nLiczba otwor\u00f3w: 5 szt<br \/>\nWaga: oko\u0142o 226 g.<\/p>\n<p>Czy masz jakie\u015b pytania? Skontaktuj si\u0119 z nami\u00a0<a href=\"https:\/\/hookahshop.lt\/pl\/lacznosc\/\">strona z kontaktami<\/a>\u00a0lub napisz do nas na adres\u00a0<a href=\"https:\/\/facebook.com\/HookahShop.lt\/\" target=\"_blank\" rel=\"noopener noreferrer\">konto na Facebooku<\/a>\u00a0a my odpowiemy na Twoj\u0105 pro\u015bb\u0119 tego samego dnia.<\/p>","protected":false},"excerpt":{"rendered":"<p>Fili\u017canka do fajki wodnej ART BAR Killer V01 Firma ART BAR s\u0142ynie z wysokiej jako\u015bci fili\u017canek. Wykonane s\u0105 z wysokiej jako\u015bci gliny i wy\u0142\u0105cznie r\u0119cznie. Obj\u0119to\u015b\u0107 wynosi oko\u0142o 15 -17 gram\u00f3w. Charakterystyka: Wysoko\u015b\u0107: 110mm \u015arednica (zewn\u0119trzna): 73mm \u015arednica (wewn\u0119trzna): 61mm G\u0142\u0119boko\u015b\u0107: 16mm \u015arednica otworu: 10mm Ilo\u015b\u0107 otwor\u00f3w: 5 szt. Waga: ok. 226 g. Czy masz jakie\u015b pytania? Skontaktuj si\u0119 [\u2026]<\/p>","protected":false},"featured_media":22114,"comment_status":"open","ping_status":"closed","template":"","meta":[],"_links":{"self":[{"href":"https:\/\/hookahshop.lt\/pl\/wp-json\/wp\/v2\/product\/22113"}],"collection":[{"href":"https:\/\/hookahshop.lt\/pl\/wp-json\/wp\/v2\/product"}],"about":[{"href":"https:\/\/hookahshop.lt\/pl\/wp-json\/wp\/v2\/types\/product"}],"replies":[{"embeddable":true,"href":"https:\/\/hookahshop.lt\/pl\/wp-json\/wp\/v2\/comments?post=22113"}],"version-history":[{"count":4,"href":"https:\/\/hookahshop.lt\/pl\/wp-json\/wp\/v2\/product\/22113\/revisions"}],"predecessor-version":[{"id":27512,"href":"https:\/\/hookahshop.lt\/pl\/wp-json\/wp\/v2\/product\/22113\/revisions\/27512"}],"wp:featuredmedia":[{"embeddable":true,"href":"https:\/\/hookahshop.lt\/pl\/wp-json\/wp\/v2\/media\/22114"}],"wp:attachment":[{"href":"https:\/\/hookahshop.lt\/pl\/wp-json\/wp\/v2\/media?parent=22113"}],"curies":[{"name":"wp","href":"https:\/\/api.w.org\/{rel}","templated":true}]}}