{"id":22125,"date":"2021-04-24T15:44:56","date_gmt":"2021-04-24T12:44:56","guid":{"rendered":"https:\/\/hookahshop.lt\/?post_type=product&#038;p=22125"},"modified":"2026-04-16T23:29:32","modified_gmt":"2026-04-16T20:29:32","slug":"taurele-kaljanui-art-bar-king","status":"publish","type":"product","link":"https:\/\/hookahshop.lt\/pl\/produkt\/szklo-do-szisza-sztuka-bar-king\/","title":{"rendered":"Kubek do fajki wodnej ART BAR King"},"content":{"rendered":"<h2>Kubek do fajki wodnej ART BAR King<\/h2>\n<p>Firma ART BAR s\u0142ynie z wysokiej jako\u015bci okular\u00f3w. Wykonane s\u0105 z wysokiej jako\u015bci gliny i wy\u0142\u0105cznie r\u0119cznie.<\/p>\n<p><strong>Charakterystyka:<\/strong><br \/>\nWysoko\u015b\u0107: 102mm<br \/>\n\u015arednica (zewn\u0119trzna): 75 mm<br \/>\n\u015arednica (wewn\u0119trzna): 64 mm<br \/>\nG\u0142\u0119boko\u015b\u0107: 13mm<br \/>\n\u015arednica otworu: 17mm<br \/>\nLiczba otwor\u00f3w: 1 szt<br \/>\nWaga: oko\u0142o 203 gram\u00f3w<\/p>\n<p>Czy masz jakie\u015b pytania? Skontaktuj si\u0119 z nami\u00a0<a href=\"https:\/\/hookahshop.lt\/pl\/lacznosc\/\">strona z kontaktami<\/a>\u00a0lub napisz do nas na adres\u00a0<a href=\"https:\/\/facebook.com\/HookahShop.lt\/\" target=\"_blank\" rel=\"noopener noreferrer\">konto na Facebooku<\/a>\u00a0a my odpowiemy na Twoj\u0105 pro\u015bb\u0119 tego samego dnia.<\/p>","protected":false},"excerpt":{"rendered":"<p>Fili\u017canka do fajki wodnej ART BAR Firma King ART BAR s\u0142ynie z wysokiej jako\u015bci fili\u017canek. Wykonane s\u0105 z wysokiej jako\u015bci gliny i wy\u0142\u0105cznie r\u0119cznie. Charakterystyka: Wysoko\u015b\u0107: 102mm \u015arednica (zewn\u0119trzna): 75mm \u015arednica (wewn\u0119trzna): 64mm G\u0142\u0119boko\u015b\u0107: 13mm \u015arednica otworu: 17mm Ilo\u015b\u0107 otwor\u00f3w: 1szt Waga: oko\u0142o 203 gramy Masz pytania? Skontaktuj si\u0119 z nami na stronie kontaktowej lub napisz do nas na Facebooku [...]<\/p>","protected":false},"featured_media":22126,"comment_status":"open","ping_status":"closed","template":"","meta":[],"_links":{"self":[{"href":"https:\/\/hookahshop.lt\/pl\/wp-json\/wp\/v2\/product\/22125"}],"collection":[{"href":"https:\/\/hookahshop.lt\/pl\/wp-json\/wp\/v2\/product"}],"about":[{"href":"https:\/\/hookahshop.lt\/pl\/wp-json\/wp\/v2\/types\/product"}],"replies":[{"embeddable":true,"href":"https:\/\/hookahshop.lt\/pl\/wp-json\/wp\/v2\/comments?post=22125"}],"version-history":[{"count":3,"href":"https:\/\/hookahshop.lt\/pl\/wp-json\/wp\/v2\/product\/22125\/revisions"}],"predecessor-version":[{"id":39800,"href":"https:\/\/hookahshop.lt\/pl\/wp-json\/wp\/v2\/product\/22125\/revisions\/39800"}],"wp:featuredmedia":[{"embeddable":true,"href":"https:\/\/hookahshop.lt\/pl\/wp-json\/wp\/v2\/media\/22126"}],"wp:attachment":[{"href":"https:\/\/hookahshop.lt\/pl\/wp-json\/wp\/v2\/media?parent=22125"}],"curies":[{"name":"wp","href":"https:\/\/api.w.org\/{rel}","templated":true}]}}