{"id":22129,"date":"2021-04-24T15:54:12","date_gmt":"2021-04-24T12:54:12","guid":{"rendered":"https:\/\/hookahshop.lt\/?post_type=product&#038;p=22129"},"modified":"2026-04-15T23:29:09","modified_gmt":"2026-04-15T20:29:09","slug":"taurele-kaljanui-art-bar-art-bar","status":"publish","type":"product","link":"https:\/\/hookahshop.lt\/pl\/produkt\/szklana-fajka-wodna-art-bar-art-bar\/","title":{"rendered":"Kubek do fajki wodnej ART BAR Art Bar"},"content":{"rendered":"<h2>Kubek do fajki wodnej ART BAR Art Bar<\/h2>\n<p>Firma ART BAR s\u0142ynie z wysokiej jako\u015bci okular\u00f3w. Wykonane s\u0105 z wysokiej jako\u015bci gliny i wy\u0142\u0105cznie r\u0119cznie.<\/p>\n<p><strong>Charakterystyka:<\/strong><br \/>\nWysoko\u015b\u0107: 92 mm<br \/>\n\u015arednica (zewn\u0119trzna): 73 mm<br \/>\n\u015arednica (wewn\u0119trzna): 62 mm<br \/>\nG\u0142\u0119boko\u015b\u0107: 20 mm<br \/>\n\u015arednica otworu: 8 mm<br \/>\nLiczba otwor\u00f3w: 5 szt<br \/>\nWaga: oko\u0142o 271 gram\u00f3w<\/p>\n<p>Czy masz jakie\u015b pytania? Skontaktuj si\u0119 z nami\u00a0<a href=\"https:\/\/hookahshop.lt\/pl\/lacznosc\/\">strona z kontaktami<\/a>\u00a0lub napisz do nas na adres\u00a0<a href=\"https:\/\/facebook.com\/HookahShop.lt\/\" target=\"_blank\" rel=\"noopener noreferrer\">konto na Facebooku<\/a>\u00a0a my odpowiemy na Twoj\u0105 pro\u015bb\u0119 tego samego dnia.<\/p>","protected":false},"excerpt":{"rendered":"<p>Fili\u017canka do fajki wodnej ART BAR Art Bar Firma ART BAR s\u0142ynie z wysokiej jako\u015bci fili\u017canek. Wykonane s\u0105 z wysokiej jako\u015bci gliny i wy\u0142\u0105cznie r\u0119cznie. Charakterystyka: Wysoko\u015b\u0107: 92 mm \u015arednica (zewn\u0119trzna): 73 mm \u015arednica (wewn\u0119trzna): 62 mm G\u0142\u0119boko\u015b\u0107: 20 mm \u015arednica otworu: 8 mm Ilo\u015b\u0107 otwor\u00f3w: 5 szt. Waga: oko\u0142o 271 gram\u00f3w Masz pytania? Skontaktuj si\u0119 z nami na stronie kontaktowej lub napisz do nas [...]<\/p>","protected":false},"featured_media":22130,"comment_status":"open","ping_status":"closed","template":"","meta":[],"_links":{"self":[{"href":"https:\/\/hookahshop.lt\/pl\/wp-json\/wp\/v2\/product\/22129"}],"collection":[{"href":"https:\/\/hookahshop.lt\/pl\/wp-json\/wp\/v2\/product"}],"about":[{"href":"https:\/\/hookahshop.lt\/pl\/wp-json\/wp\/v2\/types\/product"}],"replies":[{"embeddable":true,"href":"https:\/\/hookahshop.lt\/pl\/wp-json\/wp\/v2\/comments?post=22129"}],"version-history":[{"count":4,"href":"https:\/\/hookahshop.lt\/pl\/wp-json\/wp\/v2\/product\/22129\/revisions"}],"predecessor-version":[{"id":39793,"href":"https:\/\/hookahshop.lt\/pl\/wp-json\/wp\/v2\/product\/22129\/revisions\/39793"}],"wp:featuredmedia":[{"embeddable":true,"href":"https:\/\/hookahshop.lt\/pl\/wp-json\/wp\/v2\/media\/22130"}],"wp:attachment":[{"href":"https:\/\/hookahshop.lt\/pl\/wp-json\/wp\/v2\/media?parent=22129"}],"curies":[{"name":"wp","href":"https:\/\/api.w.org\/{rel}","templated":true}]}}