{"id":22142,"date":"2021-04-24T16:14:05","date_gmt":"2021-04-24T13:14:05","guid":{"rendered":"https:\/\/hookahshop.lt\/?post_type=product&#038;p=22142"},"modified":"2026-04-26T23:29:33","modified_gmt":"2026-04-26T20:29:33","slug":"taurele-kaljanui-art-bar-killer","status":"publish","type":"product","link":"https:\/\/hookahshop.lt\/pl\/produkt\/szklana-fajka-wodna-sztuka-bar-zabojca\/","title":{"rendered":"Miska na fajki wodne ART BAR Killer 2"},"content":{"rendered":"<h2>Miska na fajki wodne ART BAR Killer 2<\/h2>\n<p>Firma ART BAR s\u0142ynie z wysokiej jako\u015bci okular\u00f3w. Wykonane s\u0105 z wysokiej jako\u015bci gliny i wy\u0142\u0105cznie r\u0119cznie. Obj\u0119to\u015b\u0107 wynosi oko\u0142o 15-17 gram\u00f3w.<\/p>\n<p><strong>Charakterystyka:<\/strong><br \/>\nWysoko\u015b\u0107: 107 mm<br \/>\n\u015arednica (zewn\u0119trzna): 70 mm<br \/>\n\u015arednica (wewn\u0119trzna): 60 mm<br \/>\nG\u0142\u0119boko\u015b\u0107: 16mm<br \/>\n\u015arednica otworu: 10mm<br \/>\nLiczba otwor\u00f3w: 5 szt<br \/>\nWaga: 198 gram\u00f3w<\/p>\n<p>Czy masz jakie\u015b pytania? Skontaktuj si\u0119 z nami\u00a0<a href=\"https:\/\/hookahshop.lt\/pl\/lacznosc\/\">strona z kontaktami<\/a>\u00a0lub napisz do nas na adres\u00a0<a href=\"https:\/\/facebook.com\/HookahShop.lt\/\" target=\"_blank\" rel=\"noopener noreferrer\">konto na Facebooku<\/a>\u00a0a my odpowiemy na Twoj\u0105 pro\u015bb\u0119 tego samego dnia.<\/p>","protected":false},"excerpt":{"rendered":"<p>Kubek do fajki wodnej ART BAR Killer 2 Firma ART BAR s\u0142ynie z wysokiej jako\u015bci kubk\u00f3w. Wykonane s\u0105 z wysokiej jako\u015bci gliny i wy\u0142\u0105cznie r\u0119cznie. Obj\u0119to\u015b\u0107 oko\u0142o 15-17 gram\u00f3w. Charakterystyka: Wysoko\u015b\u0107: 107mm \u015arednica (zewn\u0119trzna): 70 mm \u015arednica (wewn\u0119trzna): 60 mm G\u0142\u0119boko\u015b\u0107: 16mm \u015arednica otworu: 10mm Ilo\u015b\u0107 otwor\u00f3w: 5 szt. Waga: 198 gram\u00f3w Masz pytania? Skontaktuj si\u0119 z nami na stronie kontaktowej lub [\u2026]<\/p>","protected":false},"featured_media":40713,"comment_status":"open","ping_status":"closed","template":"","meta":[],"_links":{"self":[{"href":"https:\/\/hookahshop.lt\/pl\/wp-json\/wp\/v2\/product\/22142"}],"collection":[{"href":"https:\/\/hookahshop.lt\/pl\/wp-json\/wp\/v2\/product"}],"about":[{"href":"https:\/\/hookahshop.lt\/pl\/wp-json\/wp\/v2\/types\/product"}],"replies":[{"embeddable":true,"href":"https:\/\/hookahshop.lt\/pl\/wp-json\/wp\/v2\/comments?post=22142"}],"version-history":[{"count":4,"href":"https:\/\/hookahshop.lt\/pl\/wp-json\/wp\/v2\/product\/22142\/revisions"}],"predecessor-version":[{"id":40735,"href":"https:\/\/hookahshop.lt\/pl\/wp-json\/wp\/v2\/product\/22142\/revisions\/40735"}],"wp:featuredmedia":[{"embeddable":true,"href":"https:\/\/hookahshop.lt\/pl\/wp-json\/wp\/v2\/media\/40713"}],"wp:attachment":[{"href":"https:\/\/hookahshop.lt\/pl\/wp-json\/wp\/v2\/media?parent=22142"}],"curies":[{"name":"wp","href":"https:\/\/api.w.org\/{rel}","templated":true}]}}