{"id":22146,"date":"2021-04-24T16:18:22","date_gmt":"2021-04-24T13:18:22","guid":{"rendered":"https:\/\/hookahshop.lt\/?post_type=product&#038;p=22146"},"modified":"2026-04-22T23:29:23","modified_gmt":"2026-04-22T20:29:23","slug":"taurele-kaljanui-art-bar-killer-v02","status":"publish","type":"product","link":"https:\/\/hookahshop.lt\/pl\/produkt\/kubek-szisza-art-bar-killer-v02\/","title":{"rendered":"Kubek do fajki wodnej ART BAR Killer V02"},"content":{"rendered":"<h2>Kubek do fajki wodnej ART BAR Killer V02<\/h2>\n<p>Firma ART BAR s\u0142ynie z wysokiej jako\u015bci okular\u00f3w. Wykonane s\u0105 z wysokiej jako\u015bci gliny i wy\u0142\u0105cznie r\u0119cznie. Obj\u0119to\u015b\u0107 wynosi oko\u0142o 15-17 gram\u00f3w.<\/p>\n<p><strong>Charakterystyka:<\/strong><br \/>\nWysoko\u015b\u0107: 110mm<br \/>\n\u015arednica (zewn\u0119trzna): 74 mm<br \/>\n\u015arednica (wewn\u0119trzna): 61 mm<br \/>\nG\u0142\u0119boko\u015b\u0107: 16mm<br \/>\n\u015arednica otworu: 9mm<br \/>\nLiczba otwor\u00f3w: 5 szt<br \/>\nWaga: oko\u0142o 225 gram\u00f3w<\/p>\n<p>Czy masz jakie\u015b pytania? Skontaktuj si\u0119 z nami\u00a0<a href=\"https:\/\/hookahshop.lt\/pl\/lacznosc\/\">strona z kontaktami<\/a>\u00a0lub napisz do nas na adres\u00a0<a href=\"https:\/\/facebook.com\/HookahShop.lt\/\" target=\"_blank\" rel=\"noopener noreferrer\">konto na Facebooku<\/a>\u00a0a my odpowiemy na Twoj\u0105 pro\u015bb\u0119 tego samego dnia.<\/p>","protected":false},"excerpt":{"rendered":"<p>Fili\u017canka do fajki wodnej ART BAR Killer V02 Firma ART BAR s\u0142ynie z wysokiej jako\u015bci fili\u017canek. Wykonane s\u0105 z wysokiej jako\u015bci gliny i wy\u0142\u0105cznie r\u0119cznie. Obj\u0119to\u015b\u0107 wynosi oko\u0142o 15-17 gram\u00f3w. Charakterystyka: Wysoko\u015b\u0107: 110mm \u015arednica (zewn\u0119trzna): 74mm \u015arednica (wewn\u0119trzna): 61mm G\u0142\u0119boko\u015b\u0107: 16mm \u015arednica otworu: 9mm Ilo\u015b\u0107 otwor\u00f3w: 5 szt. Waga: oko\u0142o 225 gram\u00f3w Masz pytania? Skontaktuj si\u0119 z nami poprzez nasz kontakt [\u2026]<\/p>","protected":false},"featured_media":22147,"comment_status":"open","ping_status":"closed","template":"","meta":[],"_links":{"self":[{"href":"https:\/\/hookahshop.lt\/pl\/wp-json\/wp\/v2\/product\/22146"}],"collection":[{"href":"https:\/\/hookahshop.lt\/pl\/wp-json\/wp\/v2\/product"}],"about":[{"href":"https:\/\/hookahshop.lt\/pl\/wp-json\/wp\/v2\/types\/product"}],"replies":[{"embeddable":true,"href":"https:\/\/hookahshop.lt\/pl\/wp-json\/wp\/v2\/comments?post=22146"}],"version-history":[{"count":4,"href":"https:\/\/hookahshop.lt\/pl\/wp-json\/wp\/v2\/product\/22146\/revisions"}],"predecessor-version":[{"id":39797,"href":"https:\/\/hookahshop.lt\/pl\/wp-json\/wp\/v2\/product\/22146\/revisions\/39797"}],"wp:featuredmedia":[{"embeddable":true,"href":"https:\/\/hookahshop.lt\/pl\/wp-json\/wp\/v2\/media\/22147"}],"wp:attachment":[{"href":"https:\/\/hookahshop.lt\/pl\/wp-json\/wp\/v2\/media?parent=22146"}],"curies":[{"name":"wp","href":"https:\/\/api.w.org\/{rel}","templated":true}]}}