{"id":22155,"date":"2021-04-24T16:27:25","date_gmt":"2021-04-24T13:27:25","guid":{"rendered":"https:\/\/hookahshop.lt\/?post_type=product&#038;p=22155"},"modified":"2026-04-15T12:29:14","modified_gmt":"2026-04-15T09:29:14","slug":"taurele-kaljanui-art-bar-sun","status":"publish","type":"product","link":"https:\/\/hookahshop.lt\/pl\/produkt\/szklana-fajka-wodna-art-bar-sun\/","title":{"rendered":"Kubek do fajki wodnej ART BAR Sun"},"content":{"rendered":"<h2>Kubek do fajki wodnej ART BAR Sun<\/h2>\n<p>Firma ART BAR s\u0142ynie z wysokiej jako\u015bci okular\u00f3w. Wykonane s\u0105 z wysokiej jako\u015bci gliny i wy\u0142\u0105cznie r\u0119cznie. Obj\u0119to\u015b\u0107 wynosi oko\u0142o 15-17 gram\u00f3w.<\/p>\n<p><strong>Charakterystyka:<\/strong><br \/>\nWysoko\u015b\u0107: 110mm<br \/>\n\u015arednica (zewn\u0119trzna): 72 mm<br \/>\n\u015arednica (wewn\u0119trzna): 61 mm<br \/>\nG\u0142\u0119boko\u015b\u0107: 16mm<br \/>\n\u015arednica otworu: 10mm<br \/>\nLiczba otwor\u00f3w: 5 szt<br \/>\nWaga: oko\u0142o 226 gram\u00f3w<\/p>\n<p>Czy masz jakie\u015b pytania? Skontaktuj si\u0119 z nami\u00a0<a href=\"https:\/\/hookahshop.lt\/pl\/lacznosc\/\">strona z kontaktami<\/a>\u00a0lub napisz do nas na adres\u00a0<a href=\"https:\/\/facebook.com\/HookahShop.lt\/\" target=\"_blank\" rel=\"noopener noreferrer\">konto na Facebooku<\/a>\u00a0a my odpowiemy na Twoj\u0105 pro\u015bb\u0119 tego samego dnia.<\/p>","protected":false},"excerpt":{"rendered":"<p>Fili\u017canka do fajki wodnej ART BAR Firma Sun ART BAR s\u0142ynie z wysokiej jako\u015bci fili\u017canek. Wykonane s\u0105 z wysokiej jako\u015bci gliny i wy\u0142\u0105cznie r\u0119cznie. Obj\u0119to\u015b\u0107 wynosi oko\u0142o 15-17 gram\u00f3w. Charakterystyka: Wysoko\u015b\u0107: 110mm \u015arednica (zewn\u0119trzna): 72mm \u015arednica (wewn\u0119trzna): 61mm G\u0142\u0119boko\u015b\u0107: 16mm \u015arednica otworu: 10mm Ilo\u015b\u0107 otwor\u00f3w: 5 szt. Waga: ok. 226 gram\u00f3w Masz pytania? Skontaktuj si\u0119 z nami na stronie kontaktowej lub [\u2026]<\/p>","protected":false},"featured_media":22156,"comment_status":"open","ping_status":"closed","template":"","meta":[],"_links":{"self":[{"href":"https:\/\/hookahshop.lt\/pl\/wp-json\/wp\/v2\/product\/22155"}],"collection":[{"href":"https:\/\/hookahshop.lt\/pl\/wp-json\/wp\/v2\/product"}],"about":[{"href":"https:\/\/hookahshop.lt\/pl\/wp-json\/wp\/v2\/types\/product"}],"replies":[{"embeddable":true,"href":"https:\/\/hookahshop.lt\/pl\/wp-json\/wp\/v2\/comments?post=22155"}],"version-history":[{"count":3,"href":"https:\/\/hookahshop.lt\/pl\/wp-json\/wp\/v2\/product\/22155\/revisions"}],"predecessor-version":[{"id":39801,"href":"https:\/\/hookahshop.lt\/pl\/wp-json\/wp\/v2\/product\/22155\/revisions\/39801"}],"wp:featuredmedia":[{"embeddable":true,"href":"https:\/\/hookahshop.lt\/pl\/wp-json\/wp\/v2\/media\/22156"}],"wp:attachment":[{"href":"https:\/\/hookahshop.lt\/pl\/wp-json\/wp\/v2\/media?parent=22155"}],"curies":[{"name":"wp","href":"https:\/\/api.w.org\/{rel}","templated":true}]}}