{"id":22163,"date":"2021-04-24T16:35:07","date_gmt":"2021-04-24T13:35:07","guid":{"rendered":"https:\/\/hookahshop.lt\/?post_type=product&#038;p=22163"},"modified":"2026-04-18T23:29:02","modified_gmt":"2026-04-18T20:29:02","slug":"taurele-kaljanui-art-bar-turkish-v03","status":"publish","type":"product","link":"https:\/\/hookahshop.lt\/pl\/produkt\/kubek-szisza-art-bar-turkish-v03\/","title":{"rendered":"Kubek do fajki wodnej ART BAR Turecki V03"},"content":{"rendered":"<h2>Kubek do fajki wodnej ART BAR Turecki V03<\/h2>\n<p>Firma ART BAR s\u0142ynie z wysokiej jako\u015bci okular\u00f3w. Wykonane s\u0105 z wysokiej jako\u015bci gliny i wy\u0142\u0105cznie r\u0119cznie. Obj\u0119to\u015b\u0107 oko\u0142o 15 gram\u00f3w.<\/p>\n<p><strong>Charakterystyka:<\/strong><br \/>\nWysoko\u015b\u0107: 93 mm<br \/>\n\u015arednica (zewn\u0119trzna): 72 mm<br \/>\n\u015arednica (wewn\u0119trzna): 60 mm<br \/>\nG\u0142\u0119boko\u015b\u0107: 19mm<br \/>\n\u015arednica otworu: 7 mm<br \/>\nLiczba otwor\u00f3w: 5 szt<br \/>\nWaga: oko\u0142o 241 gram\u00f3w<\/p>\n<p>Czy masz jakie\u015b pytania? Skontaktuj si\u0119 z nami\u00a0<a href=\"https:\/\/hookahshop.lt\/pl\/lacznosc\/\">strona z kontaktami<\/a>\u00a0lub napisz do nas na adres\u00a0<a href=\"https:\/\/facebook.com\/HookahShop.lt\/\" target=\"_blank\" rel=\"noopener noreferrer\">konto na Facebooku<\/a>\u00a0a my odpowiemy na Twoj\u0105 pro\u015bb\u0119 tego samego dnia.<\/p>","protected":false},"excerpt":{"rendered":"<p>Kubek do fajki wodnej ART BAR Turkish V03 Firma ART BAR s\u0142ynie z wysokiej jako\u015bci kubk\u00f3w. Wykonane s\u0105 z wysokiej jako\u015bci gliny i wy\u0142\u0105cznie r\u0119cznie. Obj\u0119to\u015b\u0107 oko\u0142o 15 gram\u00f3w. Charakterystyka: Wysoko\u015b\u0107: 93 mm \u015arednica (zewn\u0119trzna): 72 mm \u015arednica (wewn\u0119trzna): 60 mm G\u0142\u0119boko\u015b\u0107: 19 mm \u015arednica otworu: 7 mm Liczba otwor\u00f3w: 5 szt. Waga: oko\u0142o 241 gram\u00f3w Masz pytania? Skontaktuj si\u0119 z [\u2026]<\/p>","protected":false},"featured_media":22164,"comment_status":"open","ping_status":"closed","template":"","meta":[],"_links":{"self":[{"href":"https:\/\/hookahshop.lt\/pl\/wp-json\/wp\/v2\/product\/22163"}],"collection":[{"href":"https:\/\/hookahshop.lt\/pl\/wp-json\/wp\/v2\/product"}],"about":[{"href":"https:\/\/hookahshop.lt\/pl\/wp-json\/wp\/v2\/types\/product"}],"replies":[{"embeddable":true,"href":"https:\/\/hookahshop.lt\/pl\/wp-json\/wp\/v2\/comments?post=22163"}],"version-history":[{"count":3,"href":"https:\/\/hookahshop.lt\/pl\/wp-json\/wp\/v2\/product\/22163\/revisions"}],"predecessor-version":[{"id":39804,"href":"https:\/\/hookahshop.lt\/pl\/wp-json\/wp\/v2\/product\/22163\/revisions\/39804"}],"wp:featuredmedia":[{"embeddable":true,"href":"https:\/\/hookahshop.lt\/pl\/wp-json\/wp\/v2\/media\/22164"}],"wp:attachment":[{"href":"https:\/\/hookahshop.lt\/pl\/wp-json\/wp\/v2\/media?parent=22163"}],"curies":[{"name":"wp","href":"https:\/\/api.w.org\/{rel}","templated":true}]}}